{"id":9567,"date":"2018-02-19T14:00:47","date_gmt":"2018-02-19T13:00:47","guid":{"rendered":"http:\/\/windeurope.org\/workshops\/?page_id=9567"},"modified":"2018-05-28T12:31:27","modified_gmt":"2018-05-28T10:31:27","slug":"workshop-dinner","status":"publish","type":"page","link":"https:\/\/windeurope.org\/workshops\/analysis-of-operating-wind-farms-2018\/workshop-dinner\/","title":{"rendered":"Workshop dinner"},"content":{"rendered":"<p><img decoding=\"async\" src=\"https:\/\/windeurope.org\/workshops\/wp-content\/uploads\/files\/Tech18a\/pictures\/Vaidilos-theatre.jpg\" \/><br \/>\nWindEurope had the pleasure to invite all the participants to the workshop dinner on 15 May 2018 at the Vaidilos Theatre, exceptional, Neo-Gothic, 19th century house in the city center.<\/p>\n<p>The dinner featured speeches by \u017dygimantas Vai\u010di\u016bnas, Minister of Energy of the Republic of Lithuania and Giles Dickson, CEO WindEurope.<br \/>\n<!--\n\n\n<h3>Address<\/h3>\n\n\nThe Vaidilos Theatre is located at walking distance from the Hotel Radisson Blu (15 minutes) and Holiday Inn. It takes app. 20 minutes by taxi to reach it from the workshop venue.\n\nThe address of the workshop dinner venue is:\n\nVaidilos Theatre\nA. Jak\u0161to g. 9, Vilnius\n\nWe will organise a <strong>group departure<\/strong> (more information will be provided on site).\n\n<iframe loading=\"lazy\" style=\"border: 0;\" src=\"https:\/\/www.google.com\/maps\/embed?pb=!1m14!1m8!1m3!1d9224.502871986093!2d25.2794973!3d54.6898153!3m2!1i1024!2i768!4f13.1!3m3!1m2!1s0x46dd940f9af800f3%3A0xce2cd0fa57b79ab8!2sJ9+Vaidilos+Theater!5e0!3m2!1sen!2sbe!4v1519045180847\" width=\"100%\" height=\"450\" frameborder=\"0\" allowfullscreen=\"allowfullscreen\"><\/iframe>--><\/p>\n","protected":false},"excerpt":{"rendered":"<p>WindEurope had the pleasure to invite all the participants to the workshop dinner on 15 May 2018 at the Vaidilos Theatre, exceptional, Neo-Gothic, 19th century house in the city center. The dinner featured speeches by \u017dygimantas Vai\u010di\u016bnas, Minister of Energy of the Republic of Lithuania and Giles Dickson, CEO WindEurope.<\/p>\n","protected":false},"author":18,"featured_media":0,"parent":9228,"menu_order":0,"comment_status":"closed","ping_status":"closed","template":"","meta":{"footnotes":""},"class_list":["post-9567","page","type-page","status-publish","hentry"],"yoast_head":"<!-- This site is optimized with the Yoast SEO plugin v23.3 - https:\/\/yoast.com\/wordpress\/plugins\/seo\/ -->\n<title>Workshop dinner - WindEurope Workshops<\/title>\n<meta name=\"robots\" content=\"index, follow, max-snippet:-1, max-image-preview:large, max-video-preview:-1\" \/>\n<link rel=\"canonical\" href=\"https:\/\/windeurope.org\/workshops\/analysis-of-operating-wind-farms-2018\/workshop-dinner\/\" \/>\n<meta property=\"og:locale\" content=\"en_US\" \/>\n<meta property=\"og:type\" content=\"article\" \/>\n<meta property=\"og:title\" content=\"Workshop dinner - WindEurope Workshops\" \/>\n<meta property=\"og:description\" content=\"WindEurope had the pleasure to invite all the participants to the workshop dinner on 15 May 2018 at the Vaidilos Theatre, exceptional, Neo-Gothic, 19th century house in the city center. The dinner featured speeches by \u017dygimantas Vai\u010di\u016bnas, Minister of Energy of the Republic of Lithuania and Giles Dickson, CEO WindEurope.\" \/>\n<meta property=\"og:url\" content=\"https:\/\/windeurope.org\/workshops\/analysis-of-operating-wind-farms-2018\/workshop-dinner\/\" \/>\n<meta property=\"og:site_name\" content=\"WindEurope Workshops\" \/>\n<meta property=\"article:modified_time\" content=\"2018-05-28T10:31:27+00:00\" \/>\n<meta property=\"og:image\" content=\"https:\/\/windeurope.org\/workshops\/wp-content\/uploads\/files\/Tech18a\/pictures\/Vaidilos-theatre.jpg\" \/>\n<script type=\"application\/ld+json\" class=\"yoast-schema-graph\">{\"@context\":\"https:\/\/schema.org\",\"@graph\":[{\"@type\":\"WebPage\",\"@id\":\"https:\/\/windeurope.org\/workshops\/analysis-of-operating-wind-farms-2018\/workshop-dinner\/\",\"url\":\"https:\/\/windeurope.org\/workshops\/analysis-of-operating-wind-farms-2018\/workshop-dinner\/\",\"name\":\"Workshop dinner - WindEurope Workshops\",\"isPartOf\":{\"@id\":\"https:\/\/windeurope.org\/workshops\/#website\"},\"primaryImageOfPage\":{\"@id\":\"https:\/\/windeurope.org\/workshops\/analysis-of-operating-wind-farms-2018\/workshop-dinner\/#primaryimage\"},\"image\":{\"@id\":\"https:\/\/windeurope.org\/workshops\/analysis-of-operating-wind-farms-2018\/workshop-dinner\/#primaryimage\"},\"thumbnailUrl\":\"https:\/\/windeurope.org\/workshops\/wp-content\/uploads\/files\/Tech18a\/pictures\/Vaidilos-theatre.jpg\",\"datePublished\":\"2018-02-19T13:00:47+00:00\",\"dateModified\":\"2018-05-28T10:31:27+00:00\",\"breadcrumb\":{\"@id\":\"https:\/\/windeurope.org\/workshops\/analysis-of-operating-wind-farms-2018\/workshop-dinner\/#breadcrumb\"},\"inLanguage\":\"en-US\",\"potentialAction\":[{\"@type\":\"ReadAction\",\"target\":[\"https:\/\/windeurope.org\/workshops\/analysis-of-operating-wind-farms-2018\/workshop-dinner\/\"]}]},{\"@type\":\"ImageObject\",\"inLanguage\":\"en-US\",\"@id\":\"https:\/\/windeurope.org\/workshops\/analysis-of-operating-wind-farms-2018\/workshop-dinner\/#primaryimage\",\"url\":\"https:\/\/windeurope.org\/workshops\/wp-content\/uploads\/files\/Tech18a\/pictures\/Vaidilos-theatre.jpg\",\"contentUrl\":\"https:\/\/windeurope.org\/workshops\/wp-content\/uploads\/files\/Tech18a\/pictures\/Vaidilos-theatre.jpg\"},{\"@type\":\"BreadcrumbList\",\"@id\":\"https:\/\/windeurope.org\/workshops\/analysis-of-operating-wind-farms-2018\/workshop-dinner\/#breadcrumb\",\"itemListElement\":[{\"@type\":\"ListItem\",\"position\":1,\"name\":\"Home \/ Workshops\",\"item\":\"https:\/\/windeurope.org\/workshops\/\"},{\"@type\":\"ListItem\",\"position\":2,\"name\":\"Analysis of Operating Wind Farms 2018\",\"item\":\"https:\/\/windeurope.org\/workshops\/analysis-of-operating-wind-farms-2018\/\"},{\"@type\":\"ListItem\",\"position\":3,\"name\":\"Workshop dinner\"}]},{\"@type\":\"WebSite\",\"@id\":\"https:\/\/windeurope.org\/workshops\/#website\",\"url\":\"https:\/\/windeurope.org\/workshops\/\",\"name\":\"WindEurope Workshops\",\"description\":\"\",\"potentialAction\":[{\"@type\":\"SearchAction\",\"target\":{\"@type\":\"EntryPoint\",\"urlTemplate\":\"https:\/\/windeurope.org\/workshops\/?s={search_term_string}\"},\"query-input\":\"required name=search_term_string\"}],\"inLanguage\":\"en-US\"}]}<\/script>\n<!-- \/ Yoast SEO plugin. -->","yoast_head_json":{"title":"Workshop dinner - WindEurope Workshops","robots":{"index":"index","follow":"follow","max-snippet":"max-snippet:-1","max-image-preview":"max-image-preview:large","max-video-preview":"max-video-preview:-1"},"canonical":"https:\/\/windeurope.org\/workshops\/analysis-of-operating-wind-farms-2018\/workshop-dinner\/","og_locale":"en_US","og_type":"article","og_title":"Workshop dinner - WindEurope Workshops","og_description":"WindEurope had the pleasure to invite all the participants to the workshop dinner on 15 May 2018 at the Vaidilos Theatre, exceptional, Neo-Gothic, 19th century house in the city center. The dinner featured speeches by \u017dygimantas Vai\u010di\u016bnas, Minister of Energy of the Republic of Lithuania and Giles Dickson, CEO WindEurope.","og_url":"https:\/\/windeurope.org\/workshops\/analysis-of-operating-wind-farms-2018\/workshop-dinner\/","og_site_name":"WindEurope Workshops","article_modified_time":"2018-05-28T10:31:27+00:00","og_image":[{"url":"https:\/\/windeurope.org\/workshops\/wp-content\/uploads\/files\/Tech18a\/pictures\/Vaidilos-theatre.jpg"}],"schema":{"@context":"https:\/\/schema.org","@graph":[{"@type":"WebPage","@id":"https:\/\/windeurope.org\/workshops\/analysis-of-operating-wind-farms-2018\/workshop-dinner\/","url":"https:\/\/windeurope.org\/workshops\/analysis-of-operating-wind-farms-2018\/workshop-dinner\/","name":"Workshop dinner - WindEurope Workshops","isPartOf":{"@id":"https:\/\/windeurope.org\/workshops\/#website"},"primaryImageOfPage":{"@id":"https:\/\/windeurope.org\/workshops\/analysis-of-operating-wind-farms-2018\/workshop-dinner\/#primaryimage"},"image":{"@id":"https:\/\/windeurope.org\/workshops\/analysis-of-operating-wind-farms-2018\/workshop-dinner\/#primaryimage"},"thumbnailUrl":"https:\/\/windeurope.org\/workshops\/wp-content\/uploads\/files\/Tech18a\/pictures\/Vaidilos-theatre.jpg","datePublished":"2018-02-19T13:00:47+00:00","dateModified":"2018-05-28T10:31:27+00:00","breadcrumb":{"@id":"https:\/\/windeurope.org\/workshops\/analysis-of-operating-wind-farms-2018\/workshop-dinner\/#breadcrumb"},"inLanguage":"en-US","potentialAction":[{"@type":"ReadAction","target":["https:\/\/windeurope.org\/workshops\/analysis-of-operating-wind-farms-2018\/workshop-dinner\/"]}]},{"@type":"ImageObject","inLanguage":"en-US","@id":"https:\/\/windeurope.org\/workshops\/analysis-of-operating-wind-farms-2018\/workshop-dinner\/#primaryimage","url":"https:\/\/windeurope.org\/workshops\/wp-content\/uploads\/files\/Tech18a\/pictures\/Vaidilos-theatre.jpg","contentUrl":"https:\/\/windeurope.org\/workshops\/wp-content\/uploads\/files\/Tech18a\/pictures\/Vaidilos-theatre.jpg"},{"@type":"BreadcrumbList","@id":"https:\/\/windeurope.org\/workshops\/analysis-of-operating-wind-farms-2018\/workshop-dinner\/#breadcrumb","itemListElement":[{"@type":"ListItem","position":1,"name":"Home \/ Workshops","item":"https:\/\/windeurope.org\/workshops\/"},{"@type":"ListItem","position":2,"name":"Analysis of Operating Wind Farms 2018","item":"https:\/\/windeurope.org\/workshops\/analysis-of-operating-wind-farms-2018\/"},{"@type":"ListItem","position":3,"name":"Workshop dinner"}]},{"@type":"WebSite","@id":"https:\/\/windeurope.org\/workshops\/#website","url":"https:\/\/windeurope.org\/workshops\/","name":"WindEurope Workshops","description":"","potentialAction":[{"@type":"SearchAction","target":{"@type":"EntryPoint","urlTemplate":"https:\/\/windeurope.org\/workshops\/?s={search_term_string}"},"query-input":"required name=search_term_string"}],"inLanguage":"en-US"}]}},"_links":{"self":[{"href":"https:\/\/windeurope.org\/workshops\/wp-json\/wp\/v2\/pages\/9567"}],"collection":[{"href":"https:\/\/windeurope.org\/workshops\/wp-json\/wp\/v2\/pages"}],"about":[{"href":"https:\/\/windeurope.org\/workshops\/wp-json\/wp\/v2\/types\/page"}],"author":[{"embeddable":true,"href":"https:\/\/windeurope.org\/workshops\/wp-json\/wp\/v2\/users\/18"}],"replies":[{"embeddable":true,"href":"https:\/\/windeurope.org\/workshops\/wp-json\/wp\/v2\/comments?post=9567"}],"version-history":[{"count":8,"href":"https:\/\/windeurope.org\/workshops\/wp-json\/wp\/v2\/pages\/9567\/revisions"}],"predecessor-version":[{"id":9812,"href":"https:\/\/windeurope.org\/workshops\/wp-json\/wp\/v2\/pages\/9567\/revisions\/9812"}],"up":[{"embeddable":true,"href":"https:\/\/windeurope.org\/workshops\/wp-json\/wp\/v2\/pages\/9228"}],"wp:attachment":[{"href":"https:\/\/windeurope.org\/workshops\/wp-json\/wp\/v2\/media?parent=9567"}],"curies":[{"name":"wp","href":"https:\/\/api.w.org\/{rel}","templated":true}]}}