{"id":8531,"date":"2016-11-07T16:54:31","date_gmt":"2016-11-07T15:54:31","guid":{"rendered":"http:\/\/windeurope.org\/workshops\/?page_id=8531"},"modified":"2016-11-21T11:46:44","modified_gmt":"2016-11-21T10:46:44","slug":"workshop-dinner","status":"publish","type":"page","link":"https:\/\/windeurope.org\/workshops\/wind-turbine-sound-2016\/workshop-dinner\/","title":{"rendered":"Workshop dinner"},"content":{"rendered":"<h2>Workshop dinner venue<\/h2>\n<p>WindEurope had the pleasure to invite all workshop participants to dinner at the <em>Gda\u0144ski Bowke<\/em>, a unique place in the heart of old Gda\u0144sk that overlooks the city&#8217;s canal.<\/p>\n<div style=\"width: 642px\" class=\"wp-caption aligncenter\"><a href=\"http:\/\/www.gdanskibowke.com\/en\/o-nas\/\"><img loading=\"lazy\" decoding=\"async\" class=\"\" src=\"http:\/\/www.gdanskibowke.com\/en\/wp-content\/gallery\/galeria\/4.jpg\" alt=\"A picture of the front of Gda\u0144ski Bowke\" width=\"632\" height=\"421\" \/><\/a><p class=\"wp-caption-text\">Gda\u0144ski Bowke<\/p><\/div>\n<h3>Address<\/h3>\n<p>The Gda\u0144ski Bowke restaurant is located at walking distance from the workshop venue (15 minutes) and from the Hotel Mercure (10 minutes).<\/p>\n<p>The address of the restaurant is:<br \/>\nD\u0142ugie Pobrze\u017ce 11<br \/>\n80-888 Gda\u0144sk<\/p>\n<p>We organised a <strong>group departure<\/strong> from the workshop venue (more information was provided on site).<\/p>\n<p><iframe loading=\"lazy\" style=\"border: 0;\" src=\"https:\/\/www.google.com\/maps\/embed?pb=!1m18!1m12!1m3!1d2325.4460384454046!2d18.654270816013796!3d54.34909870682818!2m3!1f0!2f0!3f0!3m2!1i1024!2i768!4f13.1!3m3!1m2!1s0x46fd73a05dfad521%3A0xb97ce54097056903!2sGda%C5%84ski+Bowke!5e0!3m2!1sen!2sbe!4v1478619770534\" width=\"600\" height=\"450\" frameborder=\"0\" allowfullscreen=\"allowfullscreen\"><\/iframe><\/p>\n<h3>About Gdanski Bowke<\/h3>\n<p>The Gda\u0144ski Bowke is located on the waterfront of Gda\u0144sk&#8217;s charming canal, where you can still feel the atmosphere of the harbor from more than 200 years ago. The restaurant offers traditional Polish cuisine, fresh baked bread every day, home-made pierogi (Polish dumplings), and a specially brewed natural unpasteurized beer produced exclusively for the restaurant by a small family brewery in accordance with the centuries-old recipes of the best Gda\u0144sk brewers.<\/p>\n<p><img loading=\"lazy\" decoding=\"async\" class=\"aligncenter\" src=\"http:\/\/www.gdanskibowke.com\/en\/wp-content\/gallery\/galeria\/7.jpg\" alt=\"\" width=\"627\" height=\"418\" \/><\/p>\n<p><em>Source: http:\/\/www.gdanskibowke.com\/en\/o-nas\/<br \/>\n<\/em><\/p>\n","protected":false},"excerpt":{"rendered":"<p>Workshop dinner venue WindEurope had the pleasure to invite all workshop participants to dinner at the Gda\u0144ski Bowke, a unique place in the heart of old Gda\u0144sk that overlooks the city&#8217;s canal. Address The Gda\u0144ski Bowke restaurant is located at walking distance from the workshop venue (15 minutes) and from the Hotel Mercure (10 minutes). [&hellip;]<\/p>\n","protected":false},"author":10,"featured_media":0,"parent":7592,"menu_order":9,"comment_status":"closed","ping_status":"closed","template":"","meta":{"footnotes":""},"class_list":["post-8531","page","type-page","status-publish","hentry"],"yoast_head":"<!-- This site is optimized with the Yoast SEO plugin v23.3 - https:\/\/yoast.com\/wordpress\/plugins\/seo\/ -->\n<title>Workshop dinner - Wind Turbine Sound 2016 - WindEurope Workshops<\/title>\n<meta name=\"description\" content=\"The workshop dinner will take place in the heart of Gdansk&#039;s old town, in restaurant Gdanski Bowke.\" \/>\n<meta name=\"robots\" content=\"index, follow, max-snippet:-1, max-image-preview:large, max-video-preview:-1\" \/>\n<link rel=\"canonical\" href=\"https:\/\/windeurope.org\/workshops\/wind-turbine-sound-2016\/workshop-dinner\/\" \/>\n<meta property=\"og:locale\" content=\"en_US\" \/>\n<meta property=\"og:type\" content=\"article\" \/>\n<meta property=\"og:title\" content=\"Workshop dinner - Wind Turbine Sound 2016 - WindEurope Workshops\" \/>\n<meta property=\"og:description\" content=\"The workshop dinner will take place in the heart of Gdansk&#039;s old town, in restaurant Gdanski Bowke.\" \/>\n<meta property=\"og:url\" content=\"https:\/\/windeurope.org\/workshops\/wind-turbine-sound-2016\/workshop-dinner\/\" \/>\n<meta property=\"og:site_name\" content=\"WindEurope Workshops\" \/>\n<meta property=\"article:modified_time\" content=\"2016-11-21T10:46:44+00:00\" \/>\n<meta property=\"og:image\" content=\"http:\/\/www.gdanskibowke.com\/en\/wp-content\/gallery\/galeria\/4.jpg\" \/>\n<meta name=\"twitter:label1\" content=\"Est. reading time\" \/>\n\t<meta name=\"twitter:data1\" content=\"1 minute\" \/>\n<script type=\"application\/ld+json\" class=\"yoast-schema-graph\">{\"@context\":\"https:\/\/schema.org\",\"@graph\":[{\"@type\":\"WebPage\",\"@id\":\"https:\/\/windeurope.org\/workshops\/wind-turbine-sound-2016\/workshop-dinner\/\",\"url\":\"https:\/\/windeurope.org\/workshops\/wind-turbine-sound-2016\/workshop-dinner\/\",\"name\":\"Workshop dinner - Wind Turbine Sound 2016 - WindEurope Workshops\",\"isPartOf\":{\"@id\":\"https:\/\/windeurope.org\/workshops\/#website\"},\"primaryImageOfPage\":{\"@id\":\"https:\/\/windeurope.org\/workshops\/wind-turbine-sound-2016\/workshop-dinner\/#primaryimage\"},\"image\":{\"@id\":\"https:\/\/windeurope.org\/workshops\/wind-turbine-sound-2016\/workshop-dinner\/#primaryimage\"},\"thumbnailUrl\":\"http:\/\/www.gdanskibowke.com\/en\/wp-content\/gallery\/galeria\/4.jpg\",\"datePublished\":\"2016-11-07T15:54:31+00:00\",\"dateModified\":\"2016-11-21T10:46:44+00:00\",\"description\":\"The workshop dinner will take place in the heart of Gdansk's old town, in restaurant Gdanski Bowke.\",\"breadcrumb\":{\"@id\":\"https:\/\/windeurope.org\/workshops\/wind-turbine-sound-2016\/workshop-dinner\/#breadcrumb\"},\"inLanguage\":\"en-US\",\"potentialAction\":[{\"@type\":\"ReadAction\",\"target\":[\"https:\/\/windeurope.org\/workshops\/wind-turbine-sound-2016\/workshop-dinner\/\"]}]},{\"@type\":\"ImageObject\",\"inLanguage\":\"en-US\",\"@id\":\"https:\/\/windeurope.org\/workshops\/wind-turbine-sound-2016\/workshop-dinner\/#primaryimage\",\"url\":\"http:\/\/www.gdanskibowke.com\/en\/wp-content\/gallery\/galeria\/4.jpg\",\"contentUrl\":\"http:\/\/www.gdanskibowke.com\/en\/wp-content\/gallery\/galeria\/4.jpg\"},{\"@type\":\"BreadcrumbList\",\"@id\":\"https:\/\/windeurope.org\/workshops\/wind-turbine-sound-2016\/workshop-dinner\/#breadcrumb\",\"itemListElement\":[{\"@type\":\"ListItem\",\"position\":1,\"name\":\"Home \/ Workshops\",\"item\":\"https:\/\/windeurope.org\/workshops\/\"},{\"@type\":\"ListItem\",\"position\":2,\"name\":\"Wind Turbine Sound 2016\",\"item\":\"https:\/\/windeurope.org\/workshops\/wind-turbine-sound-2016\/\"},{\"@type\":\"ListItem\",\"position\":3,\"name\":\"Workshop dinner\"}]},{\"@type\":\"WebSite\",\"@id\":\"https:\/\/windeurope.org\/workshops\/#website\",\"url\":\"https:\/\/windeurope.org\/workshops\/\",\"name\":\"WindEurope Workshops\",\"description\":\"\",\"potentialAction\":[{\"@type\":\"SearchAction\",\"target\":{\"@type\":\"EntryPoint\",\"urlTemplate\":\"https:\/\/windeurope.org\/workshops\/?s={search_term_string}\"},\"query-input\":\"required name=search_term_string\"}],\"inLanguage\":\"en-US\"}]}<\/script>\n<!-- \/ Yoast SEO plugin. -->","yoast_head_json":{"title":"Workshop dinner - Wind Turbine Sound 2016 - WindEurope Workshops","description":"The workshop dinner will take place in the heart of Gdansk's old town, in restaurant Gdanski Bowke.","robots":{"index":"index","follow":"follow","max-snippet":"max-snippet:-1","max-image-preview":"max-image-preview:large","max-video-preview":"max-video-preview:-1"},"canonical":"https:\/\/windeurope.org\/workshops\/wind-turbine-sound-2016\/workshop-dinner\/","og_locale":"en_US","og_type":"article","og_title":"Workshop dinner - Wind Turbine Sound 2016 - WindEurope Workshops","og_description":"The workshop dinner will take place in the heart of Gdansk's old town, in restaurant Gdanski Bowke.","og_url":"https:\/\/windeurope.org\/workshops\/wind-turbine-sound-2016\/workshop-dinner\/","og_site_name":"WindEurope Workshops","article_modified_time":"2016-11-21T10:46:44+00:00","og_image":[{"url":"http:\/\/www.gdanskibowke.com\/en\/wp-content\/gallery\/galeria\/4.jpg"}],"twitter_misc":{"Est. reading time":"1 minute"},"schema":{"@context":"https:\/\/schema.org","@graph":[{"@type":"WebPage","@id":"https:\/\/windeurope.org\/workshops\/wind-turbine-sound-2016\/workshop-dinner\/","url":"https:\/\/windeurope.org\/workshops\/wind-turbine-sound-2016\/workshop-dinner\/","name":"Workshop dinner - Wind Turbine Sound 2016 - WindEurope Workshops","isPartOf":{"@id":"https:\/\/windeurope.org\/workshops\/#website"},"primaryImageOfPage":{"@id":"https:\/\/windeurope.org\/workshops\/wind-turbine-sound-2016\/workshop-dinner\/#primaryimage"},"image":{"@id":"https:\/\/windeurope.org\/workshops\/wind-turbine-sound-2016\/workshop-dinner\/#primaryimage"},"thumbnailUrl":"http:\/\/www.gdanskibowke.com\/en\/wp-content\/gallery\/galeria\/4.jpg","datePublished":"2016-11-07T15:54:31+00:00","dateModified":"2016-11-21T10:46:44+00:00","description":"The workshop dinner will take place in the heart of Gdansk's old town, in restaurant Gdanski Bowke.","breadcrumb":{"@id":"https:\/\/windeurope.org\/workshops\/wind-turbine-sound-2016\/workshop-dinner\/#breadcrumb"},"inLanguage":"en-US","potentialAction":[{"@type":"ReadAction","target":["https:\/\/windeurope.org\/workshops\/wind-turbine-sound-2016\/workshop-dinner\/"]}]},{"@type":"ImageObject","inLanguage":"en-US","@id":"https:\/\/windeurope.org\/workshops\/wind-turbine-sound-2016\/workshop-dinner\/#primaryimage","url":"http:\/\/www.gdanskibowke.com\/en\/wp-content\/gallery\/galeria\/4.jpg","contentUrl":"http:\/\/www.gdanskibowke.com\/en\/wp-content\/gallery\/galeria\/4.jpg"},{"@type":"BreadcrumbList","@id":"https:\/\/windeurope.org\/workshops\/wind-turbine-sound-2016\/workshop-dinner\/#breadcrumb","itemListElement":[{"@type":"ListItem","position":1,"name":"Home \/ Workshops","item":"https:\/\/windeurope.org\/workshops\/"},{"@type":"ListItem","position":2,"name":"Wind Turbine Sound 2016","item":"https:\/\/windeurope.org\/workshops\/wind-turbine-sound-2016\/"},{"@type":"ListItem","position":3,"name":"Workshop dinner"}]},{"@type":"WebSite","@id":"https:\/\/windeurope.org\/workshops\/#website","url":"https:\/\/windeurope.org\/workshops\/","name":"WindEurope Workshops","description":"","potentialAction":[{"@type":"SearchAction","target":{"@type":"EntryPoint","urlTemplate":"https:\/\/windeurope.org\/workshops\/?s={search_term_string}"},"query-input":"required name=search_term_string"}],"inLanguage":"en-US"}]}},"_links":{"self":[{"href":"https:\/\/windeurope.org\/workshops\/wp-json\/wp\/v2\/pages\/8531"}],"collection":[{"href":"https:\/\/windeurope.org\/workshops\/wp-json\/wp\/v2\/pages"}],"about":[{"href":"https:\/\/windeurope.org\/workshops\/wp-json\/wp\/v2\/types\/page"}],"author":[{"embeddable":true,"href":"https:\/\/windeurope.org\/workshops\/wp-json\/wp\/v2\/users\/10"}],"replies":[{"embeddable":true,"href":"https:\/\/windeurope.org\/workshops\/wp-json\/wp\/v2\/comments?post=8531"}],"version-history":[{"count":18,"href":"https:\/\/windeurope.org\/workshops\/wp-json\/wp\/v2\/pages\/8531\/revisions"}],"predecessor-version":[{"id":8604,"href":"https:\/\/windeurope.org\/workshops\/wp-json\/wp\/v2\/pages\/8531\/revisions\/8604"}],"up":[{"embeddable":true,"href":"https:\/\/windeurope.org\/workshops\/wp-json\/wp\/v2\/pages\/7592"}],"wp:attachment":[{"href":"https:\/\/windeurope.org\/workshops\/wp-json\/wp\/v2\/media?parent=8531"}],"curies":[{"name":"wp","href":"https:\/\/api.w.org\/{rel}","templated":true}]}}