{"id":155,"date":"2026-02-23T11:55:25","date_gmt":"2026-02-23T11:55:25","guid":{"rendered":"https:\/\/windeurope.org\/tech2026\/?page_id=155"},"modified":"2026-04-01T09:54:49","modified_gmt":"2026-04-01T08:54:49","slug":"programme-committee-and-abstracts-reviewers","status":"publish","type":"page","link":"https:\/\/windeurope.org\/tech2026\/programme\/programme-committee-and-abstracts-reviewers\/","title":{"rendered":"Programme Committee and Abstracts reviewers"},"content":{"rendered":"<section class=\"inner\">\r\n\r\n<h2><strong>WindEurope would like to thank the members of the Programme Committee and the Abstracts Reviewers.<\/strong><\/h2>\r\n<p>Programme committee members advise WindEurope on defining the topics for the call for abstracts, they take part in the abstracts review and selection of submitted abstracts. They help us build the programme and poster selection.<\/p>\r\n<p>We are grateful for the Programme Committee\u2019s guidance in shaping the event\u2019s programme.<\/p>\r\n<p>In addition to the Programme Committee, WindEurope would like to thank the group of Abstract Reviewers for their help in reviewing abstracts submitted for the event.<\/p>\r\n\r\n<p> WindEurope would like to thank the following individuals for their time and expertise.<\/p>\r\n<br>\r\n\r\n<div class=\"alert alert-info\">\r\n<h3>Programme Committee<\/h3> \r\n<\/div>\r\n<div class=\"row\">\r\n\r\n   <div class=\"col-24 col-md-12\">\r\n<h4>Resource Assessment <\/h4>\r\n<ul>\r\n\t<li>Mike Anderson, Member, ETIPWind Steering Committee<\/li>\r\n\t<li>Jake Badger, Head of Section, Resource Assessment and Meteorology, DTU Wind Energy<\/li>\r\n\t<li>Julia Gottschall, Chief Scientist, Fraunhofer Institute for Wind Energy Systems IWES<\/li>\r\n\t<li>Lars Landberg, VP; Group Leader, Renewables and Climate; Group R&#038;D, DNV<\/li>\r\n\t<li>Gil Lizcano, Co-Founder, Climate Scale<\/li>\r\n\t<li>Riccardo Longo, Offshore Grid Manager, WindEurope<\/li>\r\n\t<li>Pep Moreno, CEO, Vortex<\/li>\r\n\t<li>Pim Van Dorp, R&#038;D Director, Whiffle<\/li>\r\n\t<li>Jos\u00e9 Vidal, Product Manager of Windnavigator &#038; Data Products, UL Solutions<\/li>\r\n<\/ul>\r\n\r\n<br>\r\n<\/div>\r\n\r\n   <div class=\"col-24 col-md-12\">\r\n<h4>Analysis of Operating Wind Farms<\/h4>\r\n<ul>\r\n\r\n\t<li>Georges Kariniotakis, Professor, Head of Renewables &#038; SmartGrids Group, Centre PERSEE of MINES ParisTech<\/li>\r\n\t<li>Levent K\u00fc\u00e7\u00fck, Head of Wind Resource, Vattenfall<\/li>\r\n\t<li>Wiebke Langreder, Head of Consulting, EMD International<\/li>\r\n\t<li>Miriam Marchante, Wind Farm Lead specialist, R&#038;D Roadmap manager, \u00d8rsted<\/li>\r\n\t<li>Simon Watson, Professor of Wind Energy Systems, TU Delft<\/li>\r\n<\/ul>\r\n<\/div>\r\n<\/section>\r\n\r\n\r\n<section class=\"inner\">\r\n\r\n\r\n\r\n<\/section>\r\n\r\n\r\n<section class=\"inner\">\r\n<div class=\"alert alert-info\">\r\n<h3>Abstracts Review Committee<\/h3> \r\n<\/div>\r\n\r\n<div class=\"row\">\r\n\r\n   <div class=\"col-24 col-md-12\">\r\n<li>Alejandro Abascal, Iberdrola<\/li>\r\n<li>Alex Clerc, RES<\/li>\r\n<li>Anna Maria Sempreviva, DTU Wind Energy<\/li>\r\n<li>Can Mollaibrahimoglu, Cadeler A\/S<\/li>\r\n<li>Donatella Zappal\u00e1, TU Delft<\/li>\r\n<li>Jan Coelingh, Vattenfall<\/li>\r\n<li>Joel Manning, K2 Management<\/li>\r\n<li>Karen Anne Hutton, RES<\/li>\r\n<li>Ken Tay, DNV<\/li>\r\n\r\n\r\n<\/div>\r\n\r\n   <div class=\"col-24 col-md-12\">\r\n<li>Marco Milanesi, Vestas<\/li>\r\n<li>Mark Zagar, Vestas<\/li>\r\n<li>Minh-Thang Do, Meteodyn<\/li>\r\n<li>Mouhamet Diallo, Tractebel<\/li>\r\n<li>Nicolas Qui\u00e9vy, ENGIE<\/li>\r\n<li>Paul Mazoyer, ENGIE<\/li>\r\n<li>Pedro Santos, DHI A\/S<\/li>\r\n<li>Pim van Dorp, Whiffle<\/li>\r\n<li>Sofia Koukoura, ScottishPower Renewables <\/li>\r\n<li>Soledad Sanz S\u00e1nchez-Luengo, Iberdrola<\/li>\r\n\r\n<\/div>\r\n\r\n<\/section>\r\n","protected":false},"excerpt":{"rendered":"<p>WindEurope would like to thank the members of the Programme Committee and the Abstracts Reviewers. Programme committee members advise WindEurope on defining the topics for the call for abstracts, they take part in the abstracts review and selection of submitted abstracts. They help us build the programme and poster selection. We are grateful for the [&hellip;]<\/p>\n","protected":false},"author":4,"featured_media":0,"parent":111,"menu_order":0,"comment_status":"closed","ping_status":"closed","template":"","meta":{"footnotes":""},"categories":[],"tags":[],"class_list":["post-155","page","type-page","status-publish","hentry"],"yoast_head":"<!-- This site is optimized with the Yoast SEO plugin v26.2 - https:\/\/yoast.com\/wordpress\/plugins\/seo\/ -->\n<title>Programme Committee and Abstracts reviewers - WindEurope Technology Workshop 2026<\/title>\n<meta name=\"robots\" content=\"index, follow, max-snippet:-1, max-image-preview:large, max-video-preview:-1\" \/>\n<link rel=\"canonical\" href=\"https:\/\/windeurope.org\/tech2026\/programme\/programme-committee-and-abstracts-reviewers\/\" \/>\n<meta property=\"og:locale\" content=\"en_GB\" \/>\n<meta property=\"og:type\" content=\"article\" \/>\n<meta property=\"og:title\" content=\"Programme Committee and Abstracts reviewers - WindEurope Technology Workshop 2026\" \/>\n<meta property=\"og:description\" content=\"WindEurope would like to thank the members of the Programme Committee and the Abstracts Reviewers. Programme committee members advise WindEurope on defining the topics for the call for abstracts, they take part in the abstracts review and selection of submitted abstracts. They help us build the programme and poster selection. We are grateful for the [&hellip;]\" \/>\n<meta property=\"og:url\" content=\"https:\/\/windeurope.org\/tech2026\/programme\/programme-committee-and-abstracts-reviewers\/\" \/>\n<meta property=\"og:site_name\" content=\"WindEurope Technology Workshop 2026\" \/>\n<meta property=\"article:modified_time\" content=\"2026-04-01T08:54:49+00:00\" \/>\n<meta name=\"twitter:card\" content=\"summary_large_image\" \/>\n<meta name=\"twitter:label1\" content=\"Estimated reading time\" \/>\n\t<meta name=\"twitter:data1\" content=\"2 minutes\" \/>\n<script type=\"application\/ld+json\" class=\"yoast-schema-graph\">{\"@context\":\"https:\/\/schema.org\",\"@graph\":[{\"@type\":\"WebPage\",\"@id\":\"https:\/\/windeurope.org\/tech2026\/programme\/programme-committee-and-abstracts-reviewers\/\",\"url\":\"https:\/\/windeurope.org\/tech2026\/programme\/programme-committee-and-abstracts-reviewers\/\",\"name\":\"Programme Committee and Abstracts reviewers - WindEurope Technology Workshop 2026\",\"isPartOf\":{\"@id\":\"https:\/\/windeurope.org\/tech2026\/#website\"},\"datePublished\":\"2026-02-23T11:55:25+00:00\",\"dateModified\":\"2026-04-01T08:54:49+00:00\",\"breadcrumb\":{\"@id\":\"https:\/\/windeurope.org\/tech2026\/programme\/programme-committee-and-abstracts-reviewers\/#breadcrumb\"},\"inLanguage\":\"en-GB\",\"potentialAction\":[{\"@type\":\"ReadAction\",\"target\":[\"https:\/\/windeurope.org\/tech2026\/programme\/programme-committee-and-abstracts-reviewers\/\"]}]},{\"@type\":\"BreadcrumbList\",\"@id\":\"https:\/\/windeurope.org\/tech2026\/programme\/programme-committee-and-abstracts-reviewers\/#breadcrumb\",\"itemListElement\":[{\"@type\":\"ListItem\",\"position\":1,\"name\":\"Home\",\"item\":\"https:\/\/windeurope.org\/tech2026\/\"},{\"@type\":\"ListItem\",\"position\":2,\"name\":\"Programme\",\"item\":\"https:\/\/windeurope.org\/tech2026\/programme\/\"},{\"@type\":\"ListItem\",\"position\":3,\"name\":\"Programme Committee and Abstracts reviewers\"}]},{\"@type\":\"WebSite\",\"@id\":\"https:\/\/windeurope.org\/tech2026\/#website\",\"url\":\"https:\/\/windeurope.org\/tech2026\/\",\"name\":\"WindEurope Technology Workshop 2026\",\"description\":\"Resource Assessment &amp;&lt;br&gt;Analysis of Operating Wind Farms 2026\",\"potentialAction\":[{\"@type\":\"SearchAction\",\"target\":{\"@type\":\"EntryPoint\",\"urlTemplate\":\"https:\/\/windeurope.org\/tech2026\/?s={search_term_string}\"},\"query-input\":{\"@type\":\"PropertyValueSpecification\",\"valueRequired\":true,\"valueName\":\"search_term_string\"}}],\"inLanguage\":\"en-GB\"}]}<\/script>\n<!-- \/ Yoast SEO plugin. -->","yoast_head_json":{"title":"Programme Committee and Abstracts reviewers - WindEurope Technology Workshop 2026","robots":{"index":"index","follow":"follow","max-snippet":"max-snippet:-1","max-image-preview":"max-image-preview:large","max-video-preview":"max-video-preview:-1"},"canonical":"https:\/\/windeurope.org\/tech2026\/programme\/programme-committee-and-abstracts-reviewers\/","og_locale":"en_GB","og_type":"article","og_title":"Programme Committee and Abstracts reviewers - WindEurope Technology Workshop 2026","og_description":"WindEurope would like to thank the members of the Programme Committee and the Abstracts Reviewers. Programme committee members advise WindEurope on defining the topics for the call for abstracts, they take part in the abstracts review and selection of submitted abstracts. They help us build the programme and poster selection. We are grateful for the [&hellip;]","og_url":"https:\/\/windeurope.org\/tech2026\/programme\/programme-committee-and-abstracts-reviewers\/","og_site_name":"WindEurope Technology Workshop 2026","article_modified_time":"2026-04-01T08:54:49+00:00","twitter_card":"summary_large_image","twitter_misc":{"Estimated reading time":"2 minutes"},"schema":{"@context":"https:\/\/schema.org","@graph":[{"@type":"WebPage","@id":"https:\/\/windeurope.org\/tech2026\/programme\/programme-committee-and-abstracts-reviewers\/","url":"https:\/\/windeurope.org\/tech2026\/programme\/programme-committee-and-abstracts-reviewers\/","name":"Programme Committee and Abstracts reviewers - WindEurope Technology Workshop 2026","isPartOf":{"@id":"https:\/\/windeurope.org\/tech2026\/#website"},"datePublished":"2026-02-23T11:55:25+00:00","dateModified":"2026-04-01T08:54:49+00:00","breadcrumb":{"@id":"https:\/\/windeurope.org\/tech2026\/programme\/programme-committee-and-abstracts-reviewers\/#breadcrumb"},"inLanguage":"en-GB","potentialAction":[{"@type":"ReadAction","target":["https:\/\/windeurope.org\/tech2026\/programme\/programme-committee-and-abstracts-reviewers\/"]}]},{"@type":"BreadcrumbList","@id":"https:\/\/windeurope.org\/tech2026\/programme\/programme-committee-and-abstracts-reviewers\/#breadcrumb","itemListElement":[{"@type":"ListItem","position":1,"name":"Home","item":"https:\/\/windeurope.org\/tech2026\/"},{"@type":"ListItem","position":2,"name":"Programme","item":"https:\/\/windeurope.org\/tech2026\/programme\/"},{"@type":"ListItem","position":3,"name":"Programme Committee and Abstracts reviewers"}]},{"@type":"WebSite","@id":"https:\/\/windeurope.org\/tech2026\/#website","url":"https:\/\/windeurope.org\/tech2026\/","name":"WindEurope Technology Workshop 2026","description":"Resource Assessment &amp;&lt;br&gt;Analysis of Operating Wind Farms 2026","potentialAction":[{"@type":"SearchAction","target":{"@type":"EntryPoint","urlTemplate":"https:\/\/windeurope.org\/tech2026\/?s={search_term_string}"},"query-input":{"@type":"PropertyValueSpecification","valueRequired":true,"valueName":"search_term_string"}}],"inLanguage":"en-GB"}]}},"_links":{"self":[{"href":"https:\/\/windeurope.org\/tech2026\/wp-json\/wp\/v2\/pages\/155","targetHints":{"allow":["GET"]}}],"collection":[{"href":"https:\/\/windeurope.org\/tech2026\/wp-json\/wp\/v2\/pages"}],"about":[{"href":"https:\/\/windeurope.org\/tech2026\/wp-json\/wp\/v2\/types\/page"}],"author":[{"embeddable":true,"href":"https:\/\/windeurope.org\/tech2026\/wp-json\/wp\/v2\/users\/4"}],"replies":[{"embeddable":true,"href":"https:\/\/windeurope.org\/tech2026\/wp-json\/wp\/v2\/comments?post=155"}],"version-history":[{"count":15,"href":"https:\/\/windeurope.org\/tech2026\/wp-json\/wp\/v2\/pages\/155\/revisions"}],"predecessor-version":[{"id":237,"href":"https:\/\/windeurope.org\/tech2026\/wp-json\/wp\/v2\/pages\/155\/revisions\/237"}],"up":[{"embeddable":true,"href":"https:\/\/windeurope.org\/tech2026\/wp-json\/wp\/v2\/pages\/111"}],"wp:attachment":[{"href":"https:\/\/windeurope.org\/tech2026\/wp-json\/wp\/v2\/media?parent=155"}],"wp:term":[{"taxonomy":"category","embeddable":true,"href":"https:\/\/windeurope.org\/tech2026\/wp-json\/wp\/v2\/categories?post=155"},{"taxonomy":"post_tag","embeddable":true,"href":"https:\/\/windeurope.org\/tech2026\/wp-json\/wp\/v2\/tags?post=155"}],"curies":[{"name":"wp","href":"https:\/\/api.w.org\/{rel}","templated":true}]}}