{"id":412,"date":"2025-05-14T16:24:30","date_gmt":"2025-05-14T14:24:30","guid":{"rendered":"https:\/\/windeurope.org\/tech2025\/?page_id=412"},"modified":"2025-05-14T16:24:30","modified_gmt":"2025-05-14T14:24:30","slug":"how-to-get-there","status":"publish","type":"page","link":"https:\/\/windeurope.org\/tech2025\/information\/how-to-get-there\/","title":{"rendered":"How to get there"},"content":{"rendered":"<section class=\"inner\">\r\n  <div class=\"row\">\r\n    <div class=\"col-md-10\">\r\n      <p>The <a href=\"https:\/\/www.hilton.com\/en\/hotels\/isthitw-hilton-istanbul-bosphorus\/\"><strong>Hilton Istanbul Bosphorus<\/strong><\/a> is located on the European side of Istanbul, about 15 minutes walk from the city\u2019s prominent Taksim Square and the shopping districts of Taksim and Nisantasi. It\u2019s also 20 minutes walk from the famous Dolmabah\u00e7e Palace on the city\u2019s shoreline.<\/p>\r\n<p>Valet and self-parking are available on-site at the hotel for an additional fee.<\/p>\r\n      <h3>Getting there by plane<\/h3>\r\n      <ul>\r\n        <li><strong>The Hilton Hotel<\/strong> is 40 minutes by car from Istanbul Airport \u2013 connecting you to over 310 destinations across the world.<\/li>\r\n        <li>Taxis to and from the airport cost around \u20ac40, and travel time is around 40 minutes (away from rush hour).<\/li>\r\n        <li>The hotel also runs a shuttle bus service to the airport.<\/li>\r\n      <\/ul>\r\n      <h3>Getting there by public transport<\/h3>\r\n      <ul>\r\n        <li>The \u0130stanbul Elektrik Tramvay ve T\u00fcnel \u0130\u015fletmeleri (\u0130ETT) runs bus routes linking different parts of Istanbul to the hotel, including the route from Pertevniyal Valide Sultan to TRT \u0130stanbul Radyosu.<\/li>\r\n        <li>The hotel is roughly halfway between the <strong>Taksim Square<\/strong> and <strong>Osmanbey<\/strong> metro stations, linking you to more than 10 different lines across the city.<\/li>\r\n        <li>An all-inclusive Istanbulkart can be used on public transport across the city. Contactless credit or debit card payment is also possible. <\/li>\r\n      <\/ul>\r\n    <\/div>\r\n<div class=\"col-md-14\">\r\n      <iframe src=\"https:\/\/www.google.com\/maps\/embed?pb=!1m18!1m12!1m3!1d3009.1214241731263!2d28.986634875337547!3d41.04447367134538!2m3!1f0!2f0!3f0!3m2!1i1024!2i768!4f13.1!3m3!1m2!1s0x14cab03b5a0b0c4d%3A0xe964200b7b8e87ea!2sHilton%20Istanbul%20Bosphorus!5e0!3m2!1sen!2sbe!4v1747232528657!5m2!1sen!2sbe\" width=\"600\" height=\"450\" style=\"border:0;\" allowfullscreen=\"\" loading=\"lazy\" referrerpolicy=\"no-referrer-when-downgrade\"><\/iframe><\/div>\r\n  <\/div>\r\n<\/section>","protected":false},"excerpt":{"rendered":"<p>The Hilton Istanbul Bosphorus is located on the European side of Istanbul, about 15 minutes walk from the city\u2019s prominent Taksim Square and the shopping districts of Taksim and Nisantasi. It\u2019s also 20 minutes walk from the famous Dolmabah\u00e7e Palace on the city\u2019s shoreline. Valet and self-parking are available on-site at the hotel for an [&hellip;]<\/p>\n","protected":false},"author":8,"featured_media":0,"parent":92,"menu_order":0,"comment_status":"closed","ping_status":"closed","template":"","meta":{"footnotes":""},"categories":[],"tags":[],"class_list":["post-412","page","type-page","status-publish","hentry"],"yoast_head":"<!-- This site is optimized with the Yoast SEO plugin v26.1.1 - https:\/\/yoast.com\/wordpress\/plugins\/seo\/ -->\n<title>How to get there - WindEurope Technology Workshop 2025<\/title>\n<meta name=\"robots\" content=\"index, follow, max-snippet:-1, max-image-preview:large, max-video-preview:-1\" \/>\n<link rel=\"canonical\" href=\"https:\/\/windeurope.org\/tech2025\/information\/how-to-get-there\/\" \/>\n<meta property=\"og:locale\" content=\"en_US\" \/>\n<meta property=\"og:type\" content=\"article\" \/>\n<meta property=\"og:title\" content=\"How to get there - WindEurope Technology Workshop 2025\" \/>\n<meta property=\"og:description\" content=\"The Hilton Istanbul Bosphorus is located on the European side of Istanbul, about 15 minutes walk from the city\u2019s prominent Taksim Square and the shopping districts of Taksim and Nisantasi. It\u2019s also 20 minutes walk from the famous Dolmabah\u00e7e Palace on the city\u2019s shoreline. Valet and self-parking are available on-site at the hotel for an [&hellip;]\" \/>\n<meta property=\"og:url\" content=\"https:\/\/windeurope.org\/tech2025\/information\/how-to-get-there\/\" \/>\n<meta property=\"og:site_name\" content=\"WindEurope Technology Workshop 2025\" \/>\n<meta property=\"article:publisher\" content=\"https:\/\/www.facebook.com\/windeurope\/\" \/>\n<meta name=\"twitter:card\" content=\"summary_large_image\" \/>\n<meta name=\"twitter:site\" content=\"@windeuropeevent\" \/>\n<script type=\"application\/ld+json\" class=\"yoast-schema-graph\">{\"@context\":\"https:\/\/schema.org\",\"@graph\":[{\"@type\":\"WebPage\",\"@id\":\"https:\/\/windeurope.org\/tech2025\/information\/how-to-get-there\/\",\"url\":\"https:\/\/windeurope.org\/tech2025\/information\/how-to-get-there\/\",\"name\":\"How to get there - WindEurope Technology Workshop 2025\",\"isPartOf\":{\"@id\":\"https:\/\/windeurope.org\/tech2025\/#website\"},\"datePublished\":\"2025-05-14T14:24:30+00:00\",\"breadcrumb\":{\"@id\":\"https:\/\/windeurope.org\/tech2025\/information\/how-to-get-there\/#breadcrumb\"},\"inLanguage\":\"en-US\",\"potentialAction\":[{\"@type\":\"ReadAction\",\"target\":[\"https:\/\/windeurope.org\/tech2025\/information\/how-to-get-there\/\"]}]},{\"@type\":\"BreadcrumbList\",\"@id\":\"https:\/\/windeurope.org\/tech2025\/information\/how-to-get-there\/#breadcrumb\",\"itemListElement\":[{\"@type\":\"ListItem\",\"position\":1,\"name\":\"Home\",\"item\":\"https:\/\/windeurope.org\/tech2025\/\"},{\"@type\":\"ListItem\",\"position\":2,\"name\":\"Practical information\",\"item\":\"https:\/\/windeurope.org\/tech2025\/information\/\"},{\"@type\":\"ListItem\",\"position\":3,\"name\":\"How to get there\"}]},{\"@type\":\"WebSite\",\"@id\":\"https:\/\/windeurope.org\/tech2025\/#website\",\"url\":\"https:\/\/windeurope.org\/tech2025\/\",\"name\":\"WindEurope Technology Workshop 2025\",\"description\":\"Resource Assessment &amp;&lt;br&gt;Analysis of Operating Wind Farms 2025\",\"publisher\":{\"@id\":\"https:\/\/windeurope.org\/tech2025\/#organization\"},\"potentialAction\":[{\"@type\":\"SearchAction\",\"target\":{\"@type\":\"EntryPoint\",\"urlTemplate\":\"https:\/\/windeurope.org\/tech2025\/?s={search_term_string}\"},\"query-input\":{\"@type\":\"PropertyValueSpecification\",\"valueRequired\":true,\"valueName\":\"search_term_string\"}}],\"inLanguage\":\"en-US\"},{\"@type\":\"Organization\",\"@id\":\"https:\/\/windeurope.org\/tech2025\/#organization\",\"name\":\"WindEurope Technology Workshop 2025\",\"url\":\"https:\/\/windeurope.org\/tech2025\/\",\"logo\":{\"@type\":\"ImageObject\",\"inLanguage\":\"en-US\",\"@id\":\"https:\/\/windeurope.org\/tech2025\/#\/schema\/logo\/image\/\",\"url\":\"https:\/\/windeurope.org\/tech2025\/wp-content\/uploads\/WindEurope-SQ-sm.jpg\",\"contentUrl\":\"https:\/\/windeurope.org\/tech2025\/wp-content\/uploads\/WindEurope-SQ-sm.jpg\",\"width\":800,\"height\":800,\"caption\":\"WindEurope Technology Workshop 2025\"},\"image\":{\"@id\":\"https:\/\/windeurope.org\/tech2025\/#\/schema\/logo\/image\/\"},\"sameAs\":[\"https:\/\/www.facebook.com\/windeurope\/\",\"https:\/\/x.com\/windeuropeevent\",\"https:\/\/www.instagram.com\/windeurope\/\",\"https:\/\/www.youtube.com\/windeurope\",\"https:\/\/www.linkedin.com\/company\/windeurope\"]}]}<\/script>\n<!-- \/ Yoast SEO plugin. -->","yoast_head_json":{"title":"How to get there - WindEurope Technology Workshop 2025","robots":{"index":"index","follow":"follow","max-snippet":"max-snippet:-1","max-image-preview":"max-image-preview:large","max-video-preview":"max-video-preview:-1"},"canonical":"https:\/\/windeurope.org\/tech2025\/information\/how-to-get-there\/","og_locale":"en_US","og_type":"article","og_title":"How to get there - WindEurope Technology Workshop 2025","og_description":"The Hilton Istanbul Bosphorus is located on the European side of Istanbul, about 15 minutes walk from the city\u2019s prominent Taksim Square and the shopping districts of Taksim and Nisantasi. It\u2019s also 20 minutes walk from the famous Dolmabah\u00e7e Palace on the city\u2019s shoreline. Valet and self-parking are available on-site at the hotel for an [&hellip;]","og_url":"https:\/\/windeurope.org\/tech2025\/information\/how-to-get-there\/","og_site_name":"WindEurope Technology Workshop 2025","article_publisher":"https:\/\/www.facebook.com\/windeurope\/","twitter_card":"summary_large_image","twitter_site":"@windeuropeevent","schema":{"@context":"https:\/\/schema.org","@graph":[{"@type":"WebPage","@id":"https:\/\/windeurope.org\/tech2025\/information\/how-to-get-there\/","url":"https:\/\/windeurope.org\/tech2025\/information\/how-to-get-there\/","name":"How to get there - WindEurope Technology Workshop 2025","isPartOf":{"@id":"https:\/\/windeurope.org\/tech2025\/#website"},"datePublished":"2025-05-14T14:24:30+00:00","breadcrumb":{"@id":"https:\/\/windeurope.org\/tech2025\/information\/how-to-get-there\/#breadcrumb"},"inLanguage":"en-US","potentialAction":[{"@type":"ReadAction","target":["https:\/\/windeurope.org\/tech2025\/information\/how-to-get-there\/"]}]},{"@type":"BreadcrumbList","@id":"https:\/\/windeurope.org\/tech2025\/information\/how-to-get-there\/#breadcrumb","itemListElement":[{"@type":"ListItem","position":1,"name":"Home","item":"https:\/\/windeurope.org\/tech2025\/"},{"@type":"ListItem","position":2,"name":"Practical information","item":"https:\/\/windeurope.org\/tech2025\/information\/"},{"@type":"ListItem","position":3,"name":"How to get there"}]},{"@type":"WebSite","@id":"https:\/\/windeurope.org\/tech2025\/#website","url":"https:\/\/windeurope.org\/tech2025\/","name":"WindEurope Technology Workshop 2025","description":"Resource Assessment &amp;&lt;br&gt;Analysis of Operating Wind Farms 2025","publisher":{"@id":"https:\/\/windeurope.org\/tech2025\/#organization"},"potentialAction":[{"@type":"SearchAction","target":{"@type":"EntryPoint","urlTemplate":"https:\/\/windeurope.org\/tech2025\/?s={search_term_string}"},"query-input":{"@type":"PropertyValueSpecification","valueRequired":true,"valueName":"search_term_string"}}],"inLanguage":"en-US"},{"@type":"Organization","@id":"https:\/\/windeurope.org\/tech2025\/#organization","name":"WindEurope Technology Workshop 2025","url":"https:\/\/windeurope.org\/tech2025\/","logo":{"@type":"ImageObject","inLanguage":"en-US","@id":"https:\/\/windeurope.org\/tech2025\/#\/schema\/logo\/image\/","url":"https:\/\/windeurope.org\/tech2025\/wp-content\/uploads\/WindEurope-SQ-sm.jpg","contentUrl":"https:\/\/windeurope.org\/tech2025\/wp-content\/uploads\/WindEurope-SQ-sm.jpg","width":800,"height":800,"caption":"WindEurope Technology Workshop 2025"},"image":{"@id":"https:\/\/windeurope.org\/tech2025\/#\/schema\/logo\/image\/"},"sameAs":["https:\/\/www.facebook.com\/windeurope\/","https:\/\/x.com\/windeuropeevent","https:\/\/www.instagram.com\/windeurope\/","https:\/\/www.youtube.com\/windeurope","https:\/\/www.linkedin.com\/company\/windeurope"]}]}},"_links":{"self":[{"href":"https:\/\/windeurope.org\/tech2025\/wp-json\/wp\/v2\/pages\/412","targetHints":{"allow":["GET"]}}],"collection":[{"href":"https:\/\/windeurope.org\/tech2025\/wp-json\/wp\/v2\/pages"}],"about":[{"href":"https:\/\/windeurope.org\/tech2025\/wp-json\/wp\/v2\/types\/page"}],"author":[{"embeddable":true,"href":"https:\/\/windeurope.org\/tech2025\/wp-json\/wp\/v2\/users\/8"}],"replies":[{"embeddable":true,"href":"https:\/\/windeurope.org\/tech2025\/wp-json\/wp\/v2\/comments?post=412"}],"version-history":[{"count":5,"href":"https:\/\/windeurope.org\/tech2025\/wp-json\/wp\/v2\/pages\/412\/revisions"}],"predecessor-version":[{"id":417,"href":"https:\/\/windeurope.org\/tech2025\/wp-json\/wp\/v2\/pages\/412\/revisions\/417"}],"up":[{"embeddable":true,"href":"https:\/\/windeurope.org\/tech2025\/wp-json\/wp\/v2\/pages\/92"}],"wp:attachment":[{"href":"https:\/\/windeurope.org\/tech2025\/wp-json\/wp\/v2\/media?parent=412"}],"wp:term":[{"taxonomy":"category","embeddable":true,"href":"https:\/\/windeurope.org\/tech2025\/wp-json\/wp\/v2\/categories?post=412"},{"taxonomy":"post_tag","embeddable":true,"href":"https:\/\/windeurope.org\/tech2025\/wp-json\/wp\/v2\/tags?post=412"}],"curies":[{"name":"wp","href":"https:\/\/api.w.org\/{rel}","templated":true}]}}