{"id":370,"date":"2024-04-25T17:50:58","date_gmt":"2024-04-25T15:50:58","guid":{"rendered":"https:\/\/windeurope.org\/tech2024\/?page_id=370"},"modified":"2024-05-08T19:47:59","modified_gmt":"2024-05-08T17:47:59","slug":"your-guide-to-dublin","status":"publish","type":"page","link":"https:\/\/windeurope.org\/tech2024\/information\/your-guide-to-dublin\/","title":{"rendered":"Your guide to Dublin"},"content":{"rendered":"<section class=\"inner\" id=\"lyon\">\r\n<div class=\"row\">\r\n<div class=\"col-md\">\r\n<h2>This year, we bid you a warm welcome to one of Europe\u2019s iconic windy cities \u2013 Dublin.<\/h2>\r\n<p><em>Go n-\u00e9ir\u00ed an bothar leat, go raibh c\u00f3ir na gaoithe i gc\u00f3na\u00ed leat!<\/em> &#8211; May the road rise to meet you, and may the wind always be at your back!<\/p>\r\n<p>Sitting at the end of the Gulf Stream, at the northwest edge of Europe, the Irish are no strangers to wind. The country\u2019s famously rugged coast is a testament to the power of wind and weathering from the Atlantic. And today Ireland harnesses just under 5 GW of wind power \u2013 making up 36% of the total electricity mix. Definitely the ideal location to get to grips with all things wind! <\/p>\r\n<p>But while the weather can be fast-changing, Dublin is very much an easy-going place. With a world-famous pub scene, historic Georgian neighbourhoods, elegant parks, beautiful natural surrounds, and a history stretching back over a thousand years, this is somewhere to explore at a leisurely pace. <\/p>\r\n<p>Even the event venue is a stone\u2019s throw from the city\u2019s pleasant Grand Canal, with parks like St. Stephen\u2019s Green, Iveagh Gardens and Merrion Square just beyond that. So plenty to see in the vicinity \u2013 and a good preview of what to expect in this \u201cfair city\u201d&#8230;.<\/p>\r\n<p>Many thanks to our Irish supporters for making us feel welcome in Ireland!<\/p>\r\n<p><a href=\"https:\/\/windenergyireland.com\/?ref=tech2024\" target=\"_blank\" rel=\"noopener\"><img decoding=\"async\" src=\"https:\/\/windeurope.org\/wp-content\/uploads\/images\/logos\/events\/wind-energy-ireland.svg\" alt=\"\"><\/a> <a href=\"https:\/\/www.failteireland.ie\/?ref=tech2024\" target=\"_blank\" rel=\"noopener\"><img decoding=\"async\" src=\"https:\/\/windeurope.org\/wp-content\/uploads\/images\/logos\/events\/failte.svg\" alt=\"\"><\/a> <a href=\"https:\/\/www.meetinireland.com\/?ref=tech2024\" target=\"_blank\" rel=\"noopener\"><img decoding=\"async\" src=\"https:\/\/windeurope.org\/wp-content\/uploads\/images\/logos\/events\/meet-in-ireland.svg\" alt=\"\"><\/a><\/p>\r\n<div style=\"padding: 40px 0 50px 0;\">\r\n  <hr>\r\n<\/div>\r\n<div class=\"row\">\r\n  <div class=\"col-md\">\r\n    <h2 id=\"painting\">Over a millennium of history<\/h2>\r\n    <p>As Ireland\u2019s gateway to Europe, Dublin has passed through many different hands. At various times it was a Viking trading post, a powerful kingdom, England\u2019s foothold in Ireland, the second city of the British Empire, and the capital of an independent state. The earlier periods are most obvious in the old core of the city \u2013 around Dublin Castle and Christ Church Cathedral (with its famous Dublinia Museum).<\/p>\r\n    <p>But it was the Georgian period that put Dublin on the map. During the 18th century Dublin was one of Europe\u2019s largest and wealthiest cities, and the legacy of this can be seen across the city. Just a short walk north from the event venue are some of the best examples \u2013 the Georgian Quarter with its terraced townhouses, Trinity College (including its Long Room Library) and public buildings including the Custom House and the old Parliament on College Green.<\/p>\r\n    <p><a class=\"button\" href=\"https:\/\/www.visitdublin.com\/things-to-do\/history-heritage?ref=Tech2024\" rel=\"noopener noreferrer\" target=\"_blank\">Find out more<\/a><\/p>\r\n  <\/div>\r\n  <div class=\"col-md\"><a title=\"Find out more\" href=\"https:\/\/www.visitdublin.com\/things-to-do\/history-heritage?ref=Tech2024\" rel=\"noopener noreferrer\" target=\"_blank\" width=\"2010\" height=\"1432\"><img decoding=\"async\" src=\"https:\/\/windeurope.org\/tech2024\/wp-content\/uploads\/images\/information\/guide-to-dublin\/dublin-history.jpg\" alt=\"\"><\/a><br>\r\n  <\/div>\r\n<\/div>\r\n<hr class=\"mobile\">\r\n<div class=\"row\">\r\n  <div class=\"col-md\"><a title=\"Find out more\" href=\"https:\/\/www.visitdublin.com\/food-and-drink\/bars-pubs?ref=Tech2024\" rel=\"noopener noreferrer\" target=\"_blank\" width=\"2010\" height=\"1432\"><img decoding=\"async\" src=\"https:\/\/windeurope.org\/tech2024\/wp-content\/uploads\/images\/information\/guide-to-dublin\/dublin-pubs.jpg\" alt=\"\"><\/a><br>\r\n  <\/div>\r\n  <div class=\"col-md\">\r\n    <h2 id=\"neuzekes\">A social institution<\/h2>\r\n    <p>In the words of James Joyce, \u201ca good puzzle would be to cross Dublin without passing a pub\u201d. To this day, the pub is the centre of the Irish social universe \u2013 a place to meet friends, shelter from the elements, and listen to a session of traditional Irish music. And with nearly 800 pubs spread across Dublin, they are part of the city\u2019s urban and cultural fabric.<\/p>\r\n    <p>Of course many of the world-famous drinks served in these pubs are locally sourced. Guinness has been brewed at St James\u2019 Gate \u2013 to the west of the city centre \u2013 for more than 250 years. And there\u2019s plenty for whiskey lovers to sample as well \u2013 including two distilleries (Jameson and Teeling) and a dedicated Whiskey Museum too.<\/p>\r\n    <p><a class=\"button\" href=\"https:\/\/www.visitdublin.com\/food-and-drink\/bars-pubs?ref=Tech2024\" rel=\"noopener noreferrer\" target=\"_blank\">Find out more<\/a><\/p>\r\n  <\/div>\r\n<\/div>\r\n<hr class=\"mobile\">\r\n<div class=\"row\">\r\n  <div class=\"col-md\">\r\n    <h2 id=\"castle\">A nursery for writers<\/h2>\r\n    <p>One of Dublin (and Ireland\u2019s) lasting contributions to the modern world is through the written word. Some of the most celebrated English-language authors, playwrights and poets have been Dubliners \u2013 Jonathan Swift, Bram Stoker, Oscar Wilde, James Joyce, William Butler Yeats, Samuel Beckett and Maeve Binchy to name a few. And while many found success abroad, the theme of Dublin is reflected in some of their most famous works.<\/p>\r\n    <p>In 2010 Dublin was named a UNESCO City of Literature, and literary events and gatherings such as Bloomsday (16 June) draw visitors from all over the world. And if you want to immerse yourself more in the Irish literary scene \u2013 past and present \u2013 check out the Museum of Literature Ireland near Stephen\u2019s Green, about 15 mins walk from the event venue.<\/p>\r\n    <p><a class=\"button\" href=\"https:\/\/www.dublincityofliterature.ie\/literary-dublin\/things-to-do\/?ref=Tech2024\" rel=\"noopener noreferrer\" target=\"_blank\">Find out more<\/a><\/p>\r\n  <\/div>\r\n  <div class=\"col-md\"><a title=\"Find out more\" href=\"https:\/\/www.dublincityofliterature.ie\/literary-dublin\/things-to-do\/?ref=Tech2024\" rel=\"noopener noreferrer\" target=\"_blank\" width=\"2010\" height=\"1432\"><img decoding=\"async\" src=\"https:\/\/windeurope.org\/tech2024\/wp-content\/uploads\/images\/information\/guide-to-dublin\/dublin-literature.jpg\" alt=\"\"><\/a><br>\r\n  <\/div>\r\n<\/div>\r\n<hr class=\"mobile\">\r\n<div class=\"row\">\r\n  <div class=\"col-md\"><a title=\"Find out more\" href=\"https:\/\/www.visitdublin.com\/guides\/dublin-coastal-trail?ref=Tech2024\" rel=\"noopener noreferrer\" target=\"_blank\" width=\"2010\" height=\"1432\"><img decoding=\"async\" src=\"https:\/\/windeurope.org\/tech2024\/wp-content\/uploads\/images\/information\/guide-to-dublin\/dublin-sea.jpg\" alt=\"\"><\/a><br>\r\n  <\/div>\r\n  <div class=\"col-md order-md-12\">\r\n    <h2 id=\"museum\">Looking seaward<\/h2>\r\n    <p>Nowhere in Ireland is more than 90 km to the sea, and Dublin is very much a maritime city. Sitting at the mouth of the River Liffey, the coastline of Dublin Bay and beyond is easily reachable by train from the city centre. The DART commuter service will bring you from Pearse and Connolly train stations out to the coastal suburbs in either direction in under half an hour.<\/p>\r\n    <p>To the north, Howth Head offers visitors a scenic cliff walk, with views stretching across Dublin Bay and as far away as the Mourne Mountains in Northern Ireland. And heading south, you can visit Dublin\u2019s pleasant Victorian seaside suburbs \u2013 Sandymount, D\u00fan Laoghaire, Dalkey and beyond \u2013 with more opportunities for scenic hikes.<\/p>\r\n    <p><a class=\"button\" href=\"https:\/\/www.visitdublin.com\/guides\/dublin-coastal-trail?ref=Tech2024\" rel=\"noopener noreferrer\" target=\"_blank\">Find out more<\/a><\/p>\r\n  <\/div>\r\n<\/div>\r\n<hr class=\"mobile\">\r\n<div class=\"row\">\r\n  <div class=\"col-md\">\r\n    <h2 id=\"castle\">Sampling the Irish landscape &#8211; day trips from Dublin<\/h2>\r\n    <p>If mountain vistas are your thing, or if you\u2019re just keen to see some uniquely Irish scenery, your best bet is to head south to the Wicklow Mountains. The jewel in the crown is Glendalough \u2013 an early Christian monastery set in a glen bound on either side by two lakes. A bus leaving from St Stephen\u2019s Green runs twice daily to Glendalough and takes around 90 minutes either way \u2013 see more details <a href=\"https:\/\/www.glendaloughbus.com\/?ref=Tech2024\">here<\/a>.<\/p>\r\n    <p>Once there, you can take a look at the 1,400-year-old monastic settlement, with its centrepiece round tower dominating the scene. Nine separate hiking trails will take you up either direction of the glen, bringing you round the glacial lakes, far up into the surrounding hills and forests, and further beyond across the Wicklow Mountains.<\/p>\r\n    <p><a class=\"button\" href=\"https:\/\/www.nationalparks.ie\/wicklow?ref=Tech2024\" rel=\"noopener noreferrer\" target=\"_blank\">Find out more<\/a><\/p>\r\n  <\/div>\r\n  <div class=\"col-md\"><a title=\"Find out more\" href=\"https:\/\/www.nationalparks.ie\/wicklow?ref=Tech2024\" rel=\"noopener noreferrer\" target=\"_blank\" width=\"2010\" height=\"1432\"><img decoding=\"async\" src=\"https:\/\/windeurope.org\/tech2024\/wp-content\/uploads\/images\/information\/guide-to-dublin\/dublin-mountains.jpg\" alt=\"\"><\/a><br>\r\n  <\/div>\r\n<\/div>\r\n<\/section>\r\n<section class=\"inner\" id=\"thankyou\">\r\n<div class=\"row\">\r\n<div class=\"col-md\">\r\n  <hr>\r\n<\/div>\r\n<p>&#8230;<\/p>\r\n<p class=\"hide\"><a href=\"..\/registration\">Register now<\/a><\/p>\r\n<\/section>\r\n","protected":false},"excerpt":{"rendered":"<p>This year, we bid you a warm welcome to one of Europe\u2019s iconic windy cities \u2013 Dublin. Go n-\u00e9ir\u00ed an bothar leat, go raibh c\u00f3ir na gaoithe i gc\u00f3na\u00ed leat! &#8211; May the road rise to meet you, and may the wind always be at your back! Sitting at the end of the Gulf Stream, [&hellip;]<\/p>\n","protected":false},"author":8,"featured_media":0,"parent":64,"menu_order":0,"comment_status":"closed","ping_status":"closed","template":"","meta":{"footnotes":""},"categories":[],"tags":[],"class_list":["post-370","page","type-page","status-publish","hentry"],"yoast_head":"<!-- This site is optimized with the Yoast SEO plugin v25.2 - https:\/\/yoast.com\/wordpress\/plugins\/seo\/ -->\n<title>Your guide to Dublin | WindEurope Technology Workshop 2024<\/title>\n<meta name=\"robots\" content=\"index, follow, max-snippet:-1, max-image-preview:large, max-video-preview:-1\" \/>\n<link rel=\"canonical\" href=\"https:\/\/windeurope.org\/tech2024\/information\/your-guide-to-dublin\/\" \/>\n<meta property=\"og:locale\" content=\"en_US\" \/>\n<meta property=\"og:type\" content=\"article\" \/>\n<meta property=\"og:title\" content=\"Your guide to Dublin | WindEurope Technology Workshop 2024\" \/>\n<meta property=\"og:description\" content=\"This year, we bid you a warm welcome to one of Europe\u2019s iconic windy cities \u2013 Dublin. Go n-\u00e9ir\u00ed an bothar leat, go raibh c\u00f3ir na gaoithe i gc\u00f3na\u00ed leat! &#8211; May the road rise to meet you, and may the wind always be at your back! Sitting at the end of the Gulf Stream, [&hellip;]\" \/>\n<meta property=\"og:url\" content=\"https:\/\/windeurope.org\/tech2024\/information\/your-guide-to-dublin\/\" \/>\n<meta property=\"og:site_name\" content=\"WindEurope Technology Workshop 2024\" \/>\n<meta property=\"article:publisher\" content=\"https:\/\/www.facebook.com\/windeurope\/\" \/>\n<meta property=\"article:modified_time\" content=\"2024-05-08T17:47:59+00:00\" \/>\n<meta property=\"og:image\" content=\"https:\/\/windeurope.org\/wp-content\/uploads\/images\/logos\/events\/wind-energy-ireland.svg\" \/>\n<meta name=\"twitter:card\" content=\"summary_large_image\" \/>\n<meta name=\"twitter:site\" content=\"@windeurope\" \/>\n<meta name=\"twitter:label1\" content=\"Est. reading time\" \/>\n\t<meta name=\"twitter:data1\" content=\"5 minutes\" \/>\n<script type=\"application\/ld+json\" class=\"yoast-schema-graph\">{\"@context\":\"https:\/\/schema.org\",\"@graph\":[{\"@type\":\"WebPage\",\"@id\":\"https:\/\/windeurope.org\/tech2024\/information\/your-guide-to-dublin\/\",\"url\":\"https:\/\/windeurope.org\/tech2024\/information\/your-guide-to-dublin\/\",\"name\":\"Your guide to Dublin | WindEurope Technology Workshop 2024\",\"isPartOf\":{\"@id\":\"https:\/\/windeurope.org\/tech2024\/#website\"},\"primaryImageOfPage\":{\"@id\":\"https:\/\/windeurope.org\/tech2024\/information\/your-guide-to-dublin\/#primaryimage\"},\"image\":{\"@id\":\"https:\/\/windeurope.org\/tech2024\/information\/your-guide-to-dublin\/#primaryimage\"},\"thumbnailUrl\":\"https:\/\/windeurope.org\/wp-content\/uploads\/images\/logos\/events\/wind-energy-ireland.svg\",\"datePublished\":\"2024-04-25T15:50:58+00:00\",\"dateModified\":\"2024-05-08T17:47:59+00:00\",\"breadcrumb\":{\"@id\":\"https:\/\/windeurope.org\/tech2024\/information\/your-guide-to-dublin\/#breadcrumb\"},\"inLanguage\":\"en-US\",\"potentialAction\":[{\"@type\":\"ReadAction\",\"target\":[\"https:\/\/windeurope.org\/tech2024\/information\/your-guide-to-dublin\/\"]}]},{\"@type\":\"ImageObject\",\"inLanguage\":\"en-US\",\"@id\":\"https:\/\/windeurope.org\/tech2024\/information\/your-guide-to-dublin\/#primaryimage\",\"url\":\"https:\/\/windeurope.org\/wp-content\/uploads\/images\/logos\/events\/wind-energy-ireland.svg\",\"contentUrl\":\"https:\/\/windeurope.org\/wp-content\/uploads\/images\/logos\/events\/wind-energy-ireland.svg\"},{\"@type\":\"BreadcrumbList\",\"@id\":\"https:\/\/windeurope.org\/tech2024\/information\/your-guide-to-dublin\/#breadcrumb\",\"itemListElement\":[{\"@type\":\"ListItem\",\"position\":1,\"name\":\"Home\",\"item\":\"https:\/\/windeurope.org\/tech2024\/\"},{\"@type\":\"ListItem\",\"position\":2,\"name\":\"Practical information\",\"item\":\"https:\/\/windeurope.org\/tech2024\/information\/\"},{\"@type\":\"ListItem\",\"position\":3,\"name\":\"Your guide to Dublin\"}]},{\"@type\":\"WebSite\",\"@id\":\"https:\/\/windeurope.org\/tech2024\/#website\",\"url\":\"https:\/\/windeurope.org\/tech2024\/\",\"name\":\"WindEurope Technology Workshop 2024\",\"description\":\"Resource Assessment &amp; Analysis of Operating Wind Farms 2024\",\"publisher\":{\"@id\":\"https:\/\/windeurope.org\/tech2024\/#organization\"},\"potentialAction\":[{\"@type\":\"SearchAction\",\"target\":{\"@type\":\"EntryPoint\",\"urlTemplate\":\"https:\/\/windeurope.org\/tech2024\/?s={search_term_string}\"},\"query-input\":{\"@type\":\"PropertyValueSpecification\",\"valueRequired\":true,\"valueName\":\"search_term_string\"}}],\"inLanguage\":\"en-US\"},{\"@type\":\"Organization\",\"@id\":\"https:\/\/windeurope.org\/tech2024\/#organization\",\"name\":\"WindEurope\",\"url\":\"https:\/\/windeurope.org\/tech2024\/\",\"logo\":{\"@type\":\"ImageObject\",\"inLanguage\":\"en-US\",\"@id\":\"https:\/\/windeurope.org\/tech2024\/#\/schema\/logo\/image\/\",\"url\":\"https:\/\/windeurope.org\/tech2024\/wp-content\/uploads\/WindEurope-SQ.gif\",\"contentUrl\":\"https:\/\/windeurope.org\/tech2024\/wp-content\/uploads\/WindEurope-SQ.gif\",\"width\":1000,\"height\":1000,\"caption\":\"WindEurope\"},\"image\":{\"@id\":\"https:\/\/windeurope.org\/tech2024\/#\/schema\/logo\/image\/\"},\"sameAs\":[\"https:\/\/www.facebook.com\/windeurope\/\",\"https:\/\/x.com\/windeurope\",\"https:\/\/www.instagram.com\/windeurope\/\",\"https:\/\/www.linkedin.com\/company\/windeurope\",\"https:\/\/www.youtube.com\/c\/windeurope\",\"https:\/\/en.wikipedia.org\/wiki\/WindEurope\"]}]}<\/script>\n<!-- \/ Yoast SEO plugin. -->","yoast_head_json":{"title":"Your guide to Dublin | WindEurope Technology Workshop 2024","robots":{"index":"index","follow":"follow","max-snippet":"max-snippet:-1","max-image-preview":"max-image-preview:large","max-video-preview":"max-video-preview:-1"},"canonical":"https:\/\/windeurope.org\/tech2024\/information\/your-guide-to-dublin\/","og_locale":"en_US","og_type":"article","og_title":"Your guide to Dublin | WindEurope Technology Workshop 2024","og_description":"This year, we bid you a warm welcome to one of Europe\u2019s iconic windy cities \u2013 Dublin. Go n-\u00e9ir\u00ed an bothar leat, go raibh c\u00f3ir na gaoithe i gc\u00f3na\u00ed leat! &#8211; May the road rise to meet you, and may the wind always be at your back! Sitting at the end of the Gulf Stream, [&hellip;]","og_url":"https:\/\/windeurope.org\/tech2024\/information\/your-guide-to-dublin\/","og_site_name":"WindEurope Technology Workshop 2024","article_publisher":"https:\/\/www.facebook.com\/windeurope\/","article_modified_time":"2024-05-08T17:47:59+00:00","og_image":[{"url":"https:\/\/windeurope.org\/wp-content\/uploads\/images\/logos\/events\/wind-energy-ireland.svg","type":"","width":"","height":""}],"twitter_card":"summary_large_image","twitter_site":"@windeurope","twitter_misc":{"Est. reading time":"5 minutes"},"schema":{"@context":"https:\/\/schema.org","@graph":[{"@type":"WebPage","@id":"https:\/\/windeurope.org\/tech2024\/information\/your-guide-to-dublin\/","url":"https:\/\/windeurope.org\/tech2024\/information\/your-guide-to-dublin\/","name":"Your guide to Dublin | WindEurope Technology Workshop 2024","isPartOf":{"@id":"https:\/\/windeurope.org\/tech2024\/#website"},"primaryImageOfPage":{"@id":"https:\/\/windeurope.org\/tech2024\/information\/your-guide-to-dublin\/#primaryimage"},"image":{"@id":"https:\/\/windeurope.org\/tech2024\/information\/your-guide-to-dublin\/#primaryimage"},"thumbnailUrl":"https:\/\/windeurope.org\/wp-content\/uploads\/images\/logos\/events\/wind-energy-ireland.svg","datePublished":"2024-04-25T15:50:58+00:00","dateModified":"2024-05-08T17:47:59+00:00","breadcrumb":{"@id":"https:\/\/windeurope.org\/tech2024\/information\/your-guide-to-dublin\/#breadcrumb"},"inLanguage":"en-US","potentialAction":[{"@type":"ReadAction","target":["https:\/\/windeurope.org\/tech2024\/information\/your-guide-to-dublin\/"]}]},{"@type":"ImageObject","inLanguage":"en-US","@id":"https:\/\/windeurope.org\/tech2024\/information\/your-guide-to-dublin\/#primaryimage","url":"https:\/\/windeurope.org\/wp-content\/uploads\/images\/logos\/events\/wind-energy-ireland.svg","contentUrl":"https:\/\/windeurope.org\/wp-content\/uploads\/images\/logos\/events\/wind-energy-ireland.svg"},{"@type":"BreadcrumbList","@id":"https:\/\/windeurope.org\/tech2024\/information\/your-guide-to-dublin\/#breadcrumb","itemListElement":[{"@type":"ListItem","position":1,"name":"Home","item":"https:\/\/windeurope.org\/tech2024\/"},{"@type":"ListItem","position":2,"name":"Practical information","item":"https:\/\/windeurope.org\/tech2024\/information\/"},{"@type":"ListItem","position":3,"name":"Your guide to Dublin"}]},{"@type":"WebSite","@id":"https:\/\/windeurope.org\/tech2024\/#website","url":"https:\/\/windeurope.org\/tech2024\/","name":"WindEurope Technology Workshop 2024","description":"Resource Assessment &amp; Analysis of Operating Wind Farms 2024","publisher":{"@id":"https:\/\/windeurope.org\/tech2024\/#organization"},"potentialAction":[{"@type":"SearchAction","target":{"@type":"EntryPoint","urlTemplate":"https:\/\/windeurope.org\/tech2024\/?s={search_term_string}"},"query-input":{"@type":"PropertyValueSpecification","valueRequired":true,"valueName":"search_term_string"}}],"inLanguage":"en-US"},{"@type":"Organization","@id":"https:\/\/windeurope.org\/tech2024\/#organization","name":"WindEurope","url":"https:\/\/windeurope.org\/tech2024\/","logo":{"@type":"ImageObject","inLanguage":"en-US","@id":"https:\/\/windeurope.org\/tech2024\/#\/schema\/logo\/image\/","url":"https:\/\/windeurope.org\/tech2024\/wp-content\/uploads\/WindEurope-SQ.gif","contentUrl":"https:\/\/windeurope.org\/tech2024\/wp-content\/uploads\/WindEurope-SQ.gif","width":1000,"height":1000,"caption":"WindEurope"},"image":{"@id":"https:\/\/windeurope.org\/tech2024\/#\/schema\/logo\/image\/"},"sameAs":["https:\/\/www.facebook.com\/windeurope\/","https:\/\/x.com\/windeurope","https:\/\/www.instagram.com\/windeurope\/","https:\/\/www.linkedin.com\/company\/windeurope","https:\/\/www.youtube.com\/c\/windeurope","https:\/\/en.wikipedia.org\/wiki\/WindEurope"]}]}},"_links":{"self":[{"href":"https:\/\/windeurope.org\/tech2024\/wp-json\/wp\/v2\/pages\/370","targetHints":{"allow":["GET"]}}],"collection":[{"href":"https:\/\/windeurope.org\/tech2024\/wp-json\/wp\/v2\/pages"}],"about":[{"href":"https:\/\/windeurope.org\/tech2024\/wp-json\/wp\/v2\/types\/page"}],"author":[{"embeddable":true,"href":"https:\/\/windeurope.org\/tech2024\/wp-json\/wp\/v2\/users\/8"}],"replies":[{"embeddable":true,"href":"https:\/\/windeurope.org\/tech2024\/wp-json\/wp\/v2\/comments?post=370"}],"version-history":[{"count":15,"href":"https:\/\/windeurope.org\/tech2024\/wp-json\/wp\/v2\/pages\/370\/revisions"}],"predecessor-version":[{"id":379,"href":"https:\/\/windeurope.org\/tech2024\/wp-json\/wp\/v2\/pages\/370\/revisions\/379"}],"up":[{"embeddable":true,"href":"https:\/\/windeurope.org\/tech2024\/wp-json\/wp\/v2\/pages\/64"}],"wp:attachment":[{"href":"https:\/\/windeurope.org\/tech2024\/wp-json\/wp\/v2\/media?parent=370"}],"wp:term":[{"taxonomy":"category","embeddable":true,"href":"https:\/\/windeurope.org\/tech2024\/wp-json\/wp\/v2\/categories?post=370"},{"taxonomy":"post_tag","embeddable":true,"href":"https:\/\/windeurope.org\/tech2024\/wp-json\/wp\/v2\/tags?post=370"}],"curies":[{"name":"wp","href":"https:\/\/api.w.org\/{rel}","templated":true}]}}