{"id":580,"date":"2019-07-08T20:44:10","date_gmt":"2019-07-08T18:44:10","guid":{"rendered":"https:\/\/windeurope.org\/offshore2019\/networking\/gala-dinner\/"},"modified":"2019-11-20T18:27:22","modified_gmt":"2019-11-20T17:27:22","slug":"gala-dinner","status":"publish","type":"page","link":"https:\/\/windeurope.org\/offshore2019\/networking\/gala-dinner\/","title":{"rendered":"Gala Dinner"},"content":{"rendered":"<section class=\"inner\">\r\n<div class=\"row\">\r\n  <div class=\"col-24 col-md-8 m-b-2 a-center\">\r\n<img decoding=\"async\" src=\"https:\/\/windeurope.org\/offshore2019\/images\/networking\/gala-dinner.jpg\" class=\"circle\">\r\n<p class=\"fine-print m-t-2\"><a href=\"https:\/\/www.skyfish.com\/p\/copenhagenmediacenter\/?ref=offshore2019\" rel=\"noopener noreferrer\" target=\"_blank\">\u00a9 Copenhagen Media Center<\/a><\/p>\r\n<\/div>\r\n  <div class=\"col-24 col-md-16\">\r\n<h2>Gala Dinner<\/h2>\r\n<h4><strong>When:<\/strong> Wednesday 27 November, 19:30 \u2013 22:30<\/h4>\r\n<h4><strong>Where:<\/strong> Copenhagen City Hall<\/h4>\r\n<h4><strong>Dress code:<\/strong> Business attire<\/h4>\r\n<h4><strong>Open to:<\/strong> Tickets can be purchased as an add-on during <a href=\"https:\/\/windeurope.org\/offshore2019\/registration\/\">registration<\/a> for \u20ac 160<\/h4>\r\n\r\n<hr>\r\n\r\n<p>This event\u2019s Gala dinner will take place in the Copenhagen City Hall, within the building\u2019s Main Hall.\r\n<\/p>\r\n<p>The building is situated on The City Hall Square in central Copenhagen, and was built in the years 1892-1905.  <\/p>\r\n<p>Guests will experience the culinary delights which Denmark is so renowned for, in the form of a 3-course dinner, all while being seated alongside the cr\u00e8me de la cr\u00e8me of the wind industry!  <\/p>\r\n\r\n<em>Getting to the City Hall is really straightforward by metro or with a taxi, we suggest the below:<\/em>\r\n<li>To get there by <a href=\"https:\/\/www.google.com\/maps\/dir\/Bella+Center,+Center+Boulevard,+Copenhagen+Municipality,+Denmark\/City+Hall+Square,+Copenhagen,+Denmark\/@55.6605566,12.5450747,13z\/data=!3m1!4b1!4m18!4m17!1m5!1m1!1s0x465254a363269c3d:0x61db300fc92fb898!2m2!1d12.5785788!2d55.63749!1m5!1m1!1s0x4652530dfbdd1e99:0x2717b01caaedfd10!2m2!1d12.5691285!2d55.6759142!2m3!6e0!7e2!8j1574880900!3e3\">metro<\/a> (23 minutes) take M1 Vanl\u00f8se st. After 5 stops change at Kongens Nytorv and take M3 via K\u00f8benhavn H for 2 stops, now you have reached your destination (Stop: R\u00e5dhuspladsen). This stop drops you directly at the City Hall<\/li>\r\n<li>A taxi would be around 10\u201115 minutes and cost 100 dkk\/\u20ac13<\/li>\r\n<br>\r\nSimilarly, guests will be free to make their own transport arrangements after the dinner\r\n\r\n\r\n \r\n<hr>\r\n<h4>Sponsored by<\/h4>\r\n<a href=\"https:\/\/www.iberdrola.com\/#ref=offshore2019\" target=\"_blank\" rel=\"noopener noreferrer\"><img decoding=\"async\" class=\"networking logo\" alt=\"iberdrola\" src=\"https:\/\/windeurope.org\/offshore2019\/images\/logos\/sponsors\/iberdrola.svg\"><\/a>\r\n<p>&nbsp;<\/p>\r\n<h4>Hosted by<\/h4>\r\n<a href=\"https:\/\/www.wonderfulcopenhagen.dk\/?ref=offshore2019\" target=\"_blank\" rel=\"noopener noreferrer\"><img decoding=\"async\" class=\"networking logo\" alt=\"iberdrola\" src=\"https:\/\/windeurope.org\/offshore2019\/images\/logos\/partners\/wonderful-copenhagen.svg\"><\/a><a href=\"https:\/\/international.kk.dk\/?ref=offshore2019\" rel=\"noopener noreferrer\" target=\"_blank\"><img decoding=\"async\" style=\"max-width:250px;margin-top: -19px;margin-left: -22px;\" src=\"https:\/\/windeurope.org\/offshore2019\/images\/logos\/partners\/city-of-copenhagen.png\"><\/a>\r\n  <\/div>\r\n<\/div>\r\n<\/section>","protected":false},"excerpt":{"rendered":"<p>\u00a9 Copenhagen Media Center Gala Dinner When: Wednesday 27 November, 19:30 \u2013 22:30 Where: Copenhagen City Hall Dress code: Business attire Open to: Tickets can be purchased as an add-on during registration for \u20ac 160 This event\u2019s Gala dinner will take place in the Copenhagen City Hall, within the building\u2019s Main Hall. The building is [&hellip;]<\/p>\n","protected":false},"author":4,"featured_media":0,"parent":175,"menu_order":3,"comment_status":"closed","ping_status":"closed","template":"","meta":{"footnotes":""},"categories":[],"tags":[],"class_list":["post-580","page","type-page","status-publish","hentry"],"yoast_head":"<!-- This site is optimized with the Yoast SEO plugin v23.2 - https:\/\/yoast.com\/wordpress\/plugins\/seo\/ -->\n<title>Gala Dinner - WindEurope Offshore 2019<\/title>\n<meta name=\"robots\" content=\"index, follow, max-snippet:-1, max-image-preview:large, max-video-preview:-1\" \/>\n<link rel=\"canonical\" href=\"https:\/\/windeurope.org\/offshore2019\/networking\/gala-dinner\/\" \/>\n<meta property=\"og:locale\" content=\"en_US\" \/>\n<meta property=\"og:type\" content=\"article\" \/>\n<meta property=\"og:title\" content=\"Gala Dinner - WindEurope Offshore 2019\" \/>\n<meta property=\"og:description\" content=\"\u00a9 Copenhagen Media Center Gala Dinner When: Wednesday 27 November, 19:30 \u2013 22:30 Where: Copenhagen City Hall Dress code: Business attire Open to: Tickets can be purchased as an add-on during registration for \u20ac 160 This event\u2019s Gala dinner will take place in the Copenhagen City Hall, within the building\u2019s Main Hall. The building is [&hellip;]\" \/>\n<meta property=\"og:url\" content=\"https:\/\/windeurope.org\/offshore2019\/networking\/gala-dinner\/\" \/>\n<meta property=\"og:site_name\" content=\"WindEurope Offshore 2019\" \/>\n<meta property=\"article:publisher\" content=\"https:\/\/www.facebook.com\/windeurope\/\" \/>\n<meta property=\"article:modified_time\" content=\"2019-11-20T17:27:22+00:00\" \/>\n<meta property=\"og:image\" content=\"https:\/\/windeurope.org\/offshore2019\/images\/networking\/gala-dinner.jpg\" \/>\n<meta name=\"twitter:card\" content=\"summary_large_image\" \/>\n<meta name=\"twitter:site\" content=\"@WindEuropeEvent\" \/>\n<meta name=\"twitter:label1\" content=\"Est. reading time\" \/>\n\t<meta name=\"twitter:data1\" content=\"1 minute\" \/>\n<script type=\"application\/ld+json\" class=\"yoast-schema-graph\">{\"@context\":\"https:\/\/schema.org\",\"@graph\":[{\"@type\":\"WebPage\",\"@id\":\"https:\/\/windeurope.org\/offshore2019\/networking\/gala-dinner\/\",\"url\":\"https:\/\/windeurope.org\/offshore2019\/networking\/gala-dinner\/\",\"name\":\"Gala Dinner - WindEurope Offshore 2019\",\"isPartOf\":{\"@id\":\"https:\/\/windeurope.org\/offshore2019\/#website\"},\"primaryImageOfPage\":{\"@id\":\"https:\/\/windeurope.org\/offshore2019\/networking\/gala-dinner\/#primaryimage\"},\"image\":{\"@id\":\"https:\/\/windeurope.org\/offshore2019\/networking\/gala-dinner\/#primaryimage\"},\"thumbnailUrl\":\"https:\/\/windeurope.org\/offshore2019\/images\/networking\/gala-dinner.jpg\",\"datePublished\":\"2019-07-08T18:44:10+00:00\",\"dateModified\":\"2019-11-20T17:27:22+00:00\",\"breadcrumb\":{\"@id\":\"https:\/\/windeurope.org\/offshore2019\/networking\/gala-dinner\/#breadcrumb\"},\"inLanguage\":\"en-US\",\"potentialAction\":[{\"@type\":\"ReadAction\",\"target\":[\"https:\/\/windeurope.org\/offshore2019\/networking\/gala-dinner\/\"]}]},{\"@type\":\"ImageObject\",\"inLanguage\":\"en-US\",\"@id\":\"https:\/\/windeurope.org\/offshore2019\/networking\/gala-dinner\/#primaryimage\",\"url\":\"https:\/\/windeurope.org\/offshore2019\/images\/networking\/gala-dinner.jpg\",\"contentUrl\":\"https:\/\/windeurope.org\/offshore2019\/images\/networking\/gala-dinner.jpg\"},{\"@type\":\"BreadcrumbList\",\"@id\":\"https:\/\/windeurope.org\/offshore2019\/networking\/gala-dinner\/#breadcrumb\",\"itemListElement\":[{\"@type\":\"ListItem\",\"position\":1,\"name\":\"Home\",\"item\":\"https:\/\/windeurope.org\/offshore2019\/\"},{\"@type\":\"ListItem\",\"position\":2,\"name\":\"Social &#038; Side events\",\"item\":\"https:\/\/windeurope.org\/offshore2019\/networking\/\"},{\"@type\":\"ListItem\",\"position\":3,\"name\":\"Gala Dinner\"}]},{\"@type\":\"WebSite\",\"@id\":\"https:\/\/windeurope.org\/offshore2019\/#website\",\"url\":\"https:\/\/windeurope.org\/offshore2019\/\",\"name\":\"WindEurope Offshore 2019\",\"description\":\"Our energy, our future\",\"potentialAction\":[{\"@type\":\"SearchAction\",\"target\":{\"@type\":\"EntryPoint\",\"urlTemplate\":\"https:\/\/windeurope.org\/offshore2019\/?s={search_term_string}\"},\"query-input\":\"required name=search_term_string\"}],\"inLanguage\":\"en-US\"}]}<\/script>\n<!-- \/ Yoast SEO plugin. -->","yoast_head_json":{"title":"Gala Dinner - WindEurope Offshore 2019","robots":{"index":"index","follow":"follow","max-snippet":"max-snippet:-1","max-image-preview":"max-image-preview:large","max-video-preview":"max-video-preview:-1"},"canonical":"https:\/\/windeurope.org\/offshore2019\/networking\/gala-dinner\/","og_locale":"en_US","og_type":"article","og_title":"Gala Dinner - WindEurope Offshore 2019","og_description":"\u00a9 Copenhagen Media Center Gala Dinner When: Wednesday 27 November, 19:30 \u2013 22:30 Where: Copenhagen City Hall Dress code: Business attire Open to: Tickets can be purchased as an add-on during registration for \u20ac 160 This event\u2019s Gala dinner will take place in the Copenhagen City Hall, within the building\u2019s Main Hall. The building is [&hellip;]","og_url":"https:\/\/windeurope.org\/offshore2019\/networking\/gala-dinner\/","og_site_name":"WindEurope Offshore 2019","article_publisher":"https:\/\/www.facebook.com\/windeurope\/","article_modified_time":"2019-11-20T17:27:22+00:00","og_image":[{"url":"https:\/\/windeurope.org\/offshore2019\/images\/networking\/gala-dinner.jpg"}],"twitter_card":"summary_large_image","twitter_site":"@WindEuropeEvent","twitter_misc":{"Est. reading time":"1 minute"},"schema":{"@context":"https:\/\/schema.org","@graph":[{"@type":"WebPage","@id":"https:\/\/windeurope.org\/offshore2019\/networking\/gala-dinner\/","url":"https:\/\/windeurope.org\/offshore2019\/networking\/gala-dinner\/","name":"Gala Dinner - WindEurope Offshore 2019","isPartOf":{"@id":"https:\/\/windeurope.org\/offshore2019\/#website"},"primaryImageOfPage":{"@id":"https:\/\/windeurope.org\/offshore2019\/networking\/gala-dinner\/#primaryimage"},"image":{"@id":"https:\/\/windeurope.org\/offshore2019\/networking\/gala-dinner\/#primaryimage"},"thumbnailUrl":"https:\/\/windeurope.org\/offshore2019\/images\/networking\/gala-dinner.jpg","datePublished":"2019-07-08T18:44:10+00:00","dateModified":"2019-11-20T17:27:22+00:00","breadcrumb":{"@id":"https:\/\/windeurope.org\/offshore2019\/networking\/gala-dinner\/#breadcrumb"},"inLanguage":"en-US","potentialAction":[{"@type":"ReadAction","target":["https:\/\/windeurope.org\/offshore2019\/networking\/gala-dinner\/"]}]},{"@type":"ImageObject","inLanguage":"en-US","@id":"https:\/\/windeurope.org\/offshore2019\/networking\/gala-dinner\/#primaryimage","url":"https:\/\/windeurope.org\/offshore2019\/images\/networking\/gala-dinner.jpg","contentUrl":"https:\/\/windeurope.org\/offshore2019\/images\/networking\/gala-dinner.jpg"},{"@type":"BreadcrumbList","@id":"https:\/\/windeurope.org\/offshore2019\/networking\/gala-dinner\/#breadcrumb","itemListElement":[{"@type":"ListItem","position":1,"name":"Home","item":"https:\/\/windeurope.org\/offshore2019\/"},{"@type":"ListItem","position":2,"name":"Social &#038; Side events","item":"https:\/\/windeurope.org\/offshore2019\/networking\/"},{"@type":"ListItem","position":3,"name":"Gala Dinner"}]},{"@type":"WebSite","@id":"https:\/\/windeurope.org\/offshore2019\/#website","url":"https:\/\/windeurope.org\/offshore2019\/","name":"WindEurope Offshore 2019","description":"Our energy, our future","potentialAction":[{"@type":"SearchAction","target":{"@type":"EntryPoint","urlTemplate":"https:\/\/windeurope.org\/offshore2019\/?s={search_term_string}"},"query-input":"required name=search_term_string"}],"inLanguage":"en-US"}]}},"_links":{"self":[{"href":"https:\/\/windeurope.org\/offshore2019\/wp-json\/wp\/v2\/pages\/580"}],"collection":[{"href":"https:\/\/windeurope.org\/offshore2019\/wp-json\/wp\/v2\/pages"}],"about":[{"href":"https:\/\/windeurope.org\/offshore2019\/wp-json\/wp\/v2\/types\/page"}],"author":[{"embeddable":true,"href":"https:\/\/windeurope.org\/offshore2019\/wp-json\/wp\/v2\/users\/4"}],"replies":[{"embeddable":true,"href":"https:\/\/windeurope.org\/offshore2019\/wp-json\/wp\/v2\/comments?post=580"}],"version-history":[{"count":20,"href":"https:\/\/windeurope.org\/offshore2019\/wp-json\/wp\/v2\/pages\/580\/revisions"}],"predecessor-version":[{"id":2827,"href":"https:\/\/windeurope.org\/offshore2019\/wp-json\/wp\/v2\/pages\/580\/revisions\/2827"}],"up":[{"embeddable":true,"href":"https:\/\/windeurope.org\/offshore2019\/wp-json\/wp\/v2\/pages\/175"}],"wp:attachment":[{"href":"https:\/\/windeurope.org\/offshore2019\/wp-json\/wp\/v2\/media?parent=580"}],"wp:term":[{"taxonomy":"category","embeddable":true,"href":"https:\/\/windeurope.org\/offshore2019\/wp-json\/wp\/v2\/categories?post=580"},{"taxonomy":"post_tag","embeddable":true,"href":"https:\/\/windeurope.org\/offshore2019\/wp-json\/wp\/v2\/tags?post=580"}],"curies":[{"name":"wp","href":"https:\/\/api.w.org\/{rel}","templated":true}]}}