{"id":2922,"date":"2019-11-24T17:45:05","date_gmt":"2019-11-24T16:45:05","guid":{"rendered":"https:\/\/windeurope.org\/offshore2019\/networking\/new-wind-energy-report\/"},"modified":"2019-11-24T17:46:04","modified_gmt":"2019-11-24T16:46:04","slug":"new-wind-energy-report","status":"publish","type":"page","link":"https:\/\/windeurope.org\/offshore2019\/networking\/new-wind-energy-report\/","title":{"rendered":"New Wind Energy Report: presented by KPMG &#038; Siemens Gamesa Renewable Energy"},"content":{"rendered":"<section class=\"inner\">\r\n<div class=\"row\">\r\n  <div class=\"col-24 col-md-8 m-b-2 a-center\">\r\n<img decoding=\"async\" src=\"https:\/\/windeurope.org\/offshore2019\/images\/networking\/sgre-report.jpg\" class=\"circle\">\r\n  <\/div>\r\n  <div class=\"col-24 col-md-16\">\r\n<h2>New Wind Energy Report: presented by KPMG &amp; Siemens Gamesa Renewable Energy<\/h2>\r\n<h4><b>When:<\/b> Thursday 28 November, 12:00 \u2013 14:00<\/h4>\r\n<h4><b>Where:<\/b> Meeting room 6, level 1<\/h4>\r\n<h4><b>Open to:<\/b> All <a href=\"\/offshore2019\/registration\/\">registered<\/a> participants<\/h4>\r\n<p>We have the pleasure to invite you to attend the presentation of  the KPMG study, promoted by Siemens Gamesa (SGRE), titled: &ldquo;<a href=\"https:\/\/www.siemensgamesa.com\/en-int\/explore\/journal\/socioeconomic-report-wind-energy-2019?ref=offshore2019\" target=\"_blank\" rel=\"noopener noreferrer\"><strong>The socioeconomic impacts of wind energy in the context of  the energy transition<\/strong><\/a>&rdquo;.<\/p>\r\n<p>In this session, we offer you an opportunity to discover global  data on the significant gains that clean energy delivers to our society &#8211; and  to explore the obstacles and opportunities for the wind industry on its journey  towards delivering its full potential. <\/p>\r\n<p>The programme will consist of both presentations and a panel  debate, all of which will be moderated by Camilla Holbech, Wind Denmark. Focus  will be to discuss what can be learned from the wind energy experiences of  challenges and success in Northern Europe. <\/p>\r\n<p>The programme for this session is: <\/p>\r\n<ul>\r\n  <li>12.00-12.20  Keynote with Benjamin Hunt, Global Head of Corporate affairs, Siemens Gamesa <\/li>\r\n  <li>12.20-12.45  KPMG presents the report highlights by S\u00f8ren Skovg\u00e5rd M\u00f8ller, Director, KPMG<\/li>\r\n  <li>12.45-13.15  Panel discussion on wind energy &#8211; the socioeconomic impact, challenges  realising the potential of wind energy and leanings for these challenges. <strong>Panel attendees are:<\/strong>\r\n    <ul>\r\n      <li>Kirstine  Damkj\u00e6r, CEO, EKF<\/li>\r\n      <li>Andreas  Wagner German Offshore Foundation<\/li>\r\n      <li>Morten  M\u00f8nster, Partner, KPMG<\/li>\r\n      <li>Morten Pilgaard  Rasmussen, Global Offshore CTO, Siemens Gamesa<\/li>\r\n      <li>Torben  Brabo, CEO Gas-TSO, Energinet<\/li>\r\n    <\/ul>\r\n  <\/li>\r\n  <li>13:15 Q&amp;A from  Audience.<\/li>\r\n<\/ul>\r\n  <\/div>\r\n<\/div>\r\n<\/section>","protected":false},"excerpt":{"rendered":"<p>New Wind Energy Report: presented by KPMG &amp; Siemens Gamesa Renewable Energy When: Thursday 28 November, 12:00 \u2013 14:00 Where: Meeting room 6, level 1 Open to: All registered participants We have the pleasure to invite you to attend the presentation of the KPMG study, promoted by Siemens Gamesa (SGRE), titled: &ldquo;The socioeconomic impacts of [&hellip;]<\/p>\n","protected":false},"author":4,"featured_media":0,"parent":175,"menu_order":0,"comment_status":"closed","ping_status":"closed","template":"","meta":{"footnotes":""},"categories":[],"tags":[],"class_list":["post-2922","page","type-page","status-publish","hentry"],"yoast_head":"<!-- This site is optimized with the Yoast SEO plugin v23.2 - https:\/\/yoast.com\/wordpress\/plugins\/seo\/ -->\n<title>New Wind Energy Report: presented by KPMG &amp; Siemens Gamesa Renewable Energy - WindEurope Offshore 2019<\/title>\n<meta name=\"robots\" content=\"index, follow, max-snippet:-1, max-image-preview:large, max-video-preview:-1\" \/>\n<link rel=\"canonical\" href=\"https:\/\/windeurope.org\/offshore2019\/networking\/new-wind-energy-report\/\" \/>\n<meta property=\"og:locale\" content=\"en_US\" \/>\n<meta property=\"og:type\" content=\"article\" \/>\n<meta property=\"og:title\" content=\"New Wind Energy Report: presented by KPMG &amp; Siemens Gamesa Renewable Energy - WindEurope Offshore 2019\" \/>\n<meta property=\"og:description\" content=\"New Wind Energy Report: presented by KPMG &amp; Siemens Gamesa Renewable Energy When: Thursday 28 November, 12:00 \u2013 14:00 Where: Meeting room 6, level 1 Open to: All registered participants We have the pleasure to invite you to attend the presentation of the KPMG study, promoted by Siemens Gamesa (SGRE), titled: &ldquo;The socioeconomic impacts of [&hellip;]\" \/>\n<meta property=\"og:url\" content=\"https:\/\/windeurope.org\/offshore2019\/networking\/new-wind-energy-report\/\" \/>\n<meta property=\"og:site_name\" content=\"WindEurope Offshore 2019\" \/>\n<meta property=\"article:publisher\" content=\"https:\/\/www.facebook.com\/windeurope\/\" \/>\n<meta property=\"article:modified_time\" content=\"2019-11-24T16:46:04+00:00\" \/>\n<meta property=\"og:image\" content=\"https:\/\/windeurope.org\/offshore2019\/wp-content\/uploads\/Offshore2019-SM-campaign.jpg\" \/>\n\t<meta property=\"og:image:width\" content=\"1200\" \/>\n\t<meta property=\"og:image:height\" content=\"650\" \/>\n\t<meta property=\"og:image:type\" content=\"image\/jpeg\" \/>\n<meta name=\"twitter:card\" content=\"summary_large_image\" \/>\n<meta name=\"twitter:site\" content=\"@WindEuropeEvent\" \/>\n<meta name=\"twitter:label1\" content=\"Est. reading time\" \/>\n\t<meta name=\"twitter:data1\" content=\"1 minute\" \/>\n<script type=\"application\/ld+json\" class=\"yoast-schema-graph\">{\"@context\":\"https:\/\/schema.org\",\"@graph\":[{\"@type\":\"WebPage\",\"@id\":\"https:\/\/windeurope.org\/offshore2019\/networking\/new-wind-energy-report\/\",\"url\":\"https:\/\/windeurope.org\/offshore2019\/networking\/new-wind-energy-report\/\",\"name\":\"New Wind Energy Report: presented by KPMG & Siemens Gamesa Renewable Energy - WindEurope Offshore 2019\",\"isPartOf\":{\"@id\":\"https:\/\/windeurope.org\/offshore2019\/#website\"},\"datePublished\":\"2019-11-24T16:45:05+00:00\",\"dateModified\":\"2019-11-24T16:46:04+00:00\",\"breadcrumb\":{\"@id\":\"https:\/\/windeurope.org\/offshore2019\/networking\/new-wind-energy-report\/#breadcrumb\"},\"inLanguage\":\"en-US\",\"potentialAction\":[{\"@type\":\"ReadAction\",\"target\":[\"https:\/\/windeurope.org\/offshore2019\/networking\/new-wind-energy-report\/\"]}]},{\"@type\":\"BreadcrumbList\",\"@id\":\"https:\/\/windeurope.org\/offshore2019\/networking\/new-wind-energy-report\/#breadcrumb\",\"itemListElement\":[{\"@type\":\"ListItem\",\"position\":1,\"name\":\"Home\",\"item\":\"https:\/\/windeurope.org\/offshore2019\/\"},{\"@type\":\"ListItem\",\"position\":2,\"name\":\"Social &#038; Side events\",\"item\":\"https:\/\/windeurope.org\/offshore2019\/networking\/\"},{\"@type\":\"ListItem\",\"position\":3,\"name\":\"New Wind Energy Report: presented by KPMG &#038; Siemens Gamesa Renewable Energy\"}]},{\"@type\":\"WebSite\",\"@id\":\"https:\/\/windeurope.org\/offshore2019\/#website\",\"url\":\"https:\/\/windeurope.org\/offshore2019\/\",\"name\":\"WindEurope Offshore 2019\",\"description\":\"Our energy, our future\",\"potentialAction\":[{\"@type\":\"SearchAction\",\"target\":{\"@type\":\"EntryPoint\",\"urlTemplate\":\"https:\/\/windeurope.org\/offshore2019\/?s={search_term_string}\"},\"query-input\":\"required name=search_term_string\"}],\"inLanguage\":\"en-US\"}]}<\/script>\n<!-- \/ Yoast SEO plugin. -->","yoast_head_json":{"title":"New Wind Energy Report: presented by KPMG & Siemens Gamesa Renewable Energy - WindEurope Offshore 2019","robots":{"index":"index","follow":"follow","max-snippet":"max-snippet:-1","max-image-preview":"max-image-preview:large","max-video-preview":"max-video-preview:-1"},"canonical":"https:\/\/windeurope.org\/offshore2019\/networking\/new-wind-energy-report\/","og_locale":"en_US","og_type":"article","og_title":"New Wind Energy Report: presented by KPMG & Siemens Gamesa Renewable Energy - WindEurope Offshore 2019","og_description":"New Wind Energy Report: presented by KPMG &amp; Siemens Gamesa Renewable Energy When: Thursday 28 November, 12:00 \u2013 14:00 Where: Meeting room 6, level 1 Open to: All registered participants We have the pleasure to invite you to attend the presentation of the KPMG study, promoted by Siemens Gamesa (SGRE), titled: &ldquo;The socioeconomic impacts of [&hellip;]","og_url":"https:\/\/windeurope.org\/offshore2019\/networking\/new-wind-energy-report\/","og_site_name":"WindEurope Offshore 2019","article_publisher":"https:\/\/www.facebook.com\/windeurope\/","article_modified_time":"2019-11-24T16:46:04+00:00","og_image":[{"width":1200,"height":650,"url":"https:\/\/windeurope.org\/offshore2019\/wp-content\/uploads\/Offshore2019-SM-campaign.jpg","type":"image\/jpeg"}],"twitter_card":"summary_large_image","twitter_site":"@WindEuropeEvent","twitter_misc":{"Est. reading time":"1 minute"},"schema":{"@context":"https:\/\/schema.org","@graph":[{"@type":"WebPage","@id":"https:\/\/windeurope.org\/offshore2019\/networking\/new-wind-energy-report\/","url":"https:\/\/windeurope.org\/offshore2019\/networking\/new-wind-energy-report\/","name":"New Wind Energy Report: presented by KPMG & Siemens Gamesa Renewable Energy - WindEurope Offshore 2019","isPartOf":{"@id":"https:\/\/windeurope.org\/offshore2019\/#website"},"datePublished":"2019-11-24T16:45:05+00:00","dateModified":"2019-11-24T16:46:04+00:00","breadcrumb":{"@id":"https:\/\/windeurope.org\/offshore2019\/networking\/new-wind-energy-report\/#breadcrumb"},"inLanguage":"en-US","potentialAction":[{"@type":"ReadAction","target":["https:\/\/windeurope.org\/offshore2019\/networking\/new-wind-energy-report\/"]}]},{"@type":"BreadcrumbList","@id":"https:\/\/windeurope.org\/offshore2019\/networking\/new-wind-energy-report\/#breadcrumb","itemListElement":[{"@type":"ListItem","position":1,"name":"Home","item":"https:\/\/windeurope.org\/offshore2019\/"},{"@type":"ListItem","position":2,"name":"Social &#038; Side events","item":"https:\/\/windeurope.org\/offshore2019\/networking\/"},{"@type":"ListItem","position":3,"name":"New Wind Energy Report: presented by KPMG &#038; Siemens Gamesa Renewable Energy"}]},{"@type":"WebSite","@id":"https:\/\/windeurope.org\/offshore2019\/#website","url":"https:\/\/windeurope.org\/offshore2019\/","name":"WindEurope Offshore 2019","description":"Our energy, our future","potentialAction":[{"@type":"SearchAction","target":{"@type":"EntryPoint","urlTemplate":"https:\/\/windeurope.org\/offshore2019\/?s={search_term_string}"},"query-input":"required name=search_term_string"}],"inLanguage":"en-US"}]}},"_links":{"self":[{"href":"https:\/\/windeurope.org\/offshore2019\/wp-json\/wp\/v2\/pages\/2922"}],"collection":[{"href":"https:\/\/windeurope.org\/offshore2019\/wp-json\/wp\/v2\/pages"}],"about":[{"href":"https:\/\/windeurope.org\/offshore2019\/wp-json\/wp\/v2\/types\/page"}],"author":[{"embeddable":true,"href":"https:\/\/windeurope.org\/offshore2019\/wp-json\/wp\/v2\/users\/4"}],"replies":[{"embeddable":true,"href":"https:\/\/windeurope.org\/offshore2019\/wp-json\/wp\/v2\/comments?post=2922"}],"version-history":[{"count":1,"href":"https:\/\/windeurope.org\/offshore2019\/wp-json\/wp\/v2\/pages\/2922\/revisions"}],"predecessor-version":[{"id":2923,"href":"https:\/\/windeurope.org\/offshore2019\/wp-json\/wp\/v2\/pages\/2922\/revisions\/2923"}],"up":[{"embeddable":true,"href":"https:\/\/windeurope.org\/offshore2019\/wp-json\/wp\/v2\/pages\/175"}],"wp:attachment":[{"href":"https:\/\/windeurope.org\/offshore2019\/wp-json\/wp\/v2\/media?parent=2922"}],"wp:term":[{"taxonomy":"category","embeddable":true,"href":"https:\/\/windeurope.org\/offshore2019\/wp-json\/wp\/v2\/categories?post=2922"},{"taxonomy":"post_tag","embeddable":true,"href":"https:\/\/windeurope.org\/offshore2019\/wp-json\/wp\/v2\/tags?post=2922"}],"curies":[{"name":"wp","href":"https:\/\/api.w.org\/{rel}","templated":true}]}}