{"id":12,"date":"2018-11-01T22:49:32","date_gmt":"2018-11-01T22:49:32","guid":{"rendered":"https:\/\/windeurope.org\/offshore2019dev\/?page_id=12"},"modified":"2019-10-30T18:26:10","modified_gmt":"2019-10-30T17:26:10","slug":"conference","status":"publish","type":"page","link":"https:\/\/windeurope.org\/offshore2019\/conference\/","title":{"rendered":"Conference"},"content":{"rendered":"<section class=\"inner\">\r\n<p>The WindEurope Offshore conference is the leading-edge, international conference for the offshore wind industry. Get advanced learning, hear about important industry trends and network with your peers, potential clients and collaborators.<\/p>\r\n\r\n<!-- <h2>Call for abstracts<\/h2>\r\n \r\n<p>The abstract submission portal is now closed. Abstracts are currently being reviewed. Selected authors will be notified in early September.<\/p>\r\n\r\n <a class=\"button\" href=\"https:\/\/windeurope.org\/offshore2019\/call-for-abstracts\/\">Instructions<\/a> \r\n\r\n<p>We look forward to your contributions!<br><\/p> -->\r\n\r\n\r\n\r\n<h2>Get the full conference experience<\/h2>\r\n<div class=\"row\">\r\n  <div class=\"col col-md-16\">\r\n<ul>\r\n  <li>Hear from industry leaders and respected specialists;<\/li>\r\n  <li>See the gallery of technical posters and meet the presenters to discuss their latest work;<\/li>\r\n  <li>Visit large exhibition halls housing the entire value chain;<\/li>\r\n  <li>Attend the highly popular networking &#038; social events.<\/li>\r\n<\/ul>\r\n  <\/div>\r\n  <div class=\"col col-md-8\">\r\n<img decoding=\"async\" src=\"https:\/\/windeurope.org\/offshore2019\/images\/conference\/programme.jpg\">\r\n  <\/div>\r\n<\/div>\r\n\r\n<\/section>\r\n\r\n\r\n<section class=\"inner\">\r\n<h2>See who&#8217;s speaking<\/h2>\r\n<\/section>\r\n\r\n<!--AMBASSADORS START-->\r\n<section id=\"event-ambassadors\" class=\"inner event-ambassadors delayed\" style=\"opacity: 1;\">\r\n      <div class=\"inner\">\r\n        <!--<a href=\".\/event-ambassadors\"><h2>Event Ambassadors<\/h2><\/a>-->\r\n\t\t<h3>Event Ambassadors<\/h3>\r\n        <div class=\"row ambs\">\r\n          <div class=\"col-10 col-md-6 m-b-4 amb\">\r\n            <div class=\"overlay\">\r\n              <div class=\"logo\"><img decoding=\"async\" alt=\"MHI Vestas\" src=\"\/offshore2019\/images\/logos\/ambassadors\/mhi-vestas.svg\"><\/div>\r\n              <div class=\"desc\">\r\n                <!--<a href=\".\/event-ambassadors\" title=\"Find out more\">-->\r\n\t\t\t\t<a>\r\n                  <h2>Philippe Kavafyan<\/h2>\r\n                  <p class=\"job-title\">Chief Executive Officer, MHI Vestas<\/p>\r\n                <\/a>\r\n              <\/div>\r\n            <\/div>\r\n            <img decoding=\"async\" src=\"\/offshore2019\/images\/ambassadors\/kavafyan.jpg\" alt=\"Philippe Kavafyan\" class=\"photo\">\r\n          <\/div>\r\n\t\t  <div class=\"col-10 col-md-6 m-b-4 amb\">\r\n            <div class=\"overlay\">\r\n              <div class=\"logo\"><img decoding=\"async\" alt=\"Orsted\" src=\"\/offshore2019\/images\/logos\/ambassadors\/orsted.svg\"><\/div>\r\n              <div class=\"desc\">\r\n                <!--<a href=\".\/event-ambassadors\" title=\"Find out more\">-->\r\n\t\t\t\t<a>\r\n                  <h2>Martin Neubert<\/h2>\r\n                  <p class=\"job-title\">CEO Offshore, \u00d8rsted<\/p>\r\n                <\/a>\r\n              <\/div>\r\n            <\/div>\r\n            <img decoding=\"async\" src=\"\/offshore2019\/images\/ambassadors\/neubert.jpg\" alt=\"Martin Neubert\" class=\"photo\">\r\n          <\/div>\r\n          <div class=\"col-10 col-md-6 m-b-4 amb\">\r\n            <div class=\"overlay\">\r\n              <div class=\"logo\"><img decoding=\"async\" alt=\"Shell\" src=\"\/offshore2019\/images\/logos\/ambassadors\/shell.svg\"><\/div>\r\n              <div class=\"desc\">\r\n                <!--<a href=\".\/event-ambassadors\" title=\"Find out more\">-->\r\n\t\t\t\t<a>\r\n                  <h2>Dorine Bosman<\/h2>\r\n                  <p class=\"job-title\">Vice President Offshore Wind, Shell<\/p>\r\n                <\/a>\r\n              <\/div>\r\n            <\/div>\r\n            <img decoding=\"async\" src=\"\/offshore2019\/images\/ambassadors\/bosman.jpg\" alt=\"Dorine Bosman\" class=\"photo\">\r\n          <\/div>\r\n          <div class=\"col-10 col-md-6 m-b-4 amb\">\r\n            <div class=\"overlay\">\r\n              <div class=\"logo\"><img decoding=\"async\" alt=\"Van Oord\" src=\"\/offshore2019\/images\/logos\/ambassadors\/van-oord.svg\"><\/div>\r\n              <div class=\"desc\">\r\n                <!--<a href=\".\/event-ambassadors\" title=\"Find out more\">-->\r\n\t\t\t\t<a>\r\n                <h2>Pieter van Oord<\/h2>\r\n                  <p class=\"job-title\">Chief Executive Officer, Van Oord<\/p>\r\n                <\/a>\r\n              <\/div>\r\n            <\/div>\r\n            <img decoding=\"async\" src=\"\/offshore2019\/images\/ambassadors\/van-oord.jpg\" alt=\"Pieter van Oord\" class=\"photo\">\r\n          <\/div>\r\n        <\/div>\r\n      <\/div>\r\n    <\/section>\r\n<!--END AMBASSADORS--> \r\n\r\n<section class=\"inner\">\r\n<section id=\"speakers\" class=\"speakers-module inverse delayed\"><div class=\"title\"><div class=\"inner right\"><h1 class=\"a-center\"><a href=\"\/offshore2019\/conference\/speakers\/\">Key speakers<\/a><\/h1><p class=\"a-center\"><a href=\"\/offshore2019\/conference\/speakers\/\" title=\"Click here to see the all the speakers\" class=\"button\">See the full line-up<\/a><\/p><\/div><\/div><div class=\"speaker\"><a href=\"https:\/\/windeurope.org\/offshore2019\/conference\/speakers\/hrh-frederik\" title=\"H.R.H. Frederik\" class=\"overlay\"><h2>H.R.H. Frederik<\/h2><p>Crown Prince of Denmark<\/p><\/a><img decoding=\"async\" src=\"https:\/\/windeurope.org\/offshore2019\/images\/conference\/speakers\/frederik.jpg\"><\/div><div class=\"speaker\"><a href=\"https:\/\/windeurope.org\/offshore2019\/conference\/speakers\/zygimantas-vaiciunas\" title=\"\u017dygimantas Vai\u010di\u016bnas\" class=\"overlay\"><h2>\u017dygimantas Vai\u010di\u016bnas<\/h2><p>Minister of Energy, Lithuania<\/p><\/a><img decoding=\"async\" src=\"https:\/\/windeurope.org\/offshore2019\/images\/conference\/speakers\/vaiciunas.jpg\"><\/div><div class=\"speaker\"><a href=\"https:\/\/windeurope.org\/offshore2019\/conference\/speakers\/anja-isabel-dotzenrath\" title=\"Anja-Isabel Dotzenrath\" class=\"overlay\"><h2>Anja-Isabel Dotzenrath<\/h2><p>Chief Executive Officer, RWE Renewables<\/p><\/a><img decoding=\"async\" src=\"https:\/\/windeurope.org\/offshore2019\/images\/conference\/speakers\/dotzenrath.jpg\"><\/div><div class=\"speaker\"><a href=\"https:\/\/windeurope.org\/offshore2019\/conference\/speakers\/markus-tacke\" title=\"Markus Tacke\" class=\"overlay\"><h2>Markus Tacke<\/h2><p>CEO, Siemens Gamesa Renewable Energy<\/p><\/a><img decoding=\"async\" src=\"https:\/\/windeurope.org\/offshore2019\/images\/conference\/speakers\/tacke.jpg\"><\/div><div class=\"speaker\"><a href=\"https:\/\/windeurope.org\/offshore2019\/conference\/speakers\/gunnar-groebler\" title=\"Gunnar Groebler\" class=\"overlay\"><h2>Gunnar Groebler<\/h2><p>Senior Vice President Business Area Wind, Vattenfall \/ Chairman, WindEurope<\/p><\/a><img decoding=\"async\" src=\"https:\/\/windeurope.org\/offshore2019\/images\/conference\/speakers\/groebler.jpg\"><\/div><div class=\"speaker\"><a href=\"https:\/\/windeurope.org\/offshore2019\/conference\/speakers\/monika-morawiecka\" title=\"Monika Morawiecka\" class=\"overlay\"><h2>Monika Morawiecka<\/h2><p>CEO, PGE Baltika<\/p><\/a><img decoding=\"async\" src=\"https:\/\/windeurope.org\/offshore2019\/images\/conference\/speakers\/morawiecka.jpg\"><\/div><div class=\"speaker\"><a href=\"https:\/\/windeurope.org\/offshore2019\/conference\/speakers\/laurent-michel\" title=\"Laurent Michel\" class=\"overlay\"><h2>Laurent Michel<\/h2><p>Directeur-g\u00e9n\u00e9ral, French ministry for the ecological and solidary transition<\/p><\/a><img decoding=\"async\" src=\"https:\/\/windeurope.org\/offshore2019\/images\/conference\/speakers\/michel.jpg\"><\/div><div class=\"speaker\"><a href=\"https:\/\/windeurope.org\/offshore2019\/conference\/speakers\/danielle-merfeld\" title=\"Danielle Merfeld\" class=\"overlay\"><h2>Danielle Merfeld<\/h2><p>Vice President and Chief Technology Officer, GE Renewable Energy<\/p><\/a><img decoding=\"async\" src=\"https:\/\/windeurope.org\/offshore2019\/images\/conference\/speakers\/merfeld.jpg\"><\/div><div class=\"speaker\"><a href=\"https:\/\/windeurope.org\/offshore2019\/conference\/speakers\/henrik-stiesdal\" title=\"Henrik Stiesdal\" class=\"overlay\"><h2>Henrik Stiesdal<\/h2><p>Wind Power Pioneer and former CTO, Siemens Wind Power<\/p><\/a><img decoding=\"async\" src=\"https:\/\/windeurope.org\/offshore2019\/images\/conference\/speakers\/stiesdal.jpg\"><\/div><div class=\"speaker\"><a href=\"https:\/\/windeurope.org\/offshore2019\/conference\/speakers\/andrew-mitchell\" title=\"Andrew Mitchell\" class=\"overlay\"><h2>Andrew Mitchell<\/h2><p>HM Trade Commissioner for Europe, UK Department for International Trade<\/p><\/a><img decoding=\"async\" src=\"https:\/\/windeurope.org\/offshore2019\/images\/conference\/speakers\/mitchell.jpg\"><\/div><div class=\"speaker\"><a href=\"https:\/\/windeurope.org\/offshore2019\/conference\/speakers\/grzegorz-gorski\" title=\"Grzegorz Gorski\" class=\"overlay\"><h2>Grzegorz Gorski<\/h2><p>Managing Director Centralised Generation, ENGIE<\/p><\/a><img decoding=\"async\" src=\"https:\/\/windeurope.org\/offshore2019\/images\/conference\/speakers\/gorski.jpg\"><\/div><div class=\"speaker\"><a href=\"https:\/\/windeurope.org\/offshore2019\/conference\/speakers\/bernhard-friess\" title=\"Bernhard Friess\" class=\"overlay\"><h2>Bernhard Friess<\/h2><p>Director, Maritime Policy and Blue Economy, European Commission<\/p><\/a><img decoding=\"async\" src=\"https:\/\/windeurope.org\/offshore2019\/images\/conference\/speakers\/friess.jpg\"><\/div><div class=\"speaker\"><a href=\"https:\/\/windeurope.org\/offshore2019\/conference\/speakers\/marie-hindhede\" title=\"Marie Hindhede\" class=\"overlay\"><h2>Marie Hindhede<\/h2><p>Deputy Permanent Secretary, Denmark\u2019s Ministry of Energy, Utilities and Climate<\/p><\/a><img decoding=\"async\" src=\"https:\/\/windeurope.org\/offshore2019\/images\/conference\/speakers\/hindhede.jpg\"><\/div><div class=\"speaker\"><a href=\"https:\/\/windeurope.org\/offshore2019\/conference\/speakers\/john-lavelle\" title=\"John Lavelle\" class=\"overlay\"><h2>John Lavelle<\/h2><p>CEO Offshore, GE Renewable Energy<\/p><\/a><img decoding=\"async\" src=\"https:\/\/windeurope.org\/offshore2019\/images\/conference\/speakers\/lavelle.jpg\"><\/div><div class=\"speaker\"><a href=\"https:\/\/windeurope.org\/offshore2019\/conference\/speakers\/manon-vanbeek\" title=\"Manon van Beek\" class=\"overlay\"><h2>Manon van Beek<\/h2><p>CEO, Tennet<\/p><\/a><img decoding=\"async\" src=\"https:\/\/windeurope.org\/offshore2019\/images\/conference\/speakers\/vanbeek.jpg\"><\/div><div class=\"speaker\"><a href=\"https:\/\/windeurope.org\/offshore2019\/conference\/speakers\/eddie-o-connor\" title=\"Eddie O\u2019Connor\" class=\"overlay\"><h2>Eddie O\u2019Connor<\/h2><p>Executive Chairman, SuperNode<\/p><\/a><img decoding=\"async\" src=\"https:\/\/windeurope.org\/offshore2019\/images\/conference\/speakers\/connor.jpg\"><\/div><div class=\"speaker\"><a href=\"https:\/\/windeurope.org\/offshore2019\/conference\/speakers\/claude-turmes\" title=\"Claude Turmes\" class=\"overlay\"><h2>Claude Turmes<\/h2><p>Minister of Energy, Luxembourg\/Benelux<\/p><\/a><img decoding=\"async\" src=\"https:\/\/windeurope.org\/offshore2019\/images\/conference\/speakers\/turmes.jpg\"><\/div><div class=\"speaker\"><a href=\"https:\/\/windeurope.org\/offshore2019\/conference\/speakers\/giulia-carbone\" title=\"Giulia Carbone\" class=\"overlay\"><h2>Giulia Carbone<\/h2><p>Deputy Director, Business & Biodiversity, IUCN<\/p><\/a><img decoding=\"async\" src=\"https:\/\/windeurope.org\/offshore2019\/images\/conference\/speakers\/carbone.jpg\"><\/div><div class=\"speaker\"><a href=\"https:\/\/windeurope.org\/offshore2019\/conference\/speakers\/jonathan-cole\" title=\"Jonathan Cole\" class=\"overlay\"><h2>Jonathan Cole<\/h2><p>Managing Director \u2013 Offshore, Group Renewables Business, Iberdrola<\/p><\/a><img decoding=\"async\" src=\"https:\/\/windeurope.org\/offshore2019\/images\/conference\/speakers\/cole.jpg\"><\/div><div class=\"speaker\"><a href=\"https:\/\/windeurope.org\/offshore2019\/conference\/speakers\/catrin-jung\" title=\"Catrin Jung\" class=\"overlay\"><h2>Catrin Jung<\/h2><p>Chair of the Board, BWO<\/p><\/a><img decoding=\"async\" src=\"https:\/\/windeurope.org\/offshore2019\/images\/conference\/speakers\/jung.jpg\"><\/div><div class=\"speaker\"><a href=\"https:\/\/windeurope.org\/offshore2019\/conference\/speakers\/pim-visser\" title=\"Pim Visser\" class=\"overlay\"><h2>Pim Visser<\/h2><p>Director, VisNed \/ President, European Association of Fish Producers Organisations<\/p><\/a><img decoding=\"async\" src=\"https:\/\/windeurope.org\/offshore2019\/images\/conference\/speakers\/visser.jpg\"><\/div><div class=\"speaker\"><a href=\"https:\/\/windeurope.org\/offshore2019\/conference\/speakers\/paul-cooley\" title=\"Paul Cooley\" class=\"overlay\"><h2>Paul Cooley<\/h2><p>Managing Director, Capital Projects, SSE Renewables, SSE<\/p><\/a><img decoding=\"async\" src=\"https:\/\/windeurope.org\/offshore2019\/images\/conference\/speakers\/cooley.jpg\"><\/div><\/section>\r\n\r\n<h3 align=\"right\"><a href=\"\/offshore2019\/conference\/speakers\/\">&#8230;and many more!<\/a><\/h3>\r\n<\/section>\r\n\r\n\r\n\r\n<section class=\"inner\">\r\n<h1>Offshore Wind Energy 2017 at a glance<\/h1>\r\n<div class=\"row\">\r\n  <div class=\"col-md-8\">\r\n<h2>Day one<\/h2>\r\n<a href=\"http:\/\/offshorewind2017.com\/media-and-press\/photos\/day-one\"><img decoding=\"async\" src=\"https:\/\/c1.staticflickr.com\/5\/4284\/34325260513_6847fcd45b.jpg\" target=\"_blank\"><\/a>\r\n  <\/div>\r\n  <div class=\"col-md-8\">\r\n<h2>Day two<\/h2>\r\n<a href=\"http:\/\/offshorewind2017.com\/media-and-press\/photos\/day-two\"><img decoding=\"async\" src=\"https:\/\/c1.staticflickr.com\/5\/4248\/35158708765_ea1a9ea8a8.jpg\" target=\"_blank\"><\/a>\r\n  <\/div>\r\n  <div class=\"col-md-8\">\r\n<h2>Day three<\/h2>\r\n<a href=\"http:\/\/offshorewind2017.com\/media-and-press\/photos\/day-three\"><img decoding=\"async\" src=\"https:\/\/farm5.staticflickr.com\/4272\/35192810606_faa31cd35b.jpg\" target=\"_blank\"><\/a>\r\n  <\/div>\r\n<\/div>\r\n<\/section>\r\n\r\n\r\n<script>\r\nvar speakers = document.querySelectorAll(\".speakers-module .speaker a\");\r\nfor(var i = 0; i<speakers.length; i ++){\r\n\tvar exception = 999;\r\n\tif(i==exception){continue;}\r\nspeakers[i].addEventListener(\"click\", function(e){e.preventDefault()})\r\nspeakers[i].style.cursor=\"default\";\r\n}\r\n<\/script>","protected":false},"excerpt":{"rendered":"<p>The WindEurope Offshore conference is the leading-edge, international conference for the offshore wind industry. Get advanced learning, hear about important industry trends and network with your peers, potential clients and collaborators. Get the full conference experience Hear from industry leaders and respected specialists; See the gallery of technical posters and meet the presenters to discuss [&hellip;]<\/p>\n","protected":false},"author":2,"featured_media":0,"parent":0,"menu_order":5,"comment_status":"closed","ping_status":"closed","template":"","meta":{"footnotes":""},"categories":[],"tags":[],"class_list":["post-12","page","type-page","status-publish","hentry"],"yoast_head":"<!-- This site is optimized with the Yoast SEO plugin v23.2 - https:\/\/yoast.com\/wordpress\/plugins\/seo\/ -->\n<title>Conference - WindEurope Offshore 2019<\/title>\n<meta name=\"robots\" content=\"index, follow, max-snippet:-1, max-image-preview:large, max-video-preview:-1\" \/>\n<link rel=\"canonical\" href=\"https:\/\/windeurope.org\/offshore2019\/conference\/\" \/>\n<meta property=\"og:locale\" content=\"en_US\" \/>\n<meta property=\"og:type\" content=\"article\" \/>\n<meta property=\"og:title\" content=\"Conference - WindEurope Offshore 2019\" \/>\n<meta property=\"og:description\" content=\"The WindEurope Offshore conference is the leading-edge, international conference for the offshore wind industry. Get advanced learning, hear about important industry trends and network with your peers, potential clients and collaborators. Get the full conference experience Hear from industry leaders and respected specialists; See the gallery of technical posters and meet the presenters to discuss [&hellip;]\" \/>\n<meta property=\"og:url\" content=\"https:\/\/windeurope.org\/offshore2019\/conference\/\" \/>\n<meta property=\"og:site_name\" content=\"WindEurope Offshore 2019\" \/>\n<meta property=\"article:publisher\" content=\"https:\/\/www.facebook.com\/windeurope\/\" \/>\n<meta property=\"article:modified_time\" content=\"2019-10-30T17:26:10+00:00\" \/>\n<meta property=\"og:image\" content=\"https:\/\/c1.staticflickr.com\/5\/4284\/34325260513_6847fcd45b.jpg\" \/>\n<meta name=\"twitter:card\" content=\"summary_large_image\" \/>\n<meta name=\"twitter:site\" content=\"@WindEuropeEvent\" \/>\n<meta name=\"twitter:label1\" content=\"Est. reading time\" \/>\n\t<meta name=\"twitter:data1\" content=\"1 minute\" \/>\n<script type=\"application\/ld+json\" class=\"yoast-schema-graph\">{\"@context\":\"https:\/\/schema.org\",\"@graph\":[{\"@type\":\"WebPage\",\"@id\":\"https:\/\/windeurope.org\/offshore2019\/conference\/\",\"url\":\"https:\/\/windeurope.org\/offshore2019\/conference\/\",\"name\":\"Conference - WindEurope Offshore 2019\",\"isPartOf\":{\"@id\":\"https:\/\/windeurope.org\/offshore2019\/#website\"},\"primaryImageOfPage\":{\"@id\":\"https:\/\/windeurope.org\/offshore2019\/conference\/#primaryimage\"},\"image\":{\"@id\":\"https:\/\/windeurope.org\/offshore2019\/conference\/#primaryimage\"},\"thumbnailUrl\":\"https:\/\/c1.staticflickr.com\/5\/4284\/34325260513_6847fcd45b.jpg\",\"datePublished\":\"2018-11-01T22:49:32+00:00\",\"dateModified\":\"2019-10-30T17:26:10+00:00\",\"breadcrumb\":{\"@id\":\"https:\/\/windeurope.org\/offshore2019\/conference\/#breadcrumb\"},\"inLanguage\":\"en-US\",\"potentialAction\":[{\"@type\":\"ReadAction\",\"target\":[\"https:\/\/windeurope.org\/offshore2019\/conference\/\"]}]},{\"@type\":\"ImageObject\",\"inLanguage\":\"en-US\",\"@id\":\"https:\/\/windeurope.org\/offshore2019\/conference\/#primaryimage\",\"url\":\"https:\/\/c1.staticflickr.com\/5\/4284\/34325260513_6847fcd45b.jpg\",\"contentUrl\":\"https:\/\/c1.staticflickr.com\/5\/4284\/34325260513_6847fcd45b.jpg\"},{\"@type\":\"BreadcrumbList\",\"@id\":\"https:\/\/windeurope.org\/offshore2019\/conference\/#breadcrumb\",\"itemListElement\":[{\"@type\":\"ListItem\",\"position\":1,\"name\":\"Home\",\"item\":\"https:\/\/windeurope.org\/offshore2019\/\"},{\"@type\":\"ListItem\",\"position\":2,\"name\":\"Conference\"}]},{\"@type\":\"WebSite\",\"@id\":\"https:\/\/windeurope.org\/offshore2019\/#website\",\"url\":\"https:\/\/windeurope.org\/offshore2019\/\",\"name\":\"WindEurope Offshore 2019\",\"description\":\"Our energy, our future\",\"potentialAction\":[{\"@type\":\"SearchAction\",\"target\":{\"@type\":\"EntryPoint\",\"urlTemplate\":\"https:\/\/windeurope.org\/offshore2019\/?s={search_term_string}\"},\"query-input\":\"required name=search_term_string\"}],\"inLanguage\":\"en-US\"}]}<\/script>\n<!-- \/ Yoast SEO plugin. -->","yoast_head_json":{"title":"Conference - WindEurope Offshore 2019","robots":{"index":"index","follow":"follow","max-snippet":"max-snippet:-1","max-image-preview":"max-image-preview:large","max-video-preview":"max-video-preview:-1"},"canonical":"https:\/\/windeurope.org\/offshore2019\/conference\/","og_locale":"en_US","og_type":"article","og_title":"Conference - WindEurope Offshore 2019","og_description":"The WindEurope Offshore conference is the leading-edge, international conference for the offshore wind industry. Get advanced learning, hear about important industry trends and network with your peers, potential clients and collaborators. Get the full conference experience Hear from industry leaders and respected specialists; See the gallery of technical posters and meet the presenters to discuss [&hellip;]","og_url":"https:\/\/windeurope.org\/offshore2019\/conference\/","og_site_name":"WindEurope Offshore 2019","article_publisher":"https:\/\/www.facebook.com\/windeurope\/","article_modified_time":"2019-10-30T17:26:10+00:00","og_image":[{"url":"https:\/\/c1.staticflickr.com\/5\/4284\/34325260513_6847fcd45b.jpg"}],"twitter_card":"summary_large_image","twitter_site":"@WindEuropeEvent","twitter_misc":{"Est. reading time":"1 minute"},"schema":{"@context":"https:\/\/schema.org","@graph":[{"@type":"WebPage","@id":"https:\/\/windeurope.org\/offshore2019\/conference\/","url":"https:\/\/windeurope.org\/offshore2019\/conference\/","name":"Conference - WindEurope Offshore 2019","isPartOf":{"@id":"https:\/\/windeurope.org\/offshore2019\/#website"},"primaryImageOfPage":{"@id":"https:\/\/windeurope.org\/offshore2019\/conference\/#primaryimage"},"image":{"@id":"https:\/\/windeurope.org\/offshore2019\/conference\/#primaryimage"},"thumbnailUrl":"https:\/\/c1.staticflickr.com\/5\/4284\/34325260513_6847fcd45b.jpg","datePublished":"2018-11-01T22:49:32+00:00","dateModified":"2019-10-30T17:26:10+00:00","breadcrumb":{"@id":"https:\/\/windeurope.org\/offshore2019\/conference\/#breadcrumb"},"inLanguage":"en-US","potentialAction":[{"@type":"ReadAction","target":["https:\/\/windeurope.org\/offshore2019\/conference\/"]}]},{"@type":"ImageObject","inLanguage":"en-US","@id":"https:\/\/windeurope.org\/offshore2019\/conference\/#primaryimage","url":"https:\/\/c1.staticflickr.com\/5\/4284\/34325260513_6847fcd45b.jpg","contentUrl":"https:\/\/c1.staticflickr.com\/5\/4284\/34325260513_6847fcd45b.jpg"},{"@type":"BreadcrumbList","@id":"https:\/\/windeurope.org\/offshore2019\/conference\/#breadcrumb","itemListElement":[{"@type":"ListItem","position":1,"name":"Home","item":"https:\/\/windeurope.org\/offshore2019\/"},{"@type":"ListItem","position":2,"name":"Conference"}]},{"@type":"WebSite","@id":"https:\/\/windeurope.org\/offshore2019\/#website","url":"https:\/\/windeurope.org\/offshore2019\/","name":"WindEurope Offshore 2019","description":"Our energy, our future","potentialAction":[{"@type":"SearchAction","target":{"@type":"EntryPoint","urlTemplate":"https:\/\/windeurope.org\/offshore2019\/?s={search_term_string}"},"query-input":"required name=search_term_string"}],"inLanguage":"en-US"}]}},"_links":{"self":[{"href":"https:\/\/windeurope.org\/offshore2019\/wp-json\/wp\/v2\/pages\/12"}],"collection":[{"href":"https:\/\/windeurope.org\/offshore2019\/wp-json\/wp\/v2\/pages"}],"about":[{"href":"https:\/\/windeurope.org\/offshore2019\/wp-json\/wp\/v2\/types\/page"}],"author":[{"embeddable":true,"href":"https:\/\/windeurope.org\/offshore2019\/wp-json\/wp\/v2\/users\/2"}],"replies":[{"embeddable":true,"href":"https:\/\/windeurope.org\/offshore2019\/wp-json\/wp\/v2\/comments?post=12"}],"version-history":[{"count":36,"href":"https:\/\/windeurope.org\/offshore2019\/wp-json\/wp\/v2\/pages\/12\/revisions"}],"predecessor-version":[{"id":1838,"href":"https:\/\/windeurope.org\/offshore2019\/wp-json\/wp\/v2\/pages\/12\/revisions\/1838"}],"wp:attachment":[{"href":"https:\/\/windeurope.org\/offshore2019\/wp-json\/wp\/v2\/media?parent=12"}],"wp:term":[{"taxonomy":"category","embeddable":true,"href":"https:\/\/windeurope.org\/offshore2019\/wp-json\/wp\/v2\/categories?post=12"},{"taxonomy":"post_tag","embeddable":true,"href":"https:\/\/windeurope.org\/offshore2019\/wp-json\/wp\/v2\/tags?post=12"}],"curies":[{"name":"wp","href":"https:\/\/api.w.org\/{rel}","templated":true}]}}