{"id":2832,"date":"2019-03-28T17:04:53","date_gmt":"2019-03-28T16:04:53","guid":{"rendered":"https:\/\/windeurope.org\/confex2019\/?page_id=2832"},"modified":"2019-03-28T17:40:25","modified_gmt":"2019-03-28T16:40:25","slug":"es","status":"publish","type":"page","link":"https:\/\/windeurope.org\/confex2019\/es\/","title":{"rendered":"Sobre el evento"},"content":{"rendered":"<section class=\"inner\">\r\n  <h1>En abril, Espa\u00f1a toma la iniciativa en las conversaciones sobre energ\u00eda e\u00f3lica<\/h1>\r\n  <p><strong>WindEurope Conference &amp; Exhibition es el evento de energ\u00eda e\u00f3lica m\u00e1s importante de Europa. Y este a\u00f1o,\u00a0por primera vez, se celebrar\u00e1 en\u00a0Bilbao.<\/strong><\/p>\r\n  <p><a href=\"\/confex2019\/registration\/\"><strong>8.000 participantes<\/strong><\/a>, <a href=\"\/confex2019\/exhibition\/exhibitor-list\/\"><strong>300 expositores<\/strong><\/a>, <a href=\"\/confex2019\/conference\/programme\/\"><strong>30 ponencias<\/strong><\/a> y <a href=\"\/confex2019\/conference\/speakers\/\"><strong>155 ponentes<\/strong><\/a>, incluidos 5 ministros del Gobierno, principales CEOs y expertos del mundo de la tecnolog\u00eda, la pol\u00edtica y las finanzas. \u00bfY porqu\u00e9 Bilbao? No podr\u00edamos haber elegido un lugar mejor, dado el auge del sector e\u00f3lico espa\u00f1ol en este momento.<\/p>\r\n  <h2><a href=\"\/confex2019\/conference\/speakers\/\">\u00bfQui\u00e9n estar\u00e1 presente?<\/a><\/h2>\r\n  <p>Aqu\u00ed es donde se encuentran todos los caminos de la industria e\u00f3lica: onshore y offshore; fabricantes y expertos en energ\u00eda marina; l\u00edderes en pol\u00edtica y acad\u00e9micos; gigantes de la industria y start-ups; expertos en finanzas, tecnolog\u00eda, ciencias ambientales y mucho m\u00e1s.<\/p>\r\n  <p>Ponentes como Michal Kurtyka, presidente de la COP24, los ministros de energ\u00eda de Espa\u00f1a y Portugal y los ministros de Croacia y Noruega.<\/p>\r\n  <p>El programa de la conferencia cubrir\u00e1 los \u00faltimos avances tecnol\u00f3gicos en turbinas, digitalizaci\u00f3n,\u00a0reciclaje\u00a0de palas\u00a0y evaluaci\u00f3n de recurso\u00a0e\u00f3lico, almacenamiento\u00a0energ\u00e9tico\u00a0e integraci\u00f3n\u00a0a la red. Se analizar\u00e1n las\u00a0\u00faltimas\u00a0tendencias en finanzas, incluidas las\u00a0subastas. Y lo que est\u00e1 pasando en los\u00a0distintos\u00a0mercados y en pol\u00edtica gubernamental.<\/p>\r\n  <a href=\"\/confex2019\/conference\/programme\/\" class=\"button\">Ver el programa completo<\/a>\r\n  <hr>\r\n  <h2><a href=\"\/confex2019\/exhibition\/floorplan\/\">Ponte en contacto con m\u00e1s de 300 expositores y amplia tus oportunidades de negocio<\/a><\/h2>\r\n  <p>La exposici\u00f3n te dar\u00e1 la oportunidad de conectar con los principales profesionales del sector e\u00f3lico. Las novedades para este a\u00f1o incluyen:<\/p>\r\n  <ul>\r\n  <li><a href=\"\/confex2019\/conference\/safety-skills-training-zone\/\">GWO&rsquo;s Safety, Skills &amp; Training Zone<\/a><\/li>\r\n  <li><a href=\"\/confex2019\/networking\/thought-leaders-forum\/\">Thought Leader&rsquo;s Forum with MHI Vestas<\/a><\/li>\r\n  <\/ul>\r\n  <p>Ver la lista completa de <a href=\"\/confex2019\/exhibition\/exhibitor-list\/\">expositores<\/a>.<br>\r\n  <br>\r\n  El evento m\u00e1s importante de WindEurope es la mejor ocasi\u00f3n para ampliar tu red de contactos en el sector e\u00f3lico europeo.<br>\r\n  <br>\r\n  Prep\u00e1rate para conocer a futuros socios en fiestas de stands, eventos de lanzamiento, visitas guiadas a las instalaciones portuarias, workshops especializados y mucho m\u00e1s.<\/p>\r\n  <a href=\"\/confex2019\/exhibition\/exhibitor-list\/\" class=\"button\">Ver la lista de eventos<\/a>\r\n<\/section>\r\n","protected":false},"excerpt":{"rendered":"<p>En abril, Espa\u00f1a toma la iniciativa en las conversaciones sobre energ\u00eda e\u00f3lica WindEurope Conference &amp; Exhibition es el evento de energ\u00eda e\u00f3lica m\u00e1s importante de Europa. Y este a\u00f1o,\u00a0por primera vez, se celebrar\u00e1 en\u00a0Bilbao. 8.000 participantes, 300 expositores, 30 ponencias y 155 ponentes, incluidos 5 ministros del Gobierno, principales CEOs y expertos del mundo de [&hellip;]<\/p>\n","protected":false},"author":1,"featured_media":0,"parent":0,"menu_order":2,"comment_status":"closed","ping_status":"closed","template":"","meta":{"footnotes":""},"categories":[],"tags":[],"class_list":["post-2832","page","type-page","status-publish","hentry"],"yoast_head":"<!-- This site is optimized with the Yoast SEO plugin v23.3 - https:\/\/yoast.com\/wordpress\/plugins\/seo\/ -->\n<title>Sobre el evento - WindEurope Conference &amp; Exhibition 2019<\/title>\n<meta name=\"robots\" content=\"index, follow, max-snippet:-1, max-image-preview:large, max-video-preview:-1\" \/>\n<link rel=\"canonical\" href=\"https:\/\/windeurope.org\/confex2019\/es\/\" \/>\n<meta property=\"og:locale\" content=\"en_US\" \/>\n<meta property=\"og:type\" content=\"article\" \/>\n<meta property=\"og:title\" content=\"Sobre el evento - WindEurope Conference &amp; Exhibition 2019\" \/>\n<meta property=\"og:description\" content=\"En abril, Espa\u00f1a toma la iniciativa en las conversaciones sobre energ\u00eda e\u00f3lica WindEurope Conference &amp; Exhibition es el evento de energ\u00eda e\u00f3lica m\u00e1s importante de Europa. Y este a\u00f1o,\u00a0por primera vez, se celebrar\u00e1 en\u00a0Bilbao. 8.000 participantes, 300 expositores, 30 ponencias y 155 ponentes, incluidos 5 ministros del Gobierno, principales CEOs y expertos del mundo de [&hellip;]\" \/>\n<meta property=\"og:url\" content=\"https:\/\/windeurope.org\/confex2019\/es\/\" \/>\n<meta property=\"og:site_name\" content=\"WindEurope Conference &amp; Exhibition 2019\" \/>\n<meta property=\"article:modified_time\" content=\"2019-03-28T16:40:25+00:00\" \/>\n<meta name=\"twitter:card\" content=\"summary_large_image\" \/>\n<meta name=\"twitter:label1\" content=\"Est. reading time\" \/>\n\t<meta name=\"twitter:data1\" content=\"2 minutes\" \/>\n<script type=\"application\/ld+json\" class=\"yoast-schema-graph\">{\"@context\":\"https:\/\/schema.org\",\"@graph\":[{\"@type\":\"WebPage\",\"@id\":\"https:\/\/windeurope.org\/confex2019\/es\/\",\"url\":\"https:\/\/windeurope.org\/confex2019\/es\/\",\"name\":\"Sobre el evento - WindEurope Conference &amp; Exhibition 2019\",\"isPartOf\":{\"@id\":\"https:\/\/windeurope.org\/confex2019\/#website\"},\"datePublished\":\"2019-03-28T16:04:53+00:00\",\"dateModified\":\"2019-03-28T16:40:25+00:00\",\"breadcrumb\":{\"@id\":\"https:\/\/windeurope.org\/confex2019\/es\/#breadcrumb\"},\"inLanguage\":\"en-US\",\"potentialAction\":[{\"@type\":\"ReadAction\",\"target\":[\"https:\/\/windeurope.org\/confex2019\/es\/\"]}]},{\"@type\":\"BreadcrumbList\",\"@id\":\"https:\/\/windeurope.org\/confex2019\/es\/#breadcrumb\",\"itemListElement\":[{\"@type\":\"ListItem\",\"position\":1,\"name\":\"Home\",\"item\":\"https:\/\/windeurope.org\/confex2019\/\"},{\"@type\":\"ListItem\",\"position\":2,\"name\":\"Sobre el evento\"}]},{\"@type\":\"WebSite\",\"@id\":\"https:\/\/windeurope.org\/confex2019\/#website\",\"url\":\"https:\/\/windeurope.org\/confex2019\/\",\"name\":\"WindEurope Conference &amp; Exhibition 2019\",\"description\":\"Delivering a clean economy for all Europeans\",\"potentialAction\":[{\"@type\":\"SearchAction\",\"target\":{\"@type\":\"EntryPoint\",\"urlTemplate\":\"https:\/\/windeurope.org\/confex2019\/?s={search_term_string}\"},\"query-input\":\"required name=search_term_string\"}],\"inLanguage\":\"en-US\"}]}<\/script>\n<!-- \/ Yoast SEO plugin. -->","yoast_head_json":{"title":"Sobre el evento - WindEurope Conference &amp; Exhibition 2019","robots":{"index":"index","follow":"follow","max-snippet":"max-snippet:-1","max-image-preview":"max-image-preview:large","max-video-preview":"max-video-preview:-1"},"canonical":"https:\/\/windeurope.org\/confex2019\/es\/","og_locale":"en_US","og_type":"article","og_title":"Sobre el evento - WindEurope Conference &amp; Exhibition 2019","og_description":"En abril, Espa\u00f1a toma la iniciativa en las conversaciones sobre energ\u00eda e\u00f3lica WindEurope Conference &amp; Exhibition es el evento de energ\u00eda e\u00f3lica m\u00e1s importante de Europa. Y este a\u00f1o,\u00a0por primera vez, se celebrar\u00e1 en\u00a0Bilbao. 8.000 participantes, 300 expositores, 30 ponencias y 155 ponentes, incluidos 5 ministros del Gobierno, principales CEOs y expertos del mundo de [&hellip;]","og_url":"https:\/\/windeurope.org\/confex2019\/es\/","og_site_name":"WindEurope Conference &amp; Exhibition 2019","article_modified_time":"2019-03-28T16:40:25+00:00","twitter_card":"summary_large_image","twitter_misc":{"Est. reading time":"2 minutes"},"schema":{"@context":"https:\/\/schema.org","@graph":[{"@type":"WebPage","@id":"https:\/\/windeurope.org\/confex2019\/es\/","url":"https:\/\/windeurope.org\/confex2019\/es\/","name":"Sobre el evento - WindEurope Conference &amp; Exhibition 2019","isPartOf":{"@id":"https:\/\/windeurope.org\/confex2019\/#website"},"datePublished":"2019-03-28T16:04:53+00:00","dateModified":"2019-03-28T16:40:25+00:00","breadcrumb":{"@id":"https:\/\/windeurope.org\/confex2019\/es\/#breadcrumb"},"inLanguage":"en-US","potentialAction":[{"@type":"ReadAction","target":["https:\/\/windeurope.org\/confex2019\/es\/"]}]},{"@type":"BreadcrumbList","@id":"https:\/\/windeurope.org\/confex2019\/es\/#breadcrumb","itemListElement":[{"@type":"ListItem","position":1,"name":"Home","item":"https:\/\/windeurope.org\/confex2019\/"},{"@type":"ListItem","position":2,"name":"Sobre el evento"}]},{"@type":"WebSite","@id":"https:\/\/windeurope.org\/confex2019\/#website","url":"https:\/\/windeurope.org\/confex2019\/","name":"WindEurope Conference &amp; Exhibition 2019","description":"Delivering a clean economy for all Europeans","potentialAction":[{"@type":"SearchAction","target":{"@type":"EntryPoint","urlTemplate":"https:\/\/windeurope.org\/confex2019\/?s={search_term_string}"},"query-input":"required name=search_term_string"}],"inLanguage":"en-US"}]}},"_links":{"self":[{"href":"https:\/\/windeurope.org\/confex2019\/wp-json\/wp\/v2\/pages\/2832"}],"collection":[{"href":"https:\/\/windeurope.org\/confex2019\/wp-json\/wp\/v2\/pages"}],"about":[{"href":"https:\/\/windeurope.org\/confex2019\/wp-json\/wp\/v2\/types\/page"}],"author":[{"embeddable":true,"href":"https:\/\/windeurope.org\/confex2019\/wp-json\/wp\/v2\/users\/1"}],"replies":[{"embeddable":true,"href":"https:\/\/windeurope.org\/confex2019\/wp-json\/wp\/v2\/comments?post=2832"}],"version-history":[{"count":7,"href":"https:\/\/windeurope.org\/confex2019\/wp-json\/wp\/v2\/pages\/2832\/revisions"}],"predecessor-version":[{"id":2843,"href":"https:\/\/windeurope.org\/confex2019\/wp-json\/wp\/v2\/pages\/2832\/revisions\/2843"}],"wp:attachment":[{"href":"https:\/\/windeurope.org\/confex2019\/wp-json\/wp\/v2\/media?parent=2832"}],"wp:term":[{"taxonomy":"category","embeddable":true,"href":"https:\/\/windeurope.org\/confex2019\/wp-json\/wp\/v2\/categories?post=2832"},{"taxonomy":"post_tag","embeddable":true,"href":"https:\/\/windeurope.org\/confex2019\/wp-json\/wp\/v2\/tags?post=2832"}],"curies":[{"name":"wp","href":"https:\/\/api.w.org\/{rel}","templated":true}]}}