{"id":7,"date":"2017-05-17T15:14:31","date_gmt":"2017-05-17T15:14:31","guid":{"rendered":"http:\/\/192.168.16.123\/projects\/website\/confex2017\/?page_id=2"},"modified":"2018-02-06T17:46:45","modified_gmt":"2018-02-06T16:46:45","slug":"home","status":"publish","type":"page","link":"https:\/\/windeurope.org\/confex2017\/","title":{"rendered":"Home"},"content":{"rendered":"<section class=\"fancy-background full-width countdown\">\r\n<div class=\"inner\">\r\n  <div class=\"row m-x-0 a-row-center a-center\">\r\n    <div class=\"col-md-12\">\r\n<p><a href=\"https:\/\/windeurope.org\/?ref=confex2017\" target=\"_blank\">WindEurope<\/a>, in partnership with <a href=\"http:\/\/www.nwea.nl\/about-nwea?ref=confex2017\" target=\"_blank\">The Netherlands Wind Energy Association<\/a> (NWEA) hosted the <strong>WindEurope Conference &amp; Exhibition<\/strong> from 28 \u2013 30 November 2017 in the Amsterdam RAI Exhibition &amp; Convention Centre. Thank you for being a part of the event and making it a success!<\/p>\r\n<a href=\"\/confex2017\/conference\/#online_proceedings\" class=\"button\">Access the presentations<\/a> <a href=\"\/confex2017\/conference\/science-and-research\/\" class=\"button\">Access the Scientific Proceedings<\/a> <a href=\"\/confex2017\/media-and-press\/photos\/\" class=\"button\">See photos from the event<\/a>\r\n    <\/div>\r\n  <\/div>\r\n  <h4 class=\"a-center m-y-2 hide\" style=\"font-size: 2rem;\">&nbsp;<\/h4>\r\n<\/div>\r\n<\/section>\r\n<section id=\"post-event-report\"><a title=\"Click here to read the report in PDF format\" href=\"https:\/\/windeurope.org\/confex2017\/wp-content\/uploads\/files\/post-event\/Confex-2017-Post-event-report.pdf\" rel=\"noopener\" target=\"_blank\" style=\"display: block;\"><img decoding=\"async\" src=\"https:\/\/windeurope.org\/confex2017\/wp-content\/uploads\/images\/homepage\/windeurope2017-post-event-report.jpg\"><\/a><\/section>\r\n<section>\r\n<div style=\"margin-left: -1rem; margin-right: -1rem;\">\r\n<iframe loading=\"lazy\" width=\"100%\" height=\"500\" src=\"https:\/\/www.youtube.com\/embed\/w-GSgPK-hKA\" frameborder=\"0\" allowfullscreen><\/iframe>\r\n<\/div>\r\n<\/section>\r\n\r\n    <section class=\"event-ambassadors delayed\">\r\n      <div class=\"inner\">\r\n        <h2 class=\"center\">Event Ambassadors<\/h2>\r\n        <div class=\"row ambs\">\r\n          <div class=\"col-md-6 col-sm-12 m-b-4 amb\">\r\n            <div class=\"overlay\">\r\n              <div class=\"logo\"><img decoding=\"async\" src=\".\/images\/logos\/event-ambassadors\/enercon.svg\"><\/div>\r\n              <div class=\"desc\">\r\n                <a href=\".\/event-ambassadors\" title=\"Find out more\">\r\n                  <h2>Hans-Dieter Kettwig<\/h2>\r\n                  <p class=\"job-title\">Managing Director, ENERCON<\/p>\r\n                <\/a>\r\n              <\/div>\r\n            <\/div>\r\n            <img decoding=\"async\" src=\".\/images\/event-ambassadors\/kettwig.jpg\" class=\"photo\">\r\n          <\/div>\r\n          <div class=\"col-md-6 col-sm-12 m-b-4 amb\">\r\n            <div class=\"overlay\">\r\n              <div class=\"logo\"><img decoding=\"async\" src=\".\/images\/logos\/event-ambassadors\/siemens-gamesa.svg\"><\/div>\r\n              <div class=\"desc\">\r\n                <a href=\".\/event-ambassadors\" title=\"Find out more\">\r\n                  <h2>Markus Tacke<\/h2>\r\n                  <p class=\"job-title\">CEO, Siemens Gamesa Renewable Energy<\/p>\r\n                <\/a>\r\n              <\/div>\r\n            <\/div>\r\n            <img decoding=\"async\" src=\".\/images\/event-ambassadors\/tacke.jpg\" class=\"photo\">\r\n          <\/div>\r\n          <div class=\"col-md-6 col-sm-12 m-b-4 amb\">\r\n            <div class=\"overlay\">\r\n              <div class=\"logo\"><img decoding=\"async\" src=\".\/images\/logos\/event-ambassadors\/vattenfall.svg\"><\/div>\r\n              <div class=\"desc\">\r\n                <a href=\".\/event-ambassadors\" title=\"Find out more\">\r\n                  <h2>Gunnar Groebler<\/h2>\r\n                  <p class=\"job-title\">Senior Vice President, Vattenfall<\/p>\r\n                <\/a>\r\n              <\/div>\r\n            <\/div>\r\n            <img decoding=\"async\" src=\".\/images\/event-ambassadors\/groebler.jpg\" class=\"photo\">\r\n          <\/div>\r\n          <div class=\"col-md-6 col-sm-12 m-b-4 amb\">\r\n            <div class=\"overlay\">\r\n              <div class=\"logo\"><img decoding=\"async\" src=\".\/images\/logos\/event-ambassadors\/vestas.svg\"><\/div>\r\n              <div class=\"desc\">\r\n                <a href=\".\/event-ambassadors\" title=\"Find out more\">\r\n                  <h2>Anders Runevad<\/h2>\r\n                  <p class=\"job-title\">Group President &amp; CEO, Vestas<\/p>\r\n                <\/a>\r\n              <\/div>\r\n            <\/div>\r\n            <img decoding=\"async\" src=\".\/images\/event-ambassadors\/runevad.jpg\" class=\"photo\">\r\n          <\/div>\r\n        <\/div>\r\n      <\/div>\r\n    <\/section>\r\n\r\n<section class=\"speakers-module inverse delayed\"><div class=\"title\"><div class=\"inner right\"><h1 class=\"a-center\">Speakers<\/h1><\/div><\/div><div class=\"speaker\"><a href=\"https:\/\/windeurope.org\/confex2017\/conference\/speakers\/sandrine-aubrun\" title=\"Sandrine Aubrun\" class=\"overlay\"><h2>Sandrine Aubrun<\/h2><p>Professor, Ecole Centrale de Nantes, Laboratoire LHEEA<\/p><\/a><img decoding=\"async\" src=\"https:\/\/windeurope.org\/confex2017\/images\/conference\/speakers\/aubrun.jpg\"><\/div><div class=\"speaker\"><a href=\"https:\/\/windeurope.org\/confex2017\/conference\/speakers\/joao-manso-neto\" title=\"Jo\u00e3o Manso Neto\" class=\"overlay\"><h2>Jo\u00e3o Manso Neto<\/h2><p>CEO, EDP Renewables<\/p><\/a><img decoding=\"async\" src=\"https:\/\/windeurope.org\/confex2017\/images\/conference\/speakers\/neto.jpg\"><\/div><div class=\"speaker\"><a href=\"https:\/\/windeurope.org\/confex2017\/conference\/speakers\/gerassimos-thomas\" title=\"Gerassimos Thomas\" class=\"overlay\"><h2>Gerassimos Thomas<\/h2><p>Deputy Director-General, ENER<\/p><\/a><img decoding=\"async\" src=\"https:\/\/windeurope.org\/confex2017\/images\/conference\/speakers\/thomas.jpg\"><\/div><div class=\"speaker\"><a href=\"https:\/\/windeurope.org\/confex2017\/conference\/speakers\/remi-eriksen\" title=\"Remi Eriksen\" class=\"overlay\"><h2>Remi Eriksen<\/h2><p>Group President &amp; CEO, DNV GL<\/p><\/a><img decoding=\"async\" src=\"https:\/\/windeurope.org\/confex2017\/images\/conference\/speakers\/eriksen.jpg\"><\/div><div class=\"speaker\"><a href=\"https:\/\/windeurope.org\/confex2017\/conference\/speakers\/alfredo-parres\" title=\"Alfredo Parres\" class=\"overlay\"><h2>Alfredo Parres<\/h2><p>Group Senior Vice President, ABB<\/p><\/a><img decoding=\"async\" src=\"https:\/\/windeurope.org\/confex2017\/images\/conference\/speakers\/parres.jpg\"><\/div><div class=\"speaker\"><a href=\"https:\/\/windeurope.org\/confex2017\/conference\/speakers\/martin-furth\" title=\"Martin Furth\" class=\"overlay\"><h2>Martin Furth<\/h2><p>HSE Director, Vattenfall Wind<\/p><\/a><img decoding=\"async\" src=\"https:\/\/windeurope.org\/confex2017\/images\/conference\/speakers\/furth.jpg\"><\/div><div class=\"speaker\"><a href=\"https:\/\/windeurope.org\/confex2017\/conference\/speakers\/annika-balgard\" title=\"Annika Balg\u00e5rd\" class=\"overlay\"><h2>Annika Balg\u00e5rd<\/h2><p>Global Subject Matter Expert Environment QSE, Vestas Wind Systems<\/p><\/a><img decoding=\"async\" src=\"https:\/\/windeurope.org\/confex2017\/images\/conference\/speakers\/balgard.jpg\"><\/div><div class=\"speaker\"><a href=\"https:\/\/windeurope.org\/confex2017\/conference\/speakers\/simon-watson\" title=\"Simon Watson\" class=\"overlay\"><h2>Simon Watson<\/h2><p>Professor, Delft University of Technology<\/p><\/a><img decoding=\"async\" src=\"https:\/\/windeurope.org\/confex2017\/images\/conference\/speakers\/watson.jpg\"><\/div><div class=\"speaker\"><a href=\"https:\/\/windeurope.org\/confex2017\/conference\/speakers\/athanasios-kolios\" title=\"Athanasios Kolios\" class=\"overlay\"><h2>Athanasios Kolios<\/h2><p>Director of the Energy and Power Research Degrees Programme, Cranfield University<\/p><\/a><img decoding=\"async\" src=\"https:\/\/windeurope.org\/confex2017\/images\/conference\/speakers\/kolios.jpg\"><\/div><div class=\"speaker\"><a href=\"https:\/\/windeurope.org\/confex2017\/conference\/speakers\/zygimantas-vaiciunas\" title=\"\u017dygimantas Vai\u010di\u016bnas\" class=\"overlay\"><h2>\u017dygimantas Vai\u010di\u016bnas<\/h2><p>Minister of Energy, Lithuania<\/p><\/a><img decoding=\"async\" src=\"https:\/\/windeurope.org\/confex2017\/images\/conference\/speakers\/vaiciunas.jpg\"><\/div><\/section>\r\n\r\n<span id=\"news\" style=\"height:0;\"><\/span>\r\n    <section class=\"news-module delayed\">\r\n      <div class=\"news-block\">\r\n        <div class=\"news-list\">\r\n          <h2>News<\/h2><div class=\"news-item\"><div class=\"date\"><div class=\"day\">27<\/div><div class=\"month\">NOV<\/div><\/div><div class=\"content\"><h3><a href=\"https:\/\/windeurope.org\/confex2017\/news\/amsterdam-awaits-register-now-for-the-years-premier-wind-energy-event\">Amsterdam awaits! Register now for the year's premier wind energy event!<\/a><\/h3><div class=\"excerpt\"><\/div><p><a href=\"https:\/\/windeurope.org\/confex2017\/news\/amsterdam-awaits-register-now-for-the-years-premier-wind-energy-event\" class=\"more\">Read more<\/a><\/p><\/div><\/div><div class=\"news-item\"><div class=\"date\"><div class=\"day\">24<\/div><div class=\"month\">NOV<\/div><\/div><div class=\"content\"><h3><a href=\"https:\/\/windeurope.org\/confex2017\/news\/how-to-unlock-the-potential-of-wind-energy-an-interview-with-the-netherlands-wind-energy-association\">How to unlock the potential of wind energy: an interview with the Netherlands Wind Energy Association<\/a><\/h3><div class=\"excerpt\"><\/div><p><a href=\"https:\/\/windeurope.org\/confex2017\/news\/how-to-unlock-the-potential-of-wind-energy-an-interview-with-the-netherlands-wind-energy-association\" class=\"more\">Read more<\/a><\/p><\/div><\/div><div class=\"news-item\"><div class=\"date\"><div class=\"day\">22<\/div><div class=\"month\">NOV<\/div><\/div><div class=\"content\"><h3><a href=\"https:\/\/windeurope.org\/confex2017\/news\/only-7-days-to-go-exclusive-business-and-networking-opportunities-on-the-exhibition-floor-at-the-windeurope-exhibition-in-amsterdam\">Exclusive business and networking opportunities on the exhibition floor at the WindEurope Exhibition in Amsterdam<\/a><\/h3><div class=\"excerpt\"><\/div><p><a href=\"https:\/\/windeurope.org\/confex2017\/news\/only-7-days-to-go-exclusive-business-and-networking-opportunities-on-the-exhibition-floor-at-the-windeurope-exhibition-in-amsterdam\" class=\"more\">Read more<\/a><\/p><\/div><\/div>          <div>\r\n            <p><a href=\"https:\/\/windeurope.org\/confex2017\/news\/\">See archive<\/a><\/p>\r\n          <\/div>\r\n        <\/div>\r\n        <div class=\"col-lg-8 col-md-12 col-24\">\r\n          <h2>Get your message heard<\/h2>\r\n          <h3>Advertise in the official show dailies<\/h3>\r\n          <a href=\"https:\/\/windeurope.org\/confex2017\/media-and-press\/recharge-dailies\/\"><img decoding=\"async\" src=\"https:\/\/windeurope.org\/confex2017\/images\/homepage\/recharge-dailies-confex-2017.png\"><\/a>\r\n          <a href=\"https:\/\/windeurope.org\/confex2017\/media-and-press\/recharge-dailies\/\" class=\"button\">Find out more<\/a>\r\n        <\/div>\r\n      <\/div>\r\n    <\/section>\r\n\r\n\r\n<a href=\"\/confex2017\/networking\/hack-wind-2017\/\" target=\"_blank\"><section id=\"hackathon\"><\/section><\/a>\r\n\r\n  <section class=\"new-nl-subs inverse delayed\">\r\n    <div class=\"inner\">\r\n      <h1 class=\"a-center\"><strong>Subscribe<\/strong> to our <strong>newsletter<\/strong> to stay informed<\/h1>\r\n      <form class=\"new-subscription-form\">\r\n        <div class=\"query\">\r\n          <input type=\"text\" name=\"email\" autocomplete=\"email\" placeholder=\"Enter your email address\">\r\n        <\/div>\r\n        <div class=\"button\">\r\n          <input type=\"submit\" value=\"Subscribe\">\r\n        <\/div>\r\n        <div class=\"message\">\r\n          <p><\/p>\r\n        <\/div>\r\n      <\/form>\r\n    <\/div>\r\n  <\/section>\r\n\r\n<span id=\"sponsors-media-partners\"><\/span>\r\n<section class=\"sponsors delayed\"><a href=\"https:\/\/windeurope.org\/confex2017\/sponsorship\/\"><h2>Sponsors<\/h2><\/a><div class=\"partners\"><div class=\"partner\"><a target=\"_blank\" href=\"http:\/\/new.abb.com\/?ref=confex2017\"><img decoding=\"async\" src=\"https:\/\/windeurope.org\/confex2017\/images\/logos\/sponsors\/abb.gif\"><\/a><\/div><div class=\"partner\"><a target=\"_blank\" href=\"http:\/\/www.baltic-integrid.eu\/?ref=confex2017\"><img decoding=\"async\" src=\"https:\/\/windeurope.org\/confex2017\/images\/logos\/sponsors\/baltic-integrid.gif\"><\/a><\/div><div class=\"partner\"><a target=\"_blank\" href=\"http:\/\/www.bladefence.com\/?ref=confex2017\"><img decoding=\"async\" src=\"https:\/\/windeurope.org\/confex2017\/images\/logos\/sponsors\/bladefence.gif\"><\/a><\/div><div class=\"partner\"><a target=\"_blank\" href=\"http:\/\/www.cres.gr\/kape\/index_eng.htm?ref=confex2017\"><img decoding=\"async\" src=\"https:\/\/windeurope.org\/confex2017\/images\/logos\/sponsors\/cres.gif\"><\/a><\/div><div class=\"partner\"><a target=\"_blank\" href=\"https:\/\/www.dwea.dk\/?ref=confex2017\"><img decoding=\"async\" src=\"https:\/\/windeurope.org\/confex2017\/images\/logos\/sponsors\/dwea.gif\"><\/a><\/div><div class=\"partner\"><a target=\"_blank\" href=\"https:\/\/www.eon.com\/en\/new-energy\/renewables.html?ref=confex2017\"><img decoding=\"async\" src=\"https:\/\/windeurope.org\/confex2017\/images\/logos\/sponsors\/eon.gif\"><\/a><\/div><div class=\"partner\"><a target=\"_blank\" href=\"http:\/\/www.envision-energy.com\/our-vision\/?ref=confex2017\"><img decoding=\"async\" src=\"https:\/\/windeurope.org\/confex2017\/images\/logos\/sponsors\/envision.gif\"><\/a><\/div><div class=\"partner\"><a target=\"_blank\" href=\"http:\/\/www.fowpi.in\/?ref=confex2017\"><img decoding=\"async\" src=\"https:\/\/windeurope.org\/confex2017\/images\/logos\/sponsors\/fowpi.gif\"><\/a><\/div><div class=\"partner\"><a target=\"_blank\" href=\"http:\/\/www.nordex-online.com\/en?ref=confex2017\"><img decoding=\"async\" src=\"https:\/\/windeurope.org\/confex2017\/images\/logos\/sponsors\/nordex.png\"><\/a><\/div><div class=\"partner\"><a target=\"_blank\" href=\"http:\/\/www.k2management.com\/?ref=confex2017\"><img decoding=\"async\" src=\"https:\/\/windeurope.org\/confex2017\/images\/logos\/sponsors\/K2.gif\"><\/a><\/div><div class=\"partner\"><a target=\"_blank\" href=\"https:\/\/kongsberg.com\/en\/kongsberg-digital\/renewables and utilities\/?ref=confex2017\"><img decoding=\"async\" src=\"https:\/\/windeurope.org\/confex2017\/images\/logos\/sponsors\/kongsberg.gif\"><\/a><\/div><div class=\"partner\"><a target=\"_blank\" href=\"http:\/\/www.leosphere.com\/en\/?ref=confex2017\"><img decoding=\"async\" src=\"https:\/\/windeurope.org\/confex2017\/images\/logos\/sponsors\/leosphere.gif\"><\/a><\/div><div class=\"partner\"><a target=\"_blank\" href=\"https:\/\/www.lmwindpower.com\/?ref=confex2017\"><img decoding=\"async\" src=\"https:\/\/windeurope.org\/confex2017\/images\/logos\/sponsors\/LM.gif\"><\/a><\/div><div class=\"partner\"><a target=\"_blank\" href=\"http:\/\/www.lnttechservices.com\/?ref=confex2017\"><img decoding=\"async\" src=\"https:\/\/windeurope.org\/confex2017\/images\/logos\/sponsors\/lnt.gif\"><\/a><\/div><div class=\"partner\"><a target=\"_blank\" href=\"http:\/\/www.mhivestasoffshore.com\/?ref=confex2017\"><img decoding=\"async\" src=\"https:\/\/windeurope.org\/confex2017\/images\/logos\/sponsors\/mhi-vestas.gif\"><\/a><\/div><div class=\"partner\"><a target=\"_blank\" href=\"https:\/\/www.nrgsystems.com\/?ref=confex2017\"><img decoding=\"async\" src=\"https:\/\/windeurope.org\/confex2017\/images\/logos\/sponsors\/NRG.gif\"><\/a><\/div><div class=\"partner\"><a target=\"_blank\" href=\"https:\/\/www.portofamsterdam.com\/?ref=confex2017\"><img decoding=\"async\" src=\"https:\/\/windeurope.org\/confex2017\/images\/logos\/sponsors\/port-of-amsterdam.gif\"><\/a><\/div><div class=\"partner\"><a target=\"_blank\" href=\"https:\/\/www.prysmiangroup.com\/?ref=confex2017\"><img decoding=\"async\" src=\"https:\/\/windeurope.org\/confex2017\/images\/logos\/sponsors\/prysmian.gif\"><\/a><\/div><div class=\"partner\"><a target=\"_blank\" href=\"https:\/\/www.rabobank.nl\/?ref=confex2017\"><img decoding=\"async\" src=\"https:\/\/windeurope.org\/confex2017\/images\/logos\/sponsors\/rabobank.png\"><\/a><\/div><div class=\"partner\"><a target=\"_blank\" href=\"http:\/\/sentientscience.com\/?ref=confex2017\"><img decoding=\"async\" src=\"https:\/\/windeurope.org\/confex2017\/images\/logos\/sponsors\/sentient-science.gif\"><\/a><\/div><div class=\"partner\"><a target=\"_blank\" href=\"https:\/\/www.tennet.eu\/?ref=confex2017\"><img decoding=\"async\" src=\"https:\/\/windeurope.org\/confex2017\/images\/logos\/sponsors\/tennet.gif\"><\/a><\/div><div class=\"partner\"><a target=\"_blank\" href=\"http:\/\/www.tpicomposites.com\/?ref=confex2017\"><img decoding=\"async\" src=\"https:\/\/windeurope.org\/confex2017\/images\/logos\/sponsors\/tpic.png\"><\/a><\/div><div class=\"partner\"><a target=\"_blank\" href=\"http:\/\/www.tureb.com.tr\/en\/?ref=confex2017\"><img decoding=\"async\" src=\"https:\/\/windeurope.org\/confex2017\/images\/logos\/sponsors\/tureb.gif\"><\/a><\/div><div class=\"partner\"><a target=\"_blank\" href=\"http:\/\/wpo.eu\/?ref=confex2017\"><img decoding=\"async\" src=\"https:\/\/windeurope.org\/confex2017\/images\/logos\/sponsors\/wpo.gif\"><\/a><\/div><\/div><\/section>\r\n\r\n<section class=\"media-partners delayed\"><a href=\"https:\/\/windeurope.org\/confex2017\/media-and-press\/\"><h2>Media partners<\/h2><\/a><div class=\"partners\"><div class=\"partner\"><a target=\"_blank\" href=\"http:\/\/www.rechargenews.com\/?ref=confex2017\"><img decoding=\"async\" src=\"https:\/\/windeurope.org\/confex2017\/images\/logos\/media-partners\/recharge.png\"><\/a><\/div><div class=\"partner\"><a target=\"_blank\" href=\"http:\/\/www.awordaboutwind.com\/?ref=confex2017\"><img decoding=\"async\" src=\"https:\/\/windeurope.org\/confex2017\/images\/logos\/media-partners\/a-word-about-wind.png\"><\/a><\/div><div class=\"partner\"><a target=\"_blank\" href=\"https:\/\/www.actu-environnement.com\/?ref=confex2017\"><img decoding=\"async\" src=\"https:\/\/windeurope.org\/confex2017\/images\/logos\/media-partners\/actu-environnement.png\"><\/a><\/div><div class=\"partner\"><a target=\"_blank\" href=\"https:\/\/about.bnef.com\/?ref=confex2017\"><img decoding=\"async\" src=\"https:\/\/windeurope.org\/confex2017\/images\/logos\/media-partners\/bloomberg.gif\"><\/a><\/div><div class=\"partner\"><a target=\"_blank\" href=\"http:\/\/www.cleanenergypipeline.com\/?ref=confex2017\"><img decoding=\"async\" src=\"https:\/\/windeurope.org\/confex2017\/images\/logos\/media-partners\/clean-energy-pipeline.gif\"><\/a><\/div><div class=\"partner\"><a target=\"_blank\" href=\"https:\/\/www.ecomagazine.com\/?ref=confex2017\"><img decoding=\"async\" src=\"https:\/\/windeurope.org\/confex2017\/images\/logos\/media-partners\/eco.png\"><\/a><\/div><div class=\"partner\"><a target=\"_blank\" href=\"http:\/\/futurenergyweb.es\/?ref=confex2017\"><img decoding=\"async\" src=\"https:\/\/windeurope.org\/confex2017\/images\/logos\/media-partners\/futurenergy.png\"><\/a><\/div><div class=\"partner\"><a target=\"_blank\" href=\"http:\/\/www.indepthnrg.com\/?ref=confex2017\"><img decoding=\"async\" src=\"https:\/\/windeurope.org\/confex2017\/images\/logos\/media-partners\/indepth-wind.png\"><\/a><\/div><div class=\"partner\"><a target=\"_blank\" href=\"https:\/\/www.navigantresearch.com\/?ref=confex2017\"><img decoding=\"async\" src=\"https:\/\/windeurope.org\/confex2017\/images\/logos\/media-partners\/navigant-research.gif\"><\/a><\/div><div class=\"partner\"><a target=\"_blank\" href=\"http:\/\/www.maritimejournal.com\/?ref=confex2017\"><img decoding=\"async\" src=\"https:\/\/windeurope.org\/confex2017\/images\/logos\/media-partners\/maritime-journal.gif\"><\/a><\/div><div class=\"partner\"><a target=\"_blank\" href=\"https:\/\/www.newenergy.info\/?ref=confex2017\"><img decoding=\"async\" src=\"https:\/\/windeurope.org\/confex2017\/images\/logos\/media-partners\/new-energy.png\"><\/a><\/div><div class=\"partner\"><a target=\"_blank\" href=\"https:\/\/www.oceannews.com\/?ref=confex2017\"><img decoding=\"async\" src=\"https:\/\/windeurope.org\/confex2017\/images\/logos\/media-partners\/ocean-news-and-technology.png\"><\/a><\/div><div class=\"partner\"><a target=\"_blank\" href=\"http:\/\/www.ynfpublishers.com\/offshore?ref=confex2017\"><img decoding=\"async\" src=\"https:\/\/windeurope.org\/confex2017\/images\/logos\/media-partners\/offshore-industry.png\"><\/a><\/div><div class=\"partner\"><a target=\"_blank\" href=\"http:\/\/www.offshorevisie.nl\/?ref=confex2017\"><img decoding=\"async\" src=\"https:\/\/windeurope.org\/confex2017\/images\/logos\/media-partners\/offshore-visie.png\"><\/a><\/div><div class=\"partner\"><a target=\"_blank\" href=\"http:\/\/www.offshorewindindustry.com\/news?ref=confex2017\"><img decoding=\"async\" src=\"https:\/\/windeurope.org\/confex2017\/images\/logos\/media-partners\/offshore-wind-industry.png\"><\/a><\/div><div class=\"partner\"><a target=\"_blank\" href=\"http:\/\/www.offshorewindmagazine.com\/?ref=confex2017\"><img decoding=\"async\" src=\"https:\/\/windeurope.org\/confex2017\/images\/logos\/media-partners\/offshore-wind.png\"><\/a><\/div><div class=\"partner\"><a target=\"_blank\" href=\"http:\/\/www.pes.eu.com\/?ref=confex2017\"><img decoding=\"async\" src=\"https:\/\/windeurope.org\/confex2017\/images\/logos\/media-partners\/pes-wind.png\"><\/a><\/div><div class=\"partner\"><a target=\"_blank\" href=\"http:\/\/renews.biz\/?ref=confex2017\"><img decoding=\"async\" src=\"https:\/\/windeurope.org\/confex2017\/images\/logos\/media-partners\/renews.png\"><\/a><\/div><div class=\"partner\"><a target=\"_blank\" href=\"http:\/\/www.windenergynetwork.co.uk\/?ref=confex2017\"><img decoding=\"async\" src=\"https:\/\/windeurope.org\/confex2017\/images\/logos\/media-partners\/wind-energy.gif\"><\/a><\/div><div class=\"partner\"><a target=\"_blank\" href=\"http:\/\/www.windpowermonthly.com\/?ref=confex2017\"><img decoding=\"async\" src=\"https:\/\/windeurope.org\/confex2017\/images\/logos\/media-partners\/windpower-monthly.png\"><\/a><\/div><div class=\"partner\"><a target=\"_blank\" href=\"https:\/\/www.windtech-international.com\/?ref=confex2017\"><img decoding=\"async\" src=\"https:\/\/windeurope.org\/confex2017\/images\/logos\/media-partners\/windtech-international.png\"><\/a><\/div><div class=\"partner\"><a target=\"_blank\" href=\"http:\/\/www.worldwind-technology.com\/?ref=confex2017\"><img decoding=\"async\" src=\"https:\/\/windeurope.org\/confex2017\/images\/logos\/media-partners\/world-wind-technology.png\"><\/a><\/div><\/div><\/section>\r\n<section class=\"media-partners delayed\" style=\"opacity: 1;\"><h2>Global partners<\/h2><div class=\"partners\"><div class=\"partner\"><a target=\"_blank\" href=\"http:\/\/gwec.net\/?ref=confex2017\"><img decoding=\"async\" src=\"\/confex2017\/wp-content\/uploads\/images\/logos\/global-partners\/gwec.gif\"><\/a><\/div><\/div><\/section>\r\n\r\n<section class=\"twitter-feed alt-background delayed\"><div class=\"inner\"><div class=\"heading\"><h2>Join the conversation on twitter<\/h2><h3 class=\"m-b-2\"><a href=\"https:\/\/twitter.com\/hashtag\/windeurope2017\" target=\"_blank\">#WindEurope2017<\/a><\/h3><\/div><div class=\"row\"><div class=\"col col-24 col-sm-12 col-md-6 m-b-2 tweet\"><\/div><div class=\"col col-24 col-sm-12 col-md-6 m-b-2 tweet\"><\/div><div class=\"col col-24 col-sm-12 col-md-6 m-b-2 tweet\"><\/div><div class=\"col col-24 col-sm-12 col-md-6 m-b-2 tweet\"><\/div><\/div><\/div><\/section>\r\n\r\n<section class=\"inner\">\r\n<div class=\"alert alert-danger\">\r\n<h3>FRAUDULENT WARNING<\/h3>\r\n<h4>IMPORTANT INFORMATION FOR ALL EXHIBITORS AND DELEGATES ATTENDING WINDEUROPE EVENTS<\/h4>\r\n<p>It has come to our attention that participants of WindEurope events are being approached by a company called FairExpo through the distribution of invoices for certain communication and branding services.<\/p>\r\n<div id=\"fraud-details\" class=\"collapse\">\r\n<p>Please do not respond to these communications as they have not be authorised or contracted by WindEurope. FairExpo is not connected to WindEurope and any of its events and\/or conferences. Please only refer to the information that you can find on our website with regard to third party suppliers that are legitimately contracted by WindEurope. For more information please consult our relevant events webpage or contact our team at <a href=\"mailto:events@windeurope.org\">events@windeurope.org<\/a>.<\/p>\r\n<p>If you have been approached by a company regarding your participation at any WindEurope event and you are unsure whether they are involved or contracted by WindEurope please contact us <a href=\"mailto:events@windeurope.org\">here<\/a>.<\/p>\r\n<\/div>\r\n<button type=\"button\" class=\"button\" data-toggle=\"collapse\" data-target=\"#fraud-details\" style=\"background: #f2dede; border: 1px solid #fff; margin-top: 10px;\">Read more<\/button>\r\n<\/div>\r\n<\/section>\r\n<script src=\"https:\/\/maxcdn.bootstrapcdn.com\/bootstrap\/3.3.7\/js\/bootstrap.min.js\"><\/script>\r\n","protected":false},"excerpt":{"rendered":"<p>WindEurope, in partnership with The Netherlands Wind Energy Association (NWEA) hosted the WindEurope Conference &amp; Exhibition from 28 \u2013 30 November 2017 in the Amsterdam RAI Exhibition &amp; Convention Centre. Thank you for being a part of the event and making it a success! Access the presentations Access the Scientific Proceedings See photos from the [&hellip;]<\/p>\n","protected":false},"author":2,"featured_media":2406,"parent":0,"menu_order":5,"comment_status":"closed","ping_status":"open","template":"","meta":{"footnotes":""},"categories":[],"tags":[],"class_list":["post-7","page","type-page","status-publish","has-post-thumbnail","hentry"],"_links":{"self":[{"href":"https:\/\/windeurope.org\/confex2017\/wp-json\/wp\/v2\/pages\/7"}],"collection":[{"href":"https:\/\/windeurope.org\/confex2017\/wp-json\/wp\/v2\/pages"}],"about":[{"href":"https:\/\/windeurope.org\/confex2017\/wp-json\/wp\/v2\/types\/page"}],"author":[{"embeddable":true,"href":"https:\/\/windeurope.org\/confex2017\/wp-json\/wp\/v2\/users\/2"}],"replies":[{"embeddable":true,"href":"https:\/\/windeurope.org\/confex2017\/wp-json\/wp\/v2\/comments?post=7"}],"version-history":[{"count":52,"href":"https:\/\/windeurope.org\/confex2017\/wp-json\/wp\/v2\/pages\/7\/revisions"}],"predecessor-version":[{"id":977,"href":"https:\/\/windeurope.org\/confex2017\/wp-json\/wp\/v2\/pages\/7\/revisions\/977"}],"wp:featuredmedia":[{"embeddable":true,"href":"https:\/\/windeurope.org\/confex2017\/wp-json\/wp\/v2\/media\/2406"}],"wp:attachment":[{"href":"https:\/\/windeurope.org\/confex2017\/wp-json\/wp\/v2\/media?parent=7"}],"wp:term":[{"taxonomy":"category","embeddable":true,"href":"https:\/\/windeurope.org\/confex2017\/wp-json\/wp\/v2\/categories?post=7"},{"taxonomy":"post_tag","embeddable":true,"href":"https:\/\/windeurope.org\/confex2017\/wp-json\/wp\/v2\/tags?post=7"}],"curies":[{"name":"wp","href":"https:\/\/api.w.org\/{rel}","templated":true}]}}