{"id":725,"date":"2025-11-27T16:15:00","date_gmt":"2025-11-27T15:15:00","guid":{"rendered":"https:\/\/windeurope.org\/annual2026\/?page_id=725"},"modified":"2026-02-06T18:45:13","modified_gmt":"2026-02-06T17:45:13","slug":"programme-committee-and-abstracts-reviewers","status":"publish","type":"page","link":"https:\/\/windeurope.org\/annual2026\/conference\/programme-committee-and-abstracts-reviewers\/","title":{"rendered":"Programme Committee &#038; abstracts reviewers"},"content":{"rendered":"<section class=\"inner\">\r\n<div class=\"alert alert-info\"><p>WindEurope would like to thank the members of the Programme Committee and the abstract reviewers for their time and expertise, resulting in high-quality sessions and posters.<\/p><\/div>\r\n<\/section>\r\n\r\n<section class=\"inner\" id=\"committee\">\r\n<h3>Technical and Scientific Programme Committee<\/h3>\r\n<ul>\r\n<li>Abbas Kazemi Amiri, University of Strathclyde<\/li>\r\n<li>Andr\u00e1s Tak\u00e1cs, BirdLife<\/li>\r\n<li>Arturo Marques, WindEurope <\/li>\r\n<li>Christopher Sous, ZF Wind Power Antwerpen NV<\/li>\r\n<li>Didier Mallieu, Hitachi <\/li>\r\n<li>Eliana Mayall, SSE Renewables<\/li>\r\n<li>Ferdy Hengeveld, Van Oord<\/li>\r\n<li>Georges Kariniotakis, Mines Paris &#8211; PSL<\/li>\r\n<li>Gian Marco Gioffr\u00e8, WindEurope<\/li>\r\n<li>Gil Lizcano, Climate Scale<\/li>\r\n<li>Guy Willems, WindEurope <\/li>\r\n<li>Helena Solman, Wageningen University and Research<\/li>\r\n<li>Jan Helsen, Vrije Universiteit Brussel<\/li>\r\n<li>Jeanette Haenseroth, Siemens Gamesa Renewable Energy<\/li>\r\n<li>Julia Gottschall, Fraunhofer Institute for Wind Energy Systems (IWES) <\/li>\r\n<li>Katrine Hilmen, ABB<\/li>\r\n<li>Lars Landberg, DNV<\/li>\r\n<li>Lene Hellstern, PEAK Wind<\/li>\r\n<li>Mike Anderson, Individual <\/li>\r\n<li>Nicolaos Cutululis, DTU<\/li>\r\n<li>Nikolai Dimitrov, DTU <\/li>\r\n<li>Orlando San Martin, Statkraft As<\/li>\r\n<li>Pablo Alberte Gonzalez, Ocean Winds <\/li>\r\n<li>Rafael Solis, EDPR <\/li>\r\n<li>Riccardo Longo, WindEurope<\/li>\r\n<li>Sarah Barber, Eastern Switzerland University of Applied Sciences<\/li>\r\n<li>Simon Watson, TU Delft<\/li>\r\n<li>Sofia Koukoura, ScottishPower<\/li>\r\n<li>Stephan Barth, ForWind &#8211; Center for Wind Energy Research<\/li>\r\n<li>Steven Heald, RWE<\/li>\r\n<li>Viet-Chi Pham, \u00d8rsted<\/li>\r\n\r\n\r\n\r\n\r\n\r\n\r\n<\/ul>\r\n<\/section>\r\n\r\n<section class=\"inner\" id=\"reviewers\">\r\n<h3>Reviewers<\/h3>\r\n<ul>\r\n<li>Abbas Lotfi, Nexans<\/li>\r\n<li>afshin tafazzoli, Siemens Gamesa Renewable Energy<\/li>\r\n<li>Aida Castro, Iberdrola<\/li>\r\n<li>Alan Derrick, RES<\/li>\r\n<li>Alberto Barcia, Ingeteam <\/li>\r\n<li>Alberto Ghigo, Politecnico di Torino<\/li>\r\n<li>Alejandro Abascal, Iberdrola<\/li>\r\n<li>Aleksandra Miko\u0142ajczyk, Ambiens Sp. z o.o.<\/li>\r\n<li>Alessandro Croce, Politecnico di Milano<\/li>\r\n<li>Alexander Meyer Forsting, DTU<\/li>\r\n<li>Alexandre Xavier, Crosby Airpes<\/li>\r\n<li>Ali Inal, Senkron Digital<\/li>\r\n<li>ana martos, iberdrola<\/li>\r\n<li>Anders S. Olsen, DTU<\/li>\r\n<li>Andrew Billingsley, Plaswire Limited<\/li>\r\n<li>Andrew Black, Vaisala<\/li>\r\n<li>Andrew Henderson, Copenhagen Offshore Partners<\/li>\r\n<li>Andrew Machirant, Vattenfall<\/li>\r\n<li>Angel Lopez Zamora, Vestas<\/li>\r\n<li>Angela Angulo, Iberdrola <\/li>\r\n<li>Angeliki Koulouri, Vestas<\/li>\r\n<li>Anna Maria Sempreviva, DTU<\/li>\r\n<li>Annette Nienhaus, ERM<\/li>\r\n<li>Anthony POLLET, seaway7<\/li>\r\n<li>Antonio Crespo, Universidad Polit\u00e9cnica de Madrid <\/li>\r\n<li>Arno van Wingerde, Fraunhofer Institute for Wind Energy Systems (IWES) <\/li>\r\n<li>Arthur Cachia, EDF<\/li>\r\n<li>Athanasios Kolios, DTU<\/li>\r\n<li>Aur\u00e9lie Jeannin, Vaisala<\/li>\r\n<li>Babasola Ogunnaike, Subsea7<\/li>\r\n<li>Bartosz Soboci\u0144ski, Ambiens Sp. z o.o.<\/li>\r\n<li>Beatriz M\u00e9ndez, CENER<\/li>\r\n<li>Ben Hendriks, GE Vernova<\/li>\r\n<li>Benjamin Lehner, DMEC<\/li>\r\n<li>Benjamin Mauries, Saipem<\/li>\r\n<li>Bernhard Schowe-von der Brelie, FGH Reserach Association (FGH e.V.)<\/li>\r\n<li>Bert Conings, Sirris\/OWI-Lab<\/li>\r\n<li>Bert van der Lingen, NedZero <\/li>\r\n<li>Bianca Wiese, RWE<\/li>\r\n<li>Brandon Simmons, Siemens Gamesa Renewable Energy<\/li>\r\n<li>Catherine Meissner, Equinor<\/li>\r\n<li>Cesar Diaz de Cerio Garcia, Siemens Gamesa Renewable Energy<\/li>\r\n<li>Charlotte Hasager, DTU<\/li>\r\n<li>Chris Pollock, Nadara<\/li>\r\n<li>Christopher Sous, ZF Wind Power Antwerpen NV<\/li>\r\n<li>Cipriano Cerro, Ormazabal<\/li>\r\n<li>Cl\u00e9ment Jacquet, EPRI<\/li>\r\n<li>Climent Molins Borrell, Universitat Polit\u00e8cnica de Catalunya<\/li>\r\n<li>Cordula Hornung, ENERCON<\/li>\r\n<li>Damien Devillers, Statkraft As<\/li>\r\n<li>Daniel Cabezon, EDP<\/li>\r\n<li>Daniel Gonzalez, Mott MacDonald<\/li>\r\n<li>Daniele Fallo, Bureau Veritas<\/li>\r\n<li>David Pullinger, Ramboll<\/li>\r\n<li>David Thompson, Nadara<\/li>\r\n<li>Davide Astiaso Garcia, Sapienza University of Rome, Department of Astronautical, Electrical and Energy Engineering, Italia, ANEV &#8211; Italian Wind Energy Association, Italia<\/li>\r\n<li>Declan McGinley, DNV<\/li>\r\n<li>Desi Lazarova, RES<\/li>\r\n<li>Dmytro Goncharenko,  8.2 Group e.V.<\/li>\r\n<li>Donatella Zappala, TU Delft<\/li>\r\n<li>Duncan Barker, Ignitis Renewables<\/li>\r\n<li>Ed Hall, RWE<\/li>\r\n<li>Eduardo Oliden Brieva, Enel Green Power<\/li>\r\n<li>Eenrika Uuusitalo, Sarens <\/li>\r\n<li>Elena Gonzalez, Iberdrola<\/li>\r\n<li>Elies Campmany, Vortex<\/li>\r\n<li>Elizabeth Traiger, DNV<\/li>\r\n<li>Emmanuel Chanfreau, oxan energy<\/li>\r\n<li>Enrique Burguera, Universidad Deusto,  Iberdrola<\/li>\r\n<li>Eric Dupont, EDF<\/li>\r\n<li>Esperanza Susana Torres, SSE Renewables, The University of Edinburgh,  University of Strathclyde, University of Exeter<\/li>\r\n<li>Eva Lotta Schmidt, ENERCON<\/li>\r\n<li>Federico Fioretti, Enel Green Power<\/li>\r\n<li>Federico Tagliatti, Galileo Energy<\/li>\r\n<li>Felipe Vittori, Lloyd&#8217;s Register<\/li>\r\n<li>Fernando Ivan Canales Verdial, TU Delft<\/li>\r\n<li>Ffion Rodes, National Composites Centre<\/li>\r\n<li>Filippo Maria de Leva, Enel Green Power<\/li>\r\n<li>Florent Violain, RWE<\/li>\r\n<li>Florian Kolb, Intertrust<\/li>\r\n<li>Francisco Javier Cifuentes Garcia, KU Leuven &#038; Etch EnergyVille<\/li>\r\n<li>Francisco Valle, Enel Green Power<\/li>\r\n<li>Frank Martin, European Energy AS<\/li>\r\n<li>Freddie van der Linde, Jacobs<\/li>\r\n<li>Gabriel Bonet Bra\u00f1a, ArcelorMittal<\/li>\r\n<li>Gabriela Factor, Danish Institute for Human Rights<\/li>\r\n<li>Gadha Satish, Vestas<\/li>\r\n<li>Galyna Shmidt, Ukrainian Wind Energy Association<\/li>\r\n<li>Geonhwa Ryu, OWC<\/li>\r\n<li>George Kampolis, ScottishPower, University of Strathclyde<\/li>\r\n<li>Georgios Rogdakis, Ocean Winds<\/li>\r\n<li>Georgios Valsamakis, Alterric GmbH<\/li>\r\n<li>German Perez, Tecnalia<\/li>\r\n<li>Gil Lizcano, Climate Scale<\/li>\r\n<li>Gloria Sastre, Iberdrola<\/li>\r\n<li>Gregor Giebel, DTU<\/li>\r\n<li>Guillermo Amann, ORMAZABAL Electric SLU<\/li>\r\n<li>Gustavo Quinonez-Varela, Acciona Energia<\/li>\r\n<li>Harald Stecher, Siemens Gamesa Renewable Energy<\/li>\r\n<li>Haras Najib, VDMA Power Systems &#8211; WG Wind Industry<\/li>\r\n<li>Harriet Thomas, RWE<\/li>\r\n<li>Hasan Yazicioglu, 3E NV\/SA<\/li>\r\n<li>Heinz-Theo Mengelkamp, anemos Gesellschaft f\u00fcr Umweltmeteorologie mbH<\/li>\r\n<li>Hiba OMRANI, Totalenergies<\/li>\r\n<li>Ignacio Pantojo, Iberdrola<\/li>\r\n<li>Imogen Stevenson, ABB<\/li>\r\n<li>Ion Etxarri, Ingeteam <\/li>\r\n<li>Irene Rivera-Arreba, DNV<\/li>\r\n<li>Jacob Juhl Christensen, KK Wind Solutions<\/li>\r\n<li>Jakob Klassen, German Aerospace Center (DLR)<\/li>\r\n<li>Jan Coelingh, Vattenfall<\/li>\r\n<li>Jan Declercq, Blue-C, Belgi\u00eb, Vrije Universiteit Brussels<\/li>\r\n<li>Jaouad Ezzannouny Hakam, Navantia<\/li>\r\n<li>Javier Arana Bonilla, RWE<\/li>\r\n<li>Javier Del Real, SAITEC, S.A.<\/li>\r\n<li>Javier L\u00e1zaro, APPA RENOVABLES<\/li>\r\n<li>Jelena Uzunovic, Amazon Web Services<\/li>\r\n<li>Jeroen Gerrissen, DNV<\/li>\r\n<li>Jo\u00e3o Pacheco, Flender GmbH<\/li>\r\n<li>Jo\u00e3o Santos, Nadara<\/li>\r\n<li>Joel Gancedo, Ramboll<\/li>\r\n<li>Joel Manning, Ramboll<\/li>\r\n<li>Joep Breuer, TNO<\/li>\r\n<li>John Korsgaard, LM Wind Power<\/li>\r\n<li>Jon Dugstad, Norwegian Energy Partners (NORWEP)<\/li>\r\n<li>Jon L\u00f3pez de Maturana, Statkraft As<\/li>\r\n<li>Jorge Asensio Marques, Enel Green Power<\/li>\r\n<li>Jos\u00e9 Pedro Blasques, Vattenfall<\/li>\r\n<li>Jos\u00e9 Vidal, UL Solutions<\/li>\r\n<li>Juan Carlos Rucian, Iberdrola<\/li>\r\n<li>Judit Gonzalez, RWE<\/li>\r\n<li>Julia Minici, Afterwind AB<\/li>\r\n<li>Julien Prieur, Ekwil<\/li>\r\n<li>Julio J: Melero, Instituto Universitario Mixto ENERGAIA &#8211; University of Zaragoza<\/li>\r\n<li>Justyna Iwasiuk, Ambiens Sp. z o.o.<\/li>\r\n<li>Kamran Sharifabadi, Equinor<\/li>\r\n<li>Karen Anne Hutton, RES<\/li>\r\n<li>Katarina Obradovic, DTU<\/li>\r\n<li>Katerina Milerova, \u00d8rsted<\/li>\r\n<li>kausihan selvam, Siemens Gamesa Renewable Energy<\/li>\r\n<li>Ken Tay, DNV<\/li>\r\n<li>Kerim Atilla Korkmaz, RES<\/li>\r\n<li>Kimon Argyriadis, DNV<\/li>\r\n<li>Koen De Bauw, Engie<\/li>\r\n<li>Krista Van den Bergh, ArcelorMittal R&#038;D Gent<\/li>\r\n<li>Kristiina Nauts, O\u00dc Utilitas Wind<\/li>\r\n<li>Lasse Svenningsen, EMD International A\/S<\/li>\r\n<li>Laure Martroye, POM West-Vlaanderen<\/li>\r\n<li>Les Newman, Kent Energies UK Ltd<\/li>\r\n<li>Levent Kucuk, Vattenfall<\/li>\r\n<li>Luis Guerrero-Gomez, Bureau Veritas<\/li>\r\n<li>Lutuf Shah, PEAK Wind<\/li>\r\n<li>Malte Hippe, Boston Consulting Group<\/li>\r\n<li>Manuel Ancizu, Siemens Gamesa Renewable Energy<\/li>\r\n<li>Marco Milanesi, Vestas<\/li>\r\n<li>Marcus Wiens, Fraunhofer Institute for Wind Energy Systems (IWES) <\/li>\r\n<li>Maria Pedrayes, Enel Green Power <\/li>\r\n<li>Marie-Anne Cowan, Ramboll<\/li>\r\n<li>Mari\u00eblle de Sain, Pondera (Haskoning)<\/li>\r\n<li>Mario Alejandro Useche Arteaga, Youwind, CITCEA-UPC<\/li>\r\n<li>Mario P\u00e9rez Rodr\u00edguez, Hitachi Energy<\/li>\r\n<li>Mark Zagar, Vestas<\/li>\r\n<li>Markel Pe\u00f1alba Retes, Mondragon University<\/li>\r\n<li>Martin Doerenkaemper, Fraunhofer Institute for Wind Energy Systems (IWES) <\/li>\r\n<li>Mauricio Pereira, ERM<\/li>\r\n<li>Max KAROUS CEng MIMechE, RINA, IMECHE (Chartered mechanical engineer)<\/li>\r\n<li>Maxime BELLORGE, SINAY<\/li>\r\n<li>Maxime Duchet, EDF<\/li>\r\n<li>Maximilian Schnippering, Siemens Gamesa Renewable Energy<\/li>\r\n<li>Melissa Hagedorn, Hamer Environmental<\/li>\r\n<li>Michael N\u00f8rtoft Frydensbjerg, Vattenfall<\/li>\r\n<li>Michael Wilkinson, Vestas<\/li>\r\n<li>Michaela Ibrion, NTNU- Norwegian University of Science and Technology<\/li>\r\n<li>Miguel A. Prosper, Siemens Gamesa Renewable Energy<\/li>\r\n<li>Miguel Cordoba, Ocean Winds<\/li>\r\n<li>Milan Swart, Mainstream Renewable Power<\/li>\r\n<li>Miren S\u00e1nchez, Tecnalia<\/li>\r\n<li>Miriam Marchante, \u00d8rsted<\/li>\r\n<li>Mirian Terce\u00f1o, Navantia<\/li>\r\n<li>Mirko Del Hoyo, DNV<\/li>\r\n<li>Monelle Comeau, Power Factors<\/li>\r\n<li>Moritz Hildemann, EMD International A\/S<\/li>\r\n<li>Mouhamet Diallo, ENGIE<\/li>\r\n<li>Myoung Choi, MODEC<\/li>\r\n<li>Neil Botterill, Nadara<\/li>\r\n<li>Neil MacDougall, \u00d8rsted<\/li>\r\n<li>Neil Morgan, LR<\/li>\r\n<li>Nico Maljaars, Siemens Gamesa Renewable Energy<\/li>\r\n<li>Nicolas Qui\u00e9vy, ENGIE<\/li>\r\n<li>Niels Ludwig, Fraunhofer Institute for Wind Energy Systems (IWES) <\/li>\r\n<li>Nikhil Bhardwaj, Ignitis Renewables<\/li>\r\n<li>Nikolaos Stefanatos, Center for Renewable Energy Sources and Saving<\/li>\r\n<li>Nurseda Yildirim Yurusen, UL Solutions<\/li>\r\n<li>Olaoluwa Babasanmi, Nuveen<\/li>\r\n<li>Oliver Davies, OWC<\/li>\r\n<li>Olympia Miziaki, National Technical University of Athens, Greece, Terna Energy (Masdar Company)<\/li>\r\n<li>Oriol Lacave, Vortex<\/li>\r\n<li>Pablo Carazo, Iberdrola<\/li>\r\n<li>Pablo Montori Vilella, Siemens Gamesa Renewable Energy<\/li>\r\n<li>Paolo Grossi, Galileo Energy<\/li>\r\n<li>Pau Trubat, Universitat Polit\u00e8cnica de Catalunya<\/li>\r\n<li>Pavel Guerra C\u00f4t\u00e9, Power Factors<\/li>\r\n<li>Pedro Santos, DHI A\/S<\/li>\r\n<li>Pep Moreno, Vortex<\/li>\r\n<li>Peter Clive, Black &#038; Veatch (UK) Ltd<\/li>\r\n<li>Peter Eecen, TNO<\/li>\r\n<li>Philippe Martens, Blue Cluster<\/li>\r\n<li>Pierre Ingmarsson, IVL Swedish Environmental Institute<\/li>\r\n<li>Pierre-Adrien Opinel, AXIS Capital<\/li>\r\n<li>Pieter Gebraad, Youwind<\/li>\r\n<li>Piluca Nunez, AEE &#8211; Asociaci\u00f3n Empresarial E\u00f3lica<\/li>\r\n<li>Po Wen Cheng, University of Stuttgart <\/li>\r\n<li>priya reddy, Vestas R&#038;D Chennai India pvt ltd <\/li>\r\n<li>Qing Shen, Siemens Gamesa Renewable Energy<\/li>\r\n<li>Raja V. Pulikollu, Ph.D., EPRI<\/li>\r\n<li>Rebeca Marini, Vrije Universiteit Brussel<\/li>\r\n<li>Remment  ter Hofstede, Van Oord<\/li>\r\n<li>Rhys Devanny, RWE<\/li>\r\n<li>Ricardo Rocha, BayWa r.e. <\/li>\r\n<li>Robert Menke, DNV<\/li>\r\n<li>Roberto Chavez Arroyo, Ocean Winds<\/li>\r\n<li>Roberto Vel\u00e1squez, Galileo Energy<\/li>\r\n<li>Robin Elliott, ONYX Insight<\/li>\r\n<li>Roger Drobietz, GE Vernova<\/li>\r\n<li>Roy Spence, ERM<\/li>\r\n<li>Ryan Kyle, Nadara<\/li>\r\n<li>Sander des Tombe, DMEC<\/li>\r\n<li>Sandrine Aubrun, Ecole Centrale Nantes<\/li>\r\n<li>Sandro Di Noi, RWE<\/li>\r\n<li>Sarah Marshall, RWE<\/li>\r\n<li>Saravanan M Ramachandran, NKT <\/li>\r\n<li>Sascha Hillenbrand, ABB<\/li>\r\n<li>Sergio Garcia Colino, EDP<\/li>\r\n<li>S\u00e9rgio Pereira Sousa, Nadara <\/li>\r\n<li>Sevin\u00e7 R\u00fcstemo\u011flu, Nordex Sverige AB<\/li>\r\n<li>Shahrooz Rezvani, Maersk Offshore Wind<\/li>\r\n<li>Soeren Friis, Siemens Gamesa Renewable Energy<\/li>\r\n<li>Soledad  Sanz, Iberdrola<\/li>\r\n<li>Stefan Flau, RWE<\/li>\r\n<li>Stefano Bontumasi, Eni SpA<\/li>\r\n<li>Suguang Dou, EDF<\/li>\r\n<li>Teit Schoenberg, Ignitis Renewables<\/li>\r\n<li>Thea Pisani, SSE Renewables<\/li>\r\n<li>Thibaud UHL, ENGIE<\/li>\r\n<li>Thielko SCHREIBER, Vattenfall<\/li>\r\n<li>Tim Camp, ABL Group \/ Offshore Wind Consultants Ltd.<\/li>\r\n<li>Tim Rubert, RWE<\/li>\r\n<li>Tor Anders  Nygaard, IFE<\/li>\r\n<li>Vasilis Riziotis, National Technical University of Athens<\/li>\r\n<li>Vivek Trivedi, RWE<\/li>\r\n<li>Volker Barth, Skyborn Renewables offshore solutions GmbH<\/li>\r\n<li>Wen Wu, EDF<\/li>\r\n<li>Wiebke Langreder, EMD International A\/S<\/li>\r\n<li>Wolfgang Moser, RWE<\/li>\r\n<li>Wouter Engels, TNO<\/li>\r\n<li>Yaeli Rosenberg, ECOncrete<\/li>\r\n<li>Zhi Liang, Vaisala<\/li>\r\n\r\n\r\n\r\n<\/ul>\r\n<\/section>\r\n\r\n","protected":false},"excerpt":{"rendered":"<p>WindEurope would like to thank the members of the Programme Committee and the abstract reviewers for their time and expertise, resulting in high-quality sessions and posters. Technical and Scientific Programme Committee Abbas Kazemi Amiri, University of Strathclyde Andr\u00e1s Tak\u00e1cs, BirdLife Arturo Marques, WindEurope Christopher Sous, ZF Wind Power Antwerpen NV Didier Mallieu, Hitachi Eliana Mayall, [&hellip;]<\/p>\n","protected":false},"author":6,"featured_media":0,"parent":152,"menu_order":7,"comment_status":"closed","ping_status":"closed","template":"","meta":{"footnotes":""},"categories":[],"tags":[],"class_list":["post-725","page","type-page","status-publish","hentry"],"yoast_head":"<!-- This site is optimized with the Yoast SEO plugin v27.2 - https:\/\/yoast.com\/product\/yoast-seo-wordpress\/ -->\n<title>Programme Committee &amp; abstracts reviewers | WindEurope Annual Event 2026<\/title>\n<meta name=\"robots\" content=\"index, follow, max-snippet:-1, max-image-preview:large, max-video-preview:-1\" \/>\n<link rel=\"canonical\" href=\"https:\/\/windeurope.org\/annual2026\/conference\/programme-committee-and-abstracts-reviewers\/\" \/>\n<meta property=\"og:locale\" content=\"en_US\" \/>\n<meta property=\"og:type\" content=\"article\" \/>\n<meta property=\"og:title\" content=\"Programme Committee &amp; abstracts reviewers | WindEurope Annual Event 2026\" \/>\n<meta property=\"og:description\" content=\"WindEurope would like to thank the members of the Programme Committee and the abstract reviewers for their time and expertise, resulting in high-quality sessions and posters. Technical and Scientific Programme Committee Abbas Kazemi Amiri, University of Strathclyde Andr\u00e1s Tak\u00e1cs, BirdLife Arturo Marques, WindEurope Christopher Sous, ZF Wind Power Antwerpen NV Didier Mallieu, Hitachi Eliana Mayall, [&hellip;]\" \/>\n<meta property=\"og:url\" content=\"https:\/\/windeurope.org\/annual2026\/conference\/programme-committee-and-abstracts-reviewers\/\" \/>\n<meta property=\"og:site_name\" content=\"WindEurope Annual Event 2026\" \/>\n<meta property=\"article:publisher\" content=\"https:\/\/www.facebook.com\/windeurope\/\" \/>\n<meta property=\"article:modified_time\" content=\"2026-02-06T17:45:13+00:00\" \/>\n<meta property=\"og:image\" content=\"https:\/\/windeurope.org\/annual2026\/wp-content\/uploads\/Annual2026-SM-Generic.jpg\" \/>\n\t<meta property=\"og:image:width\" content=\"1200\" \/>\n\t<meta property=\"og:image:height\" content=\"675\" \/>\n\t<meta property=\"og:image:type\" content=\"image\/jpeg\" \/>\n<meta name=\"twitter:card\" content=\"summary_large_image\" \/>\n<meta name=\"twitter:site\" content=\"@windeuropeevent\" \/>\n<meta name=\"twitter:label1\" content=\"Est. reading time\" \/>\n\t<meta name=\"twitter:data1\" content=\"6 minutes\" \/>\n<script type=\"application\/ld+json\" class=\"yoast-schema-graph\">{\"@context\":\"https:\/\/schema.org\",\"@graph\":[{\"@type\":\"WebPage\",\"@id\":\"https:\/\/windeurope.org\/annual2026\/conference\/programme-committee-and-abstracts-reviewers\/\",\"url\":\"https:\/\/windeurope.org\/annual2026\/conference\/programme-committee-and-abstracts-reviewers\/\",\"name\":\"Programme Committee & abstracts reviewers | WindEurope Annual Event 2026\",\"isPartOf\":{\"@id\":\"https:\/\/windeurope.org\/annual2026\/#website\"},\"datePublished\":\"2025-11-27T15:15:00+00:00\",\"dateModified\":\"2026-02-06T17:45:13+00:00\",\"breadcrumb\":{\"@id\":\"https:\/\/windeurope.org\/annual2026\/conference\/programme-committee-and-abstracts-reviewers\/#breadcrumb\"},\"inLanguage\":\"en-US\",\"potentialAction\":[{\"@type\":\"ReadAction\",\"target\":[\"https:\/\/windeurope.org\/annual2026\/conference\/programme-committee-and-abstracts-reviewers\/\"]}]},{\"@type\":\"BreadcrumbList\",\"@id\":\"https:\/\/windeurope.org\/annual2026\/conference\/programme-committee-and-abstracts-reviewers\/#breadcrumb\",\"itemListElement\":[{\"@type\":\"ListItem\",\"position\":1,\"name\":\"Home\",\"item\":\"https:\/\/windeurope.org\/annual2026\/\"},{\"@type\":\"ListItem\",\"position\":2,\"name\":\"Conference\",\"item\":\"https:\/\/windeurope.org\/annual2026\/conference\/\"},{\"@type\":\"ListItem\",\"position\":3,\"name\":\"Programme Committee &#038; abstracts reviewers\"}]},{\"@type\":\"WebSite\",\"@id\":\"https:\/\/windeurope.org\/annual2026\/#website\",\"url\":\"https:\/\/windeurope.org\/annual2026\/\",\"name\":\"WindEurope Annual Event 2026\",\"description\":\"\",\"publisher\":{\"@id\":\"https:\/\/windeurope.org\/annual2026\/#organization\"},\"potentialAction\":[{\"@type\":\"SearchAction\",\"target\":{\"@type\":\"EntryPoint\",\"urlTemplate\":\"https:\/\/windeurope.org\/annual2026\/?s={search_term_string}\"},\"query-input\":{\"@type\":\"PropertyValueSpecification\",\"valueRequired\":true,\"valueName\":\"search_term_string\"}}],\"inLanguage\":\"en-US\"},{\"@type\":\"Organization\",\"@id\":\"https:\/\/windeurope.org\/annual2026\/#organization\",\"name\":\"WindEurope\",\"url\":\"https:\/\/windeurope.org\/annual2026\/\",\"logo\":{\"@type\":\"ImageObject\",\"inLanguage\":\"en-US\",\"@id\":\"https:\/\/windeurope.org\/annual2026\/#\/schema\/logo\/image\/\",\"url\":\"https:\/\/windeurope.org\/annual2026\/wp-content\/uploads\/WindEurope-SQ.jpg\",\"contentUrl\":\"https:\/\/windeurope.org\/annual2026\/wp-content\/uploads\/WindEurope-SQ.jpg\",\"width\":2246,\"height\":2246,\"caption\":\"WindEurope\"},\"image\":{\"@id\":\"https:\/\/windeurope.org\/annual2026\/#\/schema\/logo\/image\/\"},\"sameAs\":[\"https:\/\/www.facebook.com\/windeurope\/\",\"https:\/\/x.com\/windeuropeevent\"]}]}<\/script>\n<!-- \/ Yoast SEO plugin. -->","yoast_head_json":{"title":"Programme Committee & abstracts reviewers | WindEurope Annual Event 2026","robots":{"index":"index","follow":"follow","max-snippet":"max-snippet:-1","max-image-preview":"max-image-preview:large","max-video-preview":"max-video-preview:-1"},"canonical":"https:\/\/windeurope.org\/annual2026\/conference\/programme-committee-and-abstracts-reviewers\/","og_locale":"en_US","og_type":"article","og_title":"Programme Committee & abstracts reviewers | WindEurope Annual Event 2026","og_description":"WindEurope would like to thank the members of the Programme Committee and the abstract reviewers for their time and expertise, resulting in high-quality sessions and posters. Technical and Scientific Programme Committee Abbas Kazemi Amiri, University of Strathclyde Andr\u00e1s Tak\u00e1cs, BirdLife Arturo Marques, WindEurope Christopher Sous, ZF Wind Power Antwerpen NV Didier Mallieu, Hitachi Eliana Mayall, [&hellip;]","og_url":"https:\/\/windeurope.org\/annual2026\/conference\/programme-committee-and-abstracts-reviewers\/","og_site_name":"WindEurope Annual Event 2026","article_publisher":"https:\/\/www.facebook.com\/windeurope\/","article_modified_time":"2026-02-06T17:45:13+00:00","og_image":[{"width":1200,"height":675,"url":"https:\/\/windeurope.org\/annual2026\/wp-content\/uploads\/Annual2026-SM-Generic.jpg","type":"image\/jpeg"}],"twitter_card":"summary_large_image","twitter_site":"@windeuropeevent","twitter_misc":{"Est. reading time":"6 minutes"},"schema":{"@context":"https:\/\/schema.org","@graph":[{"@type":"WebPage","@id":"https:\/\/windeurope.org\/annual2026\/conference\/programme-committee-and-abstracts-reviewers\/","url":"https:\/\/windeurope.org\/annual2026\/conference\/programme-committee-and-abstracts-reviewers\/","name":"Programme Committee & abstracts reviewers | WindEurope Annual Event 2026","isPartOf":{"@id":"https:\/\/windeurope.org\/annual2026\/#website"},"datePublished":"2025-11-27T15:15:00+00:00","dateModified":"2026-02-06T17:45:13+00:00","breadcrumb":{"@id":"https:\/\/windeurope.org\/annual2026\/conference\/programme-committee-and-abstracts-reviewers\/#breadcrumb"},"inLanguage":"en-US","potentialAction":[{"@type":"ReadAction","target":["https:\/\/windeurope.org\/annual2026\/conference\/programme-committee-and-abstracts-reviewers\/"]}]},{"@type":"BreadcrumbList","@id":"https:\/\/windeurope.org\/annual2026\/conference\/programme-committee-and-abstracts-reviewers\/#breadcrumb","itemListElement":[{"@type":"ListItem","position":1,"name":"Home","item":"https:\/\/windeurope.org\/annual2026\/"},{"@type":"ListItem","position":2,"name":"Conference","item":"https:\/\/windeurope.org\/annual2026\/conference\/"},{"@type":"ListItem","position":3,"name":"Programme Committee &#038; abstracts reviewers"}]},{"@type":"WebSite","@id":"https:\/\/windeurope.org\/annual2026\/#website","url":"https:\/\/windeurope.org\/annual2026\/","name":"WindEurope Annual Event 2026","description":"","publisher":{"@id":"https:\/\/windeurope.org\/annual2026\/#organization"},"potentialAction":[{"@type":"SearchAction","target":{"@type":"EntryPoint","urlTemplate":"https:\/\/windeurope.org\/annual2026\/?s={search_term_string}"},"query-input":{"@type":"PropertyValueSpecification","valueRequired":true,"valueName":"search_term_string"}}],"inLanguage":"en-US"},{"@type":"Organization","@id":"https:\/\/windeurope.org\/annual2026\/#organization","name":"WindEurope","url":"https:\/\/windeurope.org\/annual2026\/","logo":{"@type":"ImageObject","inLanguage":"en-US","@id":"https:\/\/windeurope.org\/annual2026\/#\/schema\/logo\/image\/","url":"https:\/\/windeurope.org\/annual2026\/wp-content\/uploads\/WindEurope-SQ.jpg","contentUrl":"https:\/\/windeurope.org\/annual2026\/wp-content\/uploads\/WindEurope-SQ.jpg","width":2246,"height":2246,"caption":"WindEurope"},"image":{"@id":"https:\/\/windeurope.org\/annual2026\/#\/schema\/logo\/image\/"},"sameAs":["https:\/\/www.facebook.com\/windeurope\/","https:\/\/x.com\/windeuropeevent"]}]}},"_links":{"self":[{"href":"https:\/\/windeurope.org\/annual2026\/wp-json\/wp\/v2\/pages\/725","targetHints":{"allow":["GET"]}}],"collection":[{"href":"https:\/\/windeurope.org\/annual2026\/wp-json\/wp\/v2\/pages"}],"about":[{"href":"https:\/\/windeurope.org\/annual2026\/wp-json\/wp\/v2\/types\/page"}],"author":[{"embeddable":true,"href":"https:\/\/windeurope.org\/annual2026\/wp-json\/wp\/v2\/users\/6"}],"replies":[{"embeddable":true,"href":"https:\/\/windeurope.org\/annual2026\/wp-json\/wp\/v2\/comments?post=725"}],"version-history":[{"count":12,"href":"https:\/\/windeurope.org\/annual2026\/wp-json\/wp\/v2\/pages\/725\/revisions"}],"predecessor-version":[{"id":1100,"href":"https:\/\/windeurope.org\/annual2026\/wp-json\/wp\/v2\/pages\/725\/revisions\/1100"}],"up":[{"embeddable":true,"href":"https:\/\/windeurope.org\/annual2026\/wp-json\/wp\/v2\/pages\/152"}],"wp:attachment":[{"href":"https:\/\/windeurope.org\/annual2026\/wp-json\/wp\/v2\/media?parent=725"}],"wp:term":[{"taxonomy":"category","embeddable":true,"href":"https:\/\/windeurope.org\/annual2026\/wp-json\/wp\/v2\/categories?post=725"},{"taxonomy":"post_tag","embeddable":true,"href":"https:\/\/windeurope.org\/annual2026\/wp-json\/wp\/v2\/tags?post=725"}],"curies":[{"name":"wp","href":"https:\/\/api.w.org\/{rel}","templated":true}]}}