{"id":1712,"date":"2026-03-27T16:45:24","date_gmt":"2026-03-27T15:45:24","guid":{"rendered":"https:\/\/windeurope.org\/annual2026\/?page_id=1712"},"modified":"2026-03-27T16:45:24","modified_gmt":"2026-03-27T15:45:24","slug":"exhibitors-press-releases","status":"publish","type":"page","link":"https:\/\/windeurope.org\/annual2026\/media-and-press\/exhibitors-press-releases\/","title":{"rendered":"Exhibitors&#8217; press releases"},"content":{"rendered":"<section class=\"inner\">\r\n  <p>Get the latest news from our exhibitors below. If you are exhibiting at WindEurope Annual Event 2026 and wish to display your press releases as well, you may do so by logging into the <a href=\"https:\/\/windeurope.org\/annual2026\/exhibition\/exhibitor-zone\/press-services\/\">Exhibitor Zone<\/a>.<\/p>\r\n  <table class=\"exhibitor-press-releases\"><thead><tr><th class=\"organization\">Organisation<\/th><th class=\"stand\">Stand<\/th><th class=\"pr-title\">Press Release title<\/th><th class=\"date\">Date<\/th><\/tr><\/thead><tbody><tr><td class=\"organization\">Gnera Energ\u00eda<\/td><td class=\"stand\">10-H24<\/td><td class=\"pr-title\"><a href=\"https:\/\/windeurope.org\/annual2026\/wp-content\/uploads\/ninja-forms\/3\/Gnera-Energia-desembarca-en-WindEurope-2026-para-situarse-en-el-centro-del-debate-energetico-europeo-Recuperado-automaticamente.pdf\" target=\"_blank\" download>Gnera Energ\u00eda lleva a WindEurope 2026 sus claves para maximizar el valor de la energ\u00eda e\u00f3lica<\/a><\/td><td class=\"date\">2026-04-15 13:22<\/td><\/tr><tr><td class=\"organization\">Bioseco S.A.<\/td><td class=\"stand\">10-J118<\/td><td class=\"pr-title\"><a href=\"https:\/\/windeurope.org\/annual2026\/wp-content\/uploads\/ninja-forms\/3\/Bioseco-Accelerates-Global-Expansion-and-AI-Innovation.pdf\" target=\"_blank\" download>Bioseco Showcases Global Expansion and AI Innovation at WindEurope 2026<\/a><\/td><td class=\"date\">2026-04-13 08:49<\/td><\/tr><tr><td class=\"organization\">Tipspeed<\/td><td class=\"stand\">9-C120<\/td><td class=\"pr-title\"><a href=\"https:\/\/windeurope.org\/annual2026\/wp-content\/uploads\/ninja-forms\/3\/PRESS-RELEASE-Greensolver-x-Tipspeed-partnership-09042026.pdf\" target=\"_blank\" download>Greensolver partners with Tipspeed to strengthen wind farm performance services<\/a><\/td><td class=\"date\">2026-04-10 17:16<\/td><\/tr><tr><td class=\"organization\">WindEurope<\/td><td class=\"stand\">10-E80<\/td><td class=\"pr-title\"><a href=\"https:\/\/windeurope.org\/annual2026\/wp-content\/uploads\/ninja-forms\/3\/Exhibitor-PR-Service.pdf\" target=\"_blank\" download>Exhibitor Press Release service is open<\/a><\/td><td class=\"date\">2026-03-27 17:12<\/td><\/tr><\/tbody><\/table>\r\n<\/section>\r\n","protected":false},"excerpt":{"rendered":"<p>Get the latest news from our exhibitors below. If you are exhibiting at WindEurope Annual Event 2026 and wish to display your press releases as well, you may do so by logging into the Exhibitor Zone.<\/p>\n","protected":false},"author":2,"featured_media":0,"parent":364,"menu_order":0,"comment_status":"closed","ping_status":"closed","template":"","meta":{"footnotes":""},"categories":[],"tags":[],"class_list":["post-1712","page","type-page","status-publish","hentry"],"yoast_head":"<!-- This site is optimized with the Yoast SEO plugin v27.2 - https:\/\/yoast.com\/product\/yoast-seo-wordpress\/ -->\n<title>Exhibitors&#039; press releases | WindEurope Annual Event 2026<\/title>\n<meta name=\"robots\" content=\"index, follow, max-snippet:-1, max-image-preview:large, max-video-preview:-1\" \/>\n<link rel=\"canonical\" href=\"https:\/\/windeurope.org\/annual2026\/media-and-press\/exhibitors-press-releases\/\" \/>\n<meta property=\"og:locale\" content=\"en_US\" \/>\n<meta property=\"og:type\" content=\"article\" \/>\n<meta property=\"og:title\" content=\"Exhibitors&#039; press releases | WindEurope Annual Event 2026\" \/>\n<meta property=\"og:description\" content=\"Get the latest news from our exhibitors below. If you are exhibiting at WindEurope Annual Event 2026 and wish to display your press releases as well, you may do so by logging into the Exhibitor Zone.\" \/>\n<meta property=\"og:url\" content=\"https:\/\/windeurope.org\/annual2026\/media-and-press\/exhibitors-press-releases\/\" \/>\n<meta property=\"og:site_name\" content=\"WindEurope Annual Event 2026\" \/>\n<meta property=\"article:publisher\" content=\"https:\/\/www.facebook.com\/windeurope\/\" \/>\n<meta property=\"og:image\" content=\"https:\/\/windeurope.org\/annual2026\/wp-content\/uploads\/Annual2026-SM-Generic.jpg\" \/>\n\t<meta property=\"og:image:width\" content=\"1200\" \/>\n\t<meta property=\"og:image:height\" content=\"675\" \/>\n\t<meta property=\"og:image:type\" content=\"image\/jpeg\" \/>\n<meta name=\"twitter:card\" content=\"summary_large_image\" \/>\n<meta name=\"twitter:site\" content=\"@windeuropeevent\" \/>\n<script type=\"application\/ld+json\" class=\"yoast-schema-graph\">{\"@context\":\"https:\/\/schema.org\",\"@graph\":[{\"@type\":\"WebPage\",\"@id\":\"https:\/\/windeurope.org\/annual2026\/media-and-press\/exhibitors-press-releases\/\",\"url\":\"https:\/\/windeurope.org\/annual2026\/media-and-press\/exhibitors-press-releases\/\",\"name\":\"Exhibitors' press releases | WindEurope Annual Event 2026\",\"isPartOf\":{\"@id\":\"https:\/\/windeurope.org\/annual2026\/#website\"},\"datePublished\":\"2026-03-27T15:45:24+00:00\",\"breadcrumb\":{\"@id\":\"https:\/\/windeurope.org\/annual2026\/media-and-press\/exhibitors-press-releases\/#breadcrumb\"},\"inLanguage\":\"en-US\",\"potentialAction\":[{\"@type\":\"ReadAction\",\"target\":[\"https:\/\/windeurope.org\/annual2026\/media-and-press\/exhibitors-press-releases\/\"]}]},{\"@type\":\"BreadcrumbList\",\"@id\":\"https:\/\/windeurope.org\/annual2026\/media-and-press\/exhibitors-press-releases\/#breadcrumb\",\"itemListElement\":[{\"@type\":\"ListItem\",\"position\":1,\"name\":\"Home\",\"item\":\"https:\/\/windeurope.org\/annual2026\/\"},{\"@type\":\"ListItem\",\"position\":2,\"name\":\"Media &#038; Press\",\"item\":\"https:\/\/windeurope.org\/annual2026\/media-and-press\/\"},{\"@type\":\"ListItem\",\"position\":3,\"name\":\"Exhibitors&#8217; press releases\"}]},{\"@type\":\"WebSite\",\"@id\":\"https:\/\/windeurope.org\/annual2026\/#website\",\"url\":\"https:\/\/windeurope.org\/annual2026\/\",\"name\":\"WindEurope Annual Event 2026\",\"description\":\"\",\"publisher\":{\"@id\":\"https:\/\/windeurope.org\/annual2026\/#organization\"},\"potentialAction\":[{\"@type\":\"SearchAction\",\"target\":{\"@type\":\"EntryPoint\",\"urlTemplate\":\"https:\/\/windeurope.org\/annual2026\/?s={search_term_string}\"},\"query-input\":{\"@type\":\"PropertyValueSpecification\",\"valueRequired\":true,\"valueName\":\"search_term_string\"}}],\"inLanguage\":\"en-US\"},{\"@type\":\"Organization\",\"@id\":\"https:\/\/windeurope.org\/annual2026\/#organization\",\"name\":\"WindEurope\",\"url\":\"https:\/\/windeurope.org\/annual2026\/\",\"logo\":{\"@type\":\"ImageObject\",\"inLanguage\":\"en-US\",\"@id\":\"https:\/\/windeurope.org\/annual2026\/#\/schema\/logo\/image\/\",\"url\":\"https:\/\/windeurope.org\/annual2026\/wp-content\/uploads\/WindEurope-SQ.jpg\",\"contentUrl\":\"https:\/\/windeurope.org\/annual2026\/wp-content\/uploads\/WindEurope-SQ.jpg\",\"width\":2246,\"height\":2246,\"caption\":\"WindEurope\"},\"image\":{\"@id\":\"https:\/\/windeurope.org\/annual2026\/#\/schema\/logo\/image\/\"},\"sameAs\":[\"https:\/\/www.facebook.com\/windeurope\/\",\"https:\/\/x.com\/windeuropeevent\"]}]}<\/script>\n<!-- \/ Yoast SEO plugin. -->","yoast_head_json":{"title":"Exhibitors' press releases | WindEurope Annual Event 2026","robots":{"index":"index","follow":"follow","max-snippet":"max-snippet:-1","max-image-preview":"max-image-preview:large","max-video-preview":"max-video-preview:-1"},"canonical":"https:\/\/windeurope.org\/annual2026\/media-and-press\/exhibitors-press-releases\/","og_locale":"en_US","og_type":"article","og_title":"Exhibitors' press releases | WindEurope Annual Event 2026","og_description":"Get the latest news from our exhibitors below. If you are exhibiting at WindEurope Annual Event 2026 and wish to display your press releases as well, you may do so by logging into the Exhibitor Zone.","og_url":"https:\/\/windeurope.org\/annual2026\/media-and-press\/exhibitors-press-releases\/","og_site_name":"WindEurope Annual Event 2026","article_publisher":"https:\/\/www.facebook.com\/windeurope\/","og_image":[{"width":1200,"height":675,"url":"https:\/\/windeurope.org\/annual2026\/wp-content\/uploads\/Annual2026-SM-Generic.jpg","type":"image\/jpeg"}],"twitter_card":"summary_large_image","twitter_site":"@windeuropeevent","schema":{"@context":"https:\/\/schema.org","@graph":[{"@type":"WebPage","@id":"https:\/\/windeurope.org\/annual2026\/media-and-press\/exhibitors-press-releases\/","url":"https:\/\/windeurope.org\/annual2026\/media-and-press\/exhibitors-press-releases\/","name":"Exhibitors' press releases | WindEurope Annual Event 2026","isPartOf":{"@id":"https:\/\/windeurope.org\/annual2026\/#website"},"datePublished":"2026-03-27T15:45:24+00:00","breadcrumb":{"@id":"https:\/\/windeurope.org\/annual2026\/media-and-press\/exhibitors-press-releases\/#breadcrumb"},"inLanguage":"en-US","potentialAction":[{"@type":"ReadAction","target":["https:\/\/windeurope.org\/annual2026\/media-and-press\/exhibitors-press-releases\/"]}]},{"@type":"BreadcrumbList","@id":"https:\/\/windeurope.org\/annual2026\/media-and-press\/exhibitors-press-releases\/#breadcrumb","itemListElement":[{"@type":"ListItem","position":1,"name":"Home","item":"https:\/\/windeurope.org\/annual2026\/"},{"@type":"ListItem","position":2,"name":"Media &#038; Press","item":"https:\/\/windeurope.org\/annual2026\/media-and-press\/"},{"@type":"ListItem","position":3,"name":"Exhibitors&#8217; press releases"}]},{"@type":"WebSite","@id":"https:\/\/windeurope.org\/annual2026\/#website","url":"https:\/\/windeurope.org\/annual2026\/","name":"WindEurope Annual Event 2026","description":"","publisher":{"@id":"https:\/\/windeurope.org\/annual2026\/#organization"},"potentialAction":[{"@type":"SearchAction","target":{"@type":"EntryPoint","urlTemplate":"https:\/\/windeurope.org\/annual2026\/?s={search_term_string}"},"query-input":{"@type":"PropertyValueSpecification","valueRequired":true,"valueName":"search_term_string"}}],"inLanguage":"en-US"},{"@type":"Organization","@id":"https:\/\/windeurope.org\/annual2026\/#organization","name":"WindEurope","url":"https:\/\/windeurope.org\/annual2026\/","logo":{"@type":"ImageObject","inLanguage":"en-US","@id":"https:\/\/windeurope.org\/annual2026\/#\/schema\/logo\/image\/","url":"https:\/\/windeurope.org\/annual2026\/wp-content\/uploads\/WindEurope-SQ.jpg","contentUrl":"https:\/\/windeurope.org\/annual2026\/wp-content\/uploads\/WindEurope-SQ.jpg","width":2246,"height":2246,"caption":"WindEurope"},"image":{"@id":"https:\/\/windeurope.org\/annual2026\/#\/schema\/logo\/image\/"},"sameAs":["https:\/\/www.facebook.com\/windeurope\/","https:\/\/x.com\/windeuropeevent"]}]}},"_links":{"self":[{"href":"https:\/\/windeurope.org\/annual2026\/wp-json\/wp\/v2\/pages\/1712","targetHints":{"allow":["GET"]}}],"collection":[{"href":"https:\/\/windeurope.org\/annual2026\/wp-json\/wp\/v2\/pages"}],"about":[{"href":"https:\/\/windeurope.org\/annual2026\/wp-json\/wp\/v2\/types\/page"}],"author":[{"embeddable":true,"href":"https:\/\/windeurope.org\/annual2026\/wp-json\/wp\/v2\/users\/2"}],"replies":[{"embeddable":true,"href":"https:\/\/windeurope.org\/annual2026\/wp-json\/wp\/v2\/comments?post=1712"}],"version-history":[{"count":1,"href":"https:\/\/windeurope.org\/annual2026\/wp-json\/wp\/v2\/pages\/1712\/revisions"}],"predecessor-version":[{"id":1713,"href":"https:\/\/windeurope.org\/annual2026\/wp-json\/wp\/v2\/pages\/1712\/revisions\/1713"}],"up":[{"embeddable":true,"href":"https:\/\/windeurope.org\/annual2026\/wp-json\/wp\/v2\/pages\/364"}],"wp:attachment":[{"href":"https:\/\/windeurope.org\/annual2026\/wp-json\/wp\/v2\/media?parent=1712"}],"wp:term":[{"taxonomy":"category","embeddable":true,"href":"https:\/\/windeurope.org\/annual2026\/wp-json\/wp\/v2\/categories?post=1712"},{"taxonomy":"post_tag","embeddable":true,"href":"https:\/\/windeurope.org\/annual2026\/wp-json\/wp\/v2\/tags?post=1712"}],"curies":[{"name":"wp","href":"https:\/\/api.w.org\/{rel}","templated":true}]}}