{"id":1052,"date":"2026-02-03T11:17:57","date_gmt":"2026-02-03T10:17:57","guid":{"rendered":"https:\/\/windeurope.org\/annual2026\/?page_id=1052"},"modified":"2026-02-25T09:25:51","modified_gmt":"2026-02-25T08:25:51","slug":"gala-dinner","status":"publish","type":"page","link":"https:\/\/windeurope.org\/annual2026\/networking\/gala-dinner\/","title":{"rendered":"Gala Dinner"},"content":{"rendered":"<section class=\"inner networking\">\r\n  <div class=\"row\">\r\n    <div class=\"col-24 col-md-8 m-b-2 a-center\"> <img decoding=\"async\" src=\"https:\/\/windeurope.org\/annual2026\/images\/networking\/gala-dinner.jpg?v=2\" alt=\"Gala Dinner\" class=\"circle\"> <\/div>\r\n    <div class=\"col-24 col-md-16\">\r\n      <h4><strong>When:<\/strong> Wednesday 22 April, 19:30\u201323:00<\/h4>\r\n      <h4> <strong>Where:<\/strong> C\u00edrculo de Bellas Artes, Alcal\u00e1, 42, 28014 Madrid<\/h4>\r\n      <h4><strong>Dress code:<\/strong> Business Attire<\/h4>\r\n      <h4><strong>Open to:<\/strong> Participants with a Gala Dinner Ticket only<\/h4>\r\n    <!--  <div class=\"alert alert-info\" style=\"margin-top: 1em; margin-bottom: 1em; padding:1em;\"> Gala Dinner tickets sold out, join the <a href=\"https:\/\/windeurope.org\/annual2025\/networking\/gala-dinner\/waiting-list\/\">waiting list<\/a>.<\/div> -->\r\n      <p>This year\u2019s Gala Dinner will take place in the elegant 800 m2 Ballroom (level 2) of the C\u00edrculo de Bellas Artes on Wednesday evening. Opened exactly 100 years ago in 1926, the CBA is an elegant mix of classical and modernist architecture with great panoramic views over the city. It\u2019s also the centrepiece for Madrid\u2019s cultural life \u2013 with a lively calendar of exhibitions, concerts, screenings and performances<\/p>\r\n\r\n<p>Guests can look forward to a memorable meal, carefully prepared with seasonal, fresh and local ingredients \u2013 all while in the company of leading figures from the wind energy sector and beyond.<\/p>\r\n\r\n<p>Guests should make their own travel arrangements to and from the venue \u2013 no pre-arranged transport is foreseen.<\/p>\r\n\r\n     <p>The C\u00edrculo de Bellas Artes is located in the heart of Madrid \u2013 at the intersection of Alcal\u00e1 and Gran V\u00eda and a short walk from the Plaza de Cibeles and the Bank of Spain. The closest metro stations are Gran V\u00eda (line 1 and 5), Banco de Espa\u00f1a (line 2) and Sevilla (line 2). There are a number of bus stops in the vicinity as well.<\/p>\r\n\r\n\r\n<hr>\r\n\r\n      <h4>Brought to you by<\/h4>\r\n      <div class=\"logos\">\r\n\t\t <a href=\"https:\/\/www.iberdrola.com\/home?ref=annual2026\" target=\"_blank\" rel=\"noopener noreferrer\" title=\"Find out more\"><img decoding=\"async\" src=\"https:\/\/windeurope.org\/wp-content\/uploads\/images\/logos\/events\/iberdrola-125.svg\" style=\"min-width:250px;\" alt=\"Iberdrola\"><\/a>\r\n\t <\/div>\r\n      \r\n\r\n\r\n  <\/div>\r\n\t  <\/div>\r\n<\/section>\r\n","protected":false},"excerpt":{"rendered":"<p>When: Wednesday 22 April, 19:30\u201323:00 Where: C\u00edrculo de Bellas Artes, Alcal\u00e1, 42, 28014 Madrid Dress code: Business Attire Open to: Participants with a Gala Dinner Ticket only This year\u2019s Gala Dinner will take place in the elegant 800 m2 Ballroom (level 2) of the C\u00edrculo de Bellas Artes on Wednesday evening. Opened exactly 100 years [&hellip;]<\/p>\n","protected":false},"author":6,"featured_media":0,"parent":1036,"menu_order":0,"comment_status":"closed","ping_status":"closed","template":"","meta":{"footnotes":""},"categories":[],"tags":[],"class_list":["post-1052","page","type-page","status-publish","hentry"],"yoast_head":"<!-- This site is optimized with the Yoast SEO plugin v27.2 - https:\/\/yoast.com\/product\/yoast-seo-wordpress\/ -->\n<title>Gala Dinner | WindEurope Annual Event 2026<\/title>\n<meta name=\"robots\" content=\"index, follow, max-snippet:-1, max-image-preview:large, max-video-preview:-1\" \/>\n<link rel=\"canonical\" href=\"https:\/\/windeurope.org\/annual2026\/networking\/gala-dinner\/\" \/>\n<meta property=\"og:locale\" content=\"en_US\" \/>\n<meta property=\"og:type\" content=\"article\" \/>\n<meta property=\"og:title\" content=\"Gala Dinner | WindEurope Annual Event 2026\" \/>\n<meta property=\"og:description\" content=\"When: Wednesday 22 April, 19:30\u201323:00 Where: C\u00edrculo de Bellas Artes, Alcal\u00e1, 42, 28014 Madrid Dress code: Business Attire Open to: Participants with a Gala Dinner Ticket only This year\u2019s Gala Dinner will take place in the elegant 800 m2 Ballroom (level 2) of the C\u00edrculo de Bellas Artes on Wednesday evening. Opened exactly 100 years [&hellip;]\" \/>\n<meta property=\"og:url\" content=\"https:\/\/windeurope.org\/annual2026\/networking\/gala-dinner\/\" \/>\n<meta property=\"og:site_name\" content=\"WindEurope Annual Event 2026\" \/>\n<meta property=\"article:publisher\" content=\"https:\/\/www.facebook.com\/windeurope\/\" \/>\n<meta property=\"article:modified_time\" content=\"2026-02-25T08:25:51+00:00\" \/>\n<meta property=\"og:image\" content=\"https:\/\/windeurope.org\/wp-content\/uploads\/images\/logos\/events\/iberdrola-125.svg\" \/>\n<meta name=\"twitter:card\" content=\"summary_large_image\" \/>\n<meta name=\"twitter:site\" content=\"@windeuropeevent\" \/>\n<meta name=\"twitter:label1\" content=\"Est. reading time\" \/>\n\t<meta name=\"twitter:data1\" content=\"2 minutes\" \/>\n<script type=\"application\/ld+json\" class=\"yoast-schema-graph\">{\"@context\":\"https:\/\/schema.org\",\"@graph\":[{\"@type\":\"WebPage\",\"@id\":\"https:\/\/windeurope.org\/annual2026\/networking\/gala-dinner\/\",\"url\":\"https:\/\/windeurope.org\/annual2026\/networking\/gala-dinner\/\",\"name\":\"Gala Dinner | WindEurope Annual Event 2026\",\"isPartOf\":{\"@id\":\"https:\/\/windeurope.org\/annual2026\/#website\"},\"primaryImageOfPage\":{\"@id\":\"https:\/\/windeurope.org\/annual2026\/networking\/gala-dinner\/#primaryimage\"},\"image\":{\"@id\":\"https:\/\/windeurope.org\/annual2026\/networking\/gala-dinner\/#primaryimage\"},\"thumbnailUrl\":\"https:\/\/windeurope.org\/wp-content\/uploads\/images\/logos\/events\/iberdrola-125.svg\",\"datePublished\":\"2026-02-03T10:17:57+00:00\",\"dateModified\":\"2026-02-25T08:25:51+00:00\",\"breadcrumb\":{\"@id\":\"https:\/\/windeurope.org\/annual2026\/networking\/gala-dinner\/#breadcrumb\"},\"inLanguage\":\"en-US\",\"potentialAction\":[{\"@type\":\"ReadAction\",\"target\":[\"https:\/\/windeurope.org\/annual2026\/networking\/gala-dinner\/\"]}]},{\"@type\":\"ImageObject\",\"inLanguage\":\"en-US\",\"@id\":\"https:\/\/windeurope.org\/annual2026\/networking\/gala-dinner\/#primaryimage\",\"url\":\"https:\/\/windeurope.org\/wp-content\/uploads\/images\/logos\/events\/iberdrola-125.svg\",\"contentUrl\":\"https:\/\/windeurope.org\/wp-content\/uploads\/images\/logos\/events\/iberdrola-125.svg\"},{\"@type\":\"BreadcrumbList\",\"@id\":\"https:\/\/windeurope.org\/annual2026\/networking\/gala-dinner\/#breadcrumb\",\"itemListElement\":[{\"@type\":\"ListItem\",\"position\":1,\"name\":\"Home\",\"item\":\"https:\/\/windeurope.org\/annual2026\/\"},{\"@type\":\"ListItem\",\"position\":2,\"name\":\"Social &amp; Side events\",\"item\":\"https:\/\/windeurope.org\/annual2026\/networking\/\"},{\"@type\":\"ListItem\",\"position\":3,\"name\":\"Gala Dinner\"}]},{\"@type\":\"WebSite\",\"@id\":\"https:\/\/windeurope.org\/annual2026\/#website\",\"url\":\"https:\/\/windeurope.org\/annual2026\/\",\"name\":\"WindEurope Annual Event 2026\",\"description\":\"\",\"publisher\":{\"@id\":\"https:\/\/windeurope.org\/annual2026\/#organization\"},\"potentialAction\":[{\"@type\":\"SearchAction\",\"target\":{\"@type\":\"EntryPoint\",\"urlTemplate\":\"https:\/\/windeurope.org\/annual2026\/?s={search_term_string}\"},\"query-input\":{\"@type\":\"PropertyValueSpecification\",\"valueRequired\":true,\"valueName\":\"search_term_string\"}}],\"inLanguage\":\"en-US\"},{\"@type\":\"Organization\",\"@id\":\"https:\/\/windeurope.org\/annual2026\/#organization\",\"name\":\"WindEurope\",\"url\":\"https:\/\/windeurope.org\/annual2026\/\",\"logo\":{\"@type\":\"ImageObject\",\"inLanguage\":\"en-US\",\"@id\":\"https:\/\/windeurope.org\/annual2026\/#\/schema\/logo\/image\/\",\"url\":\"https:\/\/windeurope.org\/annual2026\/wp-content\/uploads\/WindEurope-SQ.jpg\",\"contentUrl\":\"https:\/\/windeurope.org\/annual2026\/wp-content\/uploads\/WindEurope-SQ.jpg\",\"width\":2246,\"height\":2246,\"caption\":\"WindEurope\"},\"image\":{\"@id\":\"https:\/\/windeurope.org\/annual2026\/#\/schema\/logo\/image\/\"},\"sameAs\":[\"https:\/\/www.facebook.com\/windeurope\/\",\"https:\/\/x.com\/windeuropeevent\"]}]}<\/script>\n<!-- \/ Yoast SEO plugin. -->","yoast_head_json":{"title":"Gala Dinner | WindEurope Annual Event 2026","robots":{"index":"index","follow":"follow","max-snippet":"max-snippet:-1","max-image-preview":"max-image-preview:large","max-video-preview":"max-video-preview:-1"},"canonical":"https:\/\/windeurope.org\/annual2026\/networking\/gala-dinner\/","og_locale":"en_US","og_type":"article","og_title":"Gala Dinner | WindEurope Annual Event 2026","og_description":"When: Wednesday 22 April, 19:30\u201323:00 Where: C\u00edrculo de Bellas Artes, Alcal\u00e1, 42, 28014 Madrid Dress code: Business Attire Open to: Participants with a Gala Dinner Ticket only This year\u2019s Gala Dinner will take place in the elegant 800 m2 Ballroom (level 2) of the C\u00edrculo de Bellas Artes on Wednesday evening. Opened exactly 100 years [&hellip;]","og_url":"https:\/\/windeurope.org\/annual2026\/networking\/gala-dinner\/","og_site_name":"WindEurope Annual Event 2026","article_publisher":"https:\/\/www.facebook.com\/windeurope\/","article_modified_time":"2026-02-25T08:25:51+00:00","og_image":[{"url":"https:\/\/windeurope.org\/wp-content\/uploads\/images\/logos\/events\/iberdrola-125.svg","type":"","width":"","height":""}],"twitter_card":"summary_large_image","twitter_site":"@windeuropeevent","twitter_misc":{"Est. reading time":"2 minutes"},"schema":{"@context":"https:\/\/schema.org","@graph":[{"@type":"WebPage","@id":"https:\/\/windeurope.org\/annual2026\/networking\/gala-dinner\/","url":"https:\/\/windeurope.org\/annual2026\/networking\/gala-dinner\/","name":"Gala Dinner | WindEurope Annual Event 2026","isPartOf":{"@id":"https:\/\/windeurope.org\/annual2026\/#website"},"primaryImageOfPage":{"@id":"https:\/\/windeurope.org\/annual2026\/networking\/gala-dinner\/#primaryimage"},"image":{"@id":"https:\/\/windeurope.org\/annual2026\/networking\/gala-dinner\/#primaryimage"},"thumbnailUrl":"https:\/\/windeurope.org\/wp-content\/uploads\/images\/logos\/events\/iberdrola-125.svg","datePublished":"2026-02-03T10:17:57+00:00","dateModified":"2026-02-25T08:25:51+00:00","breadcrumb":{"@id":"https:\/\/windeurope.org\/annual2026\/networking\/gala-dinner\/#breadcrumb"},"inLanguage":"en-US","potentialAction":[{"@type":"ReadAction","target":["https:\/\/windeurope.org\/annual2026\/networking\/gala-dinner\/"]}]},{"@type":"ImageObject","inLanguage":"en-US","@id":"https:\/\/windeurope.org\/annual2026\/networking\/gala-dinner\/#primaryimage","url":"https:\/\/windeurope.org\/wp-content\/uploads\/images\/logos\/events\/iberdrola-125.svg","contentUrl":"https:\/\/windeurope.org\/wp-content\/uploads\/images\/logos\/events\/iberdrola-125.svg"},{"@type":"BreadcrumbList","@id":"https:\/\/windeurope.org\/annual2026\/networking\/gala-dinner\/#breadcrumb","itemListElement":[{"@type":"ListItem","position":1,"name":"Home","item":"https:\/\/windeurope.org\/annual2026\/"},{"@type":"ListItem","position":2,"name":"Social &amp; Side events","item":"https:\/\/windeurope.org\/annual2026\/networking\/"},{"@type":"ListItem","position":3,"name":"Gala Dinner"}]},{"@type":"WebSite","@id":"https:\/\/windeurope.org\/annual2026\/#website","url":"https:\/\/windeurope.org\/annual2026\/","name":"WindEurope Annual Event 2026","description":"","publisher":{"@id":"https:\/\/windeurope.org\/annual2026\/#organization"},"potentialAction":[{"@type":"SearchAction","target":{"@type":"EntryPoint","urlTemplate":"https:\/\/windeurope.org\/annual2026\/?s={search_term_string}"},"query-input":{"@type":"PropertyValueSpecification","valueRequired":true,"valueName":"search_term_string"}}],"inLanguage":"en-US"},{"@type":"Organization","@id":"https:\/\/windeurope.org\/annual2026\/#organization","name":"WindEurope","url":"https:\/\/windeurope.org\/annual2026\/","logo":{"@type":"ImageObject","inLanguage":"en-US","@id":"https:\/\/windeurope.org\/annual2026\/#\/schema\/logo\/image\/","url":"https:\/\/windeurope.org\/annual2026\/wp-content\/uploads\/WindEurope-SQ.jpg","contentUrl":"https:\/\/windeurope.org\/annual2026\/wp-content\/uploads\/WindEurope-SQ.jpg","width":2246,"height":2246,"caption":"WindEurope"},"image":{"@id":"https:\/\/windeurope.org\/annual2026\/#\/schema\/logo\/image\/"},"sameAs":["https:\/\/www.facebook.com\/windeurope\/","https:\/\/x.com\/windeuropeevent"]}]}},"_links":{"self":[{"href":"https:\/\/windeurope.org\/annual2026\/wp-json\/wp\/v2\/pages\/1052","targetHints":{"allow":["GET"]}}],"collection":[{"href":"https:\/\/windeurope.org\/annual2026\/wp-json\/wp\/v2\/pages"}],"about":[{"href":"https:\/\/windeurope.org\/annual2026\/wp-json\/wp\/v2\/types\/page"}],"author":[{"embeddable":true,"href":"https:\/\/windeurope.org\/annual2026\/wp-json\/wp\/v2\/users\/6"}],"replies":[{"embeddable":true,"href":"https:\/\/windeurope.org\/annual2026\/wp-json\/wp\/v2\/comments?post=1052"}],"version-history":[{"count":8,"href":"https:\/\/windeurope.org\/annual2026\/wp-json\/wp\/v2\/pages\/1052\/revisions"}],"predecessor-version":[{"id":1328,"href":"https:\/\/windeurope.org\/annual2026\/wp-json\/wp\/v2\/pages\/1052\/revisions\/1328"}],"up":[{"embeddable":true,"href":"https:\/\/windeurope.org\/annual2026\/wp-json\/wp\/v2\/pages\/1036"}],"wp:attachment":[{"href":"https:\/\/windeurope.org\/annual2026\/wp-json\/wp\/v2\/media?parent=1052"}],"wp:term":[{"taxonomy":"category","embeddable":true,"href":"https:\/\/windeurope.org\/annual2026\/wp-json\/wp\/v2\/categories?post=1052"},{"taxonomy":"post_tag","embeddable":true,"href":"https:\/\/windeurope.org\/annual2026\/wp-json\/wp\/v2\/tags?post=1052"}],"curies":[{"name":"wp","href":"https:\/\/api.w.org\/{rel}","templated":true}]}}