{"id":1093,"date":"2024-12-16T16:46:21","date_gmt":"2024-12-16T15:46:21","guid":{"rendered":"https:\/\/windeurope.org\/annual2025\/?page_id=1093"},"modified":"2025-03-19T16:04:24","modified_gmt":"2025-03-19T15:04:24","slug":"gala-dinner","status":"publish","type":"page","link":"https:\/\/windeurope.org\/annual2025\/networking\/gala-dinner\/","title":{"rendered":"Gala Dinner"},"content":{"rendered":"<section class=\"inner networking\">\r\n  <div class=\"row\">\r\n    <div class=\"col-24 col-md-8 m-b-2 a-center\"> <img decoding=\"async\" src=\"https:\/\/windeurope.org\/annual2025\/images\/networking\/gala-dinner.jpg\" alt=\"Gala Dinner\" class=\"circle\"> <\/div>\r\n    <div class=\"col-24 col-md-16\">\r\n      <h4><strong>When:<\/strong> Wednesday 9 April, 19:30\u201323:00<\/h4>\r\n      <h4> <strong>Where:<\/strong> <a href=\"https:\/\/www.moltkes.com\/?ref=annual2025\" target=\"_blank\">Moltkes Palae (Moltkes\u2019 Mansion)<\/a> &#8211; Dronningens Tv\u00e6rgade 2, 1302 Copenhagen<\/h4>\r\n      <h4><strong>Dress code:<\/strong> Business Attire<\/h4>\r\n      <h4><strong>Open to:<\/strong> Participants with a Gala Dinner Ticket only<\/h4>\r\n      <div class=\"alert alert-info\" style=\"margin-top: 1em; margin-bottom: 1em; padding:1em;\"> Gala Dinner tickets sold out, join the <a href=\"https:\/\/windeurope.org\/annual2025\/networking\/gala-dinner\/waiting-list\/\">waiting list<\/a>.<\/div>\r\n      <p>This year\u2019s Gala Dinner will take place at the Moltkes Mansion, a historic residence in central Copenhagen. Home to many affluent figures and renovated by the Association of Craftsmen in Copenhagen in the 1930s, the venue is a breathtaking combination of classical style with a modern touch. The main ballroom where the dinner will take place is decorated with handmade stucco by sculptors Thomas Hansen and Edvard Eriksen \u2013 the latter also renowned as the creator of The Little Mermaid on Langelinie.<\/p>\r\n\r\n<p>We look forward to welcoming guests to the Mansion on Wednesday evening, where they can look forward to a memorable meal, carefully prepared with seasonal, fresh and local ingredients. All while in the company of some of the biggest names in the wind industry!<\/p>\r\n\r\n<p>Guests are free to make their own travel arrangements to and from the venue \u2013 no pre-arranged transport is foreseen.<\/p>\r\n\r\n     <p><strong>Directions to the venue by metro or taxi:<\/strong><\/p>\r\n\r\n<ul>\r\n\t<li>By metro from the Bella Center: take M1 towards Vanl\u00f8se. After 5 stops, alight at Kongens Nytorv. The venue is situated 500 m, or a 7-minute walk, from the metro station.<\/li>\r\n\t<li>By taxi from the Bella Center: The journey takes around 20 minutes and costs approximately 300 dkk\/\u20ac40.<\/li>\r\n<\/ul>\r\n\r\n\r\n<hr>\r\n\r\n      <h4>Brought to you by<\/h4>\r\n      <div class=\"logos\">\r\n\t\t <a href=\"https:\/\/gpbaltic.pl\/en\/?ref=annual2025\" target=\"_blank\" rel=\"noopener noreferrer\" title=\"Find out more\"><img decoding=\"async\" src=\"https:\/\/windeurope.org\/wp-content\/uploads\/images\/logos\/events\/gpbaltic.svg\" alt=\"Global Baltics\"><\/a>\r\n\t <\/div>\r\n      \r\n      <p style=\"margin-top:1em;\"><em>Grupa Przemys\u0142owa Baltic (GPB) is a key player in Poland\u2019s offshore energy sector, driving the country\u2019s energy transition. As the holding company of Baltic Operator, Gdansk Shipyard, and Energomonta\u017c-P\u00f3\u0142noc Gdynia, GPB focuses on developing a Polish supply chain for offshore wind, oil, gas, hydrogen, and nuclear projects. With extensive experience in complex steel structures for global clients, GPB leverages its expertise to support the growing offshore industry.<\/em><\/p>\r\n      <p><em>Backed by the Industrial Development Agency, GPB is committed to strengthening Poland\u2019s position in offshore energy through innovation and strategic partnerships.<\/em><\/p>\r\n  <\/div>\r\n\t  <\/div>\r\n<\/section>\r\n","protected":false},"excerpt":{"rendered":"<p>When: Wednesday 9 April, 19:30\u201323:00 Where: Moltkes Palae (Moltkes\u2019 Mansion) &#8211; Dronningens Tv\u00e6rgade 2, 1302 Copenhagen Dress code: Business Attire Open to: Participants with a Gala Dinner Ticket only Gala Dinner tickets sold out, join the waiting list. This year\u2019s Gala Dinner will take place at the Moltkes Mansion, a historic residence in central Copenhagen. [&hellip;]<\/p>\n","protected":false},"author":6,"featured_media":0,"parent":1062,"menu_order":4,"comment_status":"closed","ping_status":"closed","template":"","meta":{"footnotes":""},"categories":[],"tags":[],"class_list":["post-1093","page","type-page","status-publish","hentry"],"yoast_head":"<!-- This site is optimized with the Yoast SEO Premium plugin v23.3 (Yoast SEO v24.8.1) - https:\/\/yoast.com\/wordpress\/plugins\/seo\/ -->\n<title>Gala Dinner - WindEurope Annual Event 2025<\/title>\n<meta name=\"robots\" content=\"index, follow, max-snippet:-1, max-image-preview:large, max-video-preview:-1\" \/>\n<link rel=\"canonical\" href=\"https:\/\/windeurope.org\/annual2025\/networking\/gala-dinner\/\" \/>\n<meta property=\"og:locale\" content=\"en_US\" \/>\n<meta property=\"og:type\" content=\"article\" \/>\n<meta property=\"og:title\" content=\"Gala Dinner\" \/>\n<meta property=\"og:description\" content=\"When: Wednesday 9 April, 19:30\u201323:00 Where: Moltkes Palae (Moltkes\u2019 Mansion) &#8211; Dronningens Tv\u00e6rgade 2, 1302 Copenhagen Dress code: Business Attire Open to: Participants with a Gala Dinner Ticket only Gala Dinner tickets sold out, join the waiting list. This year\u2019s Gala Dinner will take place at the Moltkes Mansion, a historic residence in central Copenhagen. [&hellip;]\" \/>\n<meta property=\"og:url\" content=\"https:\/\/windeurope.org\/annual2025\/networking\/gala-dinner\/\" \/>\n<meta property=\"og:site_name\" content=\"WindEurope Annual Event 2025\" \/>\n<meta property=\"article:modified_time\" content=\"2025-03-19T15:04:24+00:00\" \/>\n<meta property=\"og:image\" content=\"https:\/\/windeurope.org\/wp-content\/uploads\/images\/logos\/events\/gpbaltic.svg\" \/>\n<meta name=\"twitter:card\" content=\"summary_large_image\" \/>\n<meta name=\"twitter:label1\" content=\"Est. reading time\" \/>\n\t<meta name=\"twitter:data1\" content=\"2 minutes\" \/>\n<script type=\"application\/ld+json\" class=\"yoast-schema-graph\">{\"@context\":\"https:\/\/schema.org\",\"@graph\":[{\"@type\":\"WebPage\",\"@id\":\"https:\/\/windeurope.org\/annual2025\/networking\/gala-dinner\/\",\"url\":\"https:\/\/windeurope.org\/annual2025\/networking\/gala-dinner\/\",\"name\":\"Gala Dinner - WindEurope Annual Event 2025\",\"isPartOf\":{\"@id\":\"https:\/\/windeurope.org\/annual2025\/#website\"},\"primaryImageOfPage\":{\"@id\":\"https:\/\/windeurope.org\/annual2025\/networking\/gala-dinner\/#primaryimage\"},\"image\":{\"@id\":\"https:\/\/windeurope.org\/annual2025\/networking\/gala-dinner\/#primaryimage\"},\"thumbnailUrl\":\"https:\/\/windeurope.org\/wp-content\/uploads\/images\/logos\/events\/gpbaltic.svg\",\"datePublished\":\"2024-12-16T15:46:21+00:00\",\"dateModified\":\"2025-03-19T15:04:24+00:00\",\"breadcrumb\":{\"@id\":\"https:\/\/windeurope.org\/annual2025\/networking\/gala-dinner\/#breadcrumb\"},\"inLanguage\":\"en-US\",\"potentialAction\":[{\"@type\":\"ReadAction\",\"target\":[\"https:\/\/windeurope.org\/annual2025\/networking\/gala-dinner\/\"]}]},{\"@type\":\"ImageObject\",\"inLanguage\":\"en-US\",\"@id\":\"https:\/\/windeurope.org\/annual2025\/networking\/gala-dinner\/#primaryimage\",\"url\":\"https:\/\/windeurope.org\/wp-content\/uploads\/images\/logos\/events\/gpbaltic.svg\",\"contentUrl\":\"https:\/\/windeurope.org\/wp-content\/uploads\/images\/logos\/events\/gpbaltic.svg\"},{\"@type\":\"BreadcrumbList\",\"@id\":\"https:\/\/windeurope.org\/annual2025\/networking\/gala-dinner\/#breadcrumb\",\"itemListElement\":[{\"@type\":\"ListItem\",\"position\":1,\"name\":\"Home\",\"item\":\"https:\/\/windeurope.org\/annual2025\/\"},{\"@type\":\"ListItem\",\"position\":2,\"name\":\"Social &amp; Side events\",\"item\":\"https:\/\/windeurope.org\/annual2025\/networking\/\"},{\"@type\":\"ListItem\",\"position\":3,\"name\":\"Gala Dinner\"}]},{\"@type\":\"WebSite\",\"@id\":\"https:\/\/windeurope.org\/annual2025\/#website\",\"url\":\"https:\/\/windeurope.org\/annual2025\/\",\"name\":\"WindEurope Annual Event 2025\",\"description\":\"Scale up, Electrify, Deliver&lt;br&gt;&lt;small&gt;&lt;small&gt;Putting wind at the heart of Europe\u2019s competitiveness&lt;\/small&gt;&lt;\/small&gt;\",\"potentialAction\":[{\"@type\":\"SearchAction\",\"target\":{\"@type\":\"EntryPoint\",\"urlTemplate\":\"https:\/\/windeurope.org\/annual2025\/?s={search_term_string}\"},\"query-input\":{\"@type\":\"PropertyValueSpecification\",\"valueRequired\":true,\"valueName\":\"search_term_string\"}}],\"inLanguage\":\"en-US\"}]}<\/script>\n<!-- \/ Yoast SEO Premium plugin. -->","yoast_head_json":{"title":"Gala Dinner - WindEurope Annual Event 2025","robots":{"index":"index","follow":"follow","max-snippet":"max-snippet:-1","max-image-preview":"max-image-preview:large","max-video-preview":"max-video-preview:-1"},"canonical":"https:\/\/windeurope.org\/annual2025\/networking\/gala-dinner\/","og_locale":"en_US","og_type":"article","og_title":"Gala Dinner","og_description":"When: Wednesday 9 April, 19:30\u201323:00 Where: Moltkes Palae (Moltkes\u2019 Mansion) &#8211; Dronningens Tv\u00e6rgade 2, 1302 Copenhagen Dress code: Business Attire Open to: Participants with a Gala Dinner Ticket only Gala Dinner tickets sold out, join the waiting list. This year\u2019s Gala Dinner will take place at the Moltkes Mansion, a historic residence in central Copenhagen. [&hellip;]","og_url":"https:\/\/windeurope.org\/annual2025\/networking\/gala-dinner\/","og_site_name":"WindEurope Annual Event 2025","article_modified_time":"2025-03-19T15:04:24+00:00","og_image":[{"url":"https:\/\/windeurope.org\/wp-content\/uploads\/images\/logos\/events\/gpbaltic.svg","type":"","width":"","height":""}],"twitter_card":"summary_large_image","twitter_misc":{"Est. reading time":"2 minutes"},"schema":{"@context":"https:\/\/schema.org","@graph":[{"@type":"WebPage","@id":"https:\/\/windeurope.org\/annual2025\/networking\/gala-dinner\/","url":"https:\/\/windeurope.org\/annual2025\/networking\/gala-dinner\/","name":"Gala Dinner - WindEurope Annual Event 2025","isPartOf":{"@id":"https:\/\/windeurope.org\/annual2025\/#website"},"primaryImageOfPage":{"@id":"https:\/\/windeurope.org\/annual2025\/networking\/gala-dinner\/#primaryimage"},"image":{"@id":"https:\/\/windeurope.org\/annual2025\/networking\/gala-dinner\/#primaryimage"},"thumbnailUrl":"https:\/\/windeurope.org\/wp-content\/uploads\/images\/logos\/events\/gpbaltic.svg","datePublished":"2024-12-16T15:46:21+00:00","dateModified":"2025-03-19T15:04:24+00:00","breadcrumb":{"@id":"https:\/\/windeurope.org\/annual2025\/networking\/gala-dinner\/#breadcrumb"},"inLanguage":"en-US","potentialAction":[{"@type":"ReadAction","target":["https:\/\/windeurope.org\/annual2025\/networking\/gala-dinner\/"]}]},{"@type":"ImageObject","inLanguage":"en-US","@id":"https:\/\/windeurope.org\/annual2025\/networking\/gala-dinner\/#primaryimage","url":"https:\/\/windeurope.org\/wp-content\/uploads\/images\/logos\/events\/gpbaltic.svg","contentUrl":"https:\/\/windeurope.org\/wp-content\/uploads\/images\/logos\/events\/gpbaltic.svg"},{"@type":"BreadcrumbList","@id":"https:\/\/windeurope.org\/annual2025\/networking\/gala-dinner\/#breadcrumb","itemListElement":[{"@type":"ListItem","position":1,"name":"Home","item":"https:\/\/windeurope.org\/annual2025\/"},{"@type":"ListItem","position":2,"name":"Social &amp; Side events","item":"https:\/\/windeurope.org\/annual2025\/networking\/"},{"@type":"ListItem","position":3,"name":"Gala Dinner"}]},{"@type":"WebSite","@id":"https:\/\/windeurope.org\/annual2025\/#website","url":"https:\/\/windeurope.org\/annual2025\/","name":"WindEurope Annual Event 2025","description":"Scale up, Electrify, Deliver&lt;br&gt;&lt;small&gt;&lt;small&gt;Putting wind at the heart of Europe\u2019s competitiveness&lt;\/small&gt;&lt;\/small&gt;","potentialAction":[{"@type":"SearchAction","target":{"@type":"EntryPoint","urlTemplate":"https:\/\/windeurope.org\/annual2025\/?s={search_term_string}"},"query-input":{"@type":"PropertyValueSpecification","valueRequired":true,"valueName":"search_term_string"}}],"inLanguage":"en-US"}]}},"_links":{"self":[{"href":"https:\/\/windeurope.org\/annual2025\/wp-json\/wp\/v2\/pages\/1093","targetHints":{"allow":["GET"]}}],"collection":[{"href":"https:\/\/windeurope.org\/annual2025\/wp-json\/wp\/v2\/pages"}],"about":[{"href":"https:\/\/windeurope.org\/annual2025\/wp-json\/wp\/v2\/types\/page"}],"author":[{"embeddable":true,"href":"https:\/\/windeurope.org\/annual2025\/wp-json\/wp\/v2\/users\/6"}],"replies":[{"embeddable":true,"href":"https:\/\/windeurope.org\/annual2025\/wp-json\/wp\/v2\/comments?post=1093"}],"version-history":[{"count":11,"href":"https:\/\/windeurope.org\/annual2025\/wp-json\/wp\/v2\/pages\/1093\/revisions"}],"predecessor-version":[{"id":3122,"href":"https:\/\/windeurope.org\/annual2025\/wp-json\/wp\/v2\/pages\/1093\/revisions\/3122"}],"up":[{"embeddable":true,"href":"https:\/\/windeurope.org\/annual2025\/wp-json\/wp\/v2\/pages\/1062"}],"wp:attachment":[{"href":"https:\/\/windeurope.org\/annual2025\/wp-json\/wp\/v2\/media?parent=1093"}],"wp:term":[{"taxonomy":"category","embeddable":true,"href":"https:\/\/windeurope.org\/annual2025\/wp-json\/wp\/v2\/categories?post=1093"},{"taxonomy":"post_tag","embeddable":true,"href":"https:\/\/windeurope.org\/annual2025\/wp-json\/wp\/v2\/tags?post=1093"}],"curies":[{"name":"wp","href":"https:\/\/api.w.org\/{rel}","templated":true}]}}