{"id":79,"date":"2022-05-09T12:01:34","date_gmt":"2022-05-09T10:01:34","guid":{"rendered":"https:\/\/windeurope.org\/annual2023\/?page_id=79"},"modified":"2023-09-25T10:52:55","modified_gmt":"2023-09-25T08:52:55","slug":"how-to-get-there","status":"publish","type":"page","link":"https:\/\/windeurope.org\/annual2023\/information\/how-to-get-there\/","title":{"rendered":"How to get there"},"content":{"rendered":"<section class=\"inner\">\r\n    <iframe loading=\"lazy\" class=\"m-b-2\" src=\"https:\/\/www.google.com\/maps\/embed?pb=!1m18!1m12!1m3!1d6188.2140974782815!2d12.572254260362591!3d55.63727576057504!2m3!1f0!2f0!3f0!3m2!1i1024!2i768!4f13.1!3m3!1m2!1s0x465254a363269c3d%3A0x61db300fc92fb898!2sBella%20Center!5e0!3m2!1sen!2sbe!4v1583675589195!5m2!1sen!2sbe\" width=\"100%\" height=\"450\" frameborder=\"0\" style=\"border:0;\" allowfullscreen=\"\"><\/iframe>\r\n    <a href=\"\/annual2023\/wp-content\/uploads\/images\/information\/bella-center-venue-overview.gif\" title=\"See full size\"><img decoding=\"async\" class=\"overview \" src=\"https:\/\/windeurope.org\/annual2023\/wp-content\/uploads\/images\/information\/bella-center-venue-overview.gif\" title=\"See full size\" alt=\"Bella Center venue overview\"><\/a>\r\n    <h3>By air<\/h3>\r\n    <p>Bella Center Copenhagen is just a 10 minute taxi ride from Copenhagen Airport (estimated price: DKK 150-200\/ \u20ac 20-27).<\/p>\r\n    <p>A regional train also runs from the airport to Orestad Station. From there, you can travel to the Bella Center station (1 stop on line M1), which is located next to the Bella Center\u2019s east entrance.<\/p>\r\n    <h3>By bus\/metro<\/h3>\r\n    <p>Bus line 30 runs between Vesterport Station (via the central station) and the Bella Center.&nbsp; Bus line 4A runs from Svanem\u00f8llen Station to Sundbyvester Plads via Valby Station and Sj\u00e6l\u00f8r Station.<\/p>\r\n    <p>The metro line M1 runs between Vanl\u00f8se and Vestamager (West Amager).&nbsp; The metro station is located next to the Bella Center\u2019s east entrance.<\/p>\r\n    <div class=\"alert alert-info hide\">\r\n        <h4><b>Get your public transport travel pass and save over 70%<\/b><\/h4>\r\n        <p>Electric City 2021 participants can purchase a Travel Pass which offers unlimited transportation by bus, train and metro in the Greater Copenhagen area for 72,00 kr. (\u20ac 10) for 48 hours, including upon arrival at Copenhagen Airport.<\/p>\r\n        <p>This is 72% cheaper than regular day tickets for public transport in Copenhagen.<\/p>\r\n        <p>The pass can be purchased online via this <a href=\"https:\/\/dinoffentligetransport.dk\/find-og-koeb-billet\/periodebilletter\/travel-pass-english\/conferences\/windeurope-offshore-2019\/?ref=offshore2019\" target=\"_blank\" rel=\"noopener noreferrer\"><strong>link<\/strong><\/a><\/p>\r\n    <\/div>\r\n    <h3>By train<\/h3>\r\n    <p>If you plan on travelling by train, the Bella Center is within reach from Copenhagen Central Station. To get to and from Copenhagen Central Station, you can take the bus line 30, which takes 20-25 minutes. All regional trains also stop at \u00d8restad Station, where you can transfer to the metro to get to Bella Center Copenhagen.<\/p>\r\n    <h3>By car<\/h3>\r\n    <p>The Bella Center is ideally suited for visitors who come by car.&nbsp; It is situated alongside the so-called \u201cAirport Motorway\u201d (E20).&nbsp; The exit to the Bella Center is called \u201cOrestad\u201d (number 19). Up-to-date traffic information can be found at <a href=\"http:\/\/www.trafikken.dk\">www.trafikken.dk<\/a><\/p>\r\n    <p>Parking information can be found here: <a href=\"https:\/\/apcoaparking.apcoa.dk\/pladser\/bellakvarter\/english\/\">https:\/\/apcoaparking.apcoa.dk\/pladser\/bellakvarter\/english<\/a><\/p>\r\n<\/section>","protected":false},"excerpt":{"rendered":"<p>By air Bella Center Copenhagen is just a 10 minute taxi ride from Copenhagen Airport (estimated price: DKK 150-200\/ \u20ac 20-27). A regional train also runs from the airport to Orestad Station. From there, you can travel to the Bella Center station (1 stop on line M1), which is located next to the Bella Center\u2019s [&hellip;]<\/p>\n","protected":false},"author":1,"featured_media":0,"parent":74,"menu_order":3,"comment_status":"closed","ping_status":"closed","template":"","meta":{"footnotes":""},"categories":[],"tags":[],"class_list":["post-79","page","type-page","status-publish","hentry"],"yoast_head":"<!-- This site is optimized with the Yoast SEO plugin v23.3 - https:\/\/yoast.com\/wordpress\/plugins\/seo\/ -->\n<title>How to get there | WindEurope Annual Event 2023<\/title>\n<meta name=\"description\" content=\"New to Copenhagen? Click here for directions to the Bella Center.\" \/>\n<meta name=\"robots\" content=\"index, follow, max-snippet:-1, max-image-preview:large, max-video-preview:-1\" \/>\n<link rel=\"canonical\" href=\"https:\/\/windeurope.org\/annual2023\/information\/how-to-get-there\/\" \/>\n<meta property=\"og:locale\" content=\"en_US\" \/>\n<meta property=\"og:type\" content=\"article\" \/>\n<meta property=\"og:title\" content=\"How to get there | WindEurope Annual Event 2023\" \/>\n<meta property=\"og:description\" content=\"New to Copenhagen? Click here for directions to the Bella Center.\" \/>\n<meta property=\"og:url\" content=\"https:\/\/windeurope.org\/annual2023\/information\/how-to-get-there\/\" \/>\n<meta property=\"og:site_name\" content=\"WindEurope Annual Event 2023\" \/>\n<meta property=\"article:publisher\" content=\"https:\/\/www.facebook.com\/windeurope\" \/>\n<meta property=\"article:modified_time\" content=\"2023-09-25T08:52:55+00:00\" \/>\n<meta property=\"og:image\" content=\"https:\/\/windeurope.org\/annual2023\/wp-content\/uploads\/images\/information\/bella-center-venue-overview.gif\" \/>\n<meta name=\"twitter:card\" content=\"summary_large_image\" \/>\n<meta name=\"twitter:site\" content=\"@windeurope\" \/>\n<meta name=\"twitter:label1\" content=\"Est. reading time\" \/>\n\t<meta name=\"twitter:data1\" content=\"1 minute\" \/>\n<script type=\"application\/ld+json\" class=\"yoast-schema-graph\">{\"@context\":\"https:\/\/schema.org\",\"@graph\":[{\"@type\":\"WebPage\",\"@id\":\"https:\/\/windeurope.org\/annual2023\/information\/how-to-get-there\/\",\"url\":\"https:\/\/windeurope.org\/annual2023\/information\/how-to-get-there\/\",\"name\":\"How to get there | WindEurope Annual Event 2023\",\"isPartOf\":{\"@id\":\"https:\/\/windeurope.org\/annual2023\/#website\"},\"primaryImageOfPage\":{\"@id\":\"https:\/\/windeurope.org\/annual2023\/information\/how-to-get-there\/#primaryimage\"},\"image\":{\"@id\":\"https:\/\/windeurope.org\/annual2023\/information\/how-to-get-there\/#primaryimage\"},\"thumbnailUrl\":\"https:\/\/windeurope.org\/annual2023\/wp-content\/uploads\/images\/information\/bella-center-venue-overview.gif\",\"datePublished\":\"2022-05-09T10:01:34+00:00\",\"dateModified\":\"2023-09-25T08:52:55+00:00\",\"description\":\"New to Copenhagen? Click here for directions to the Bella Center.\",\"breadcrumb\":{\"@id\":\"https:\/\/windeurope.org\/annual2023\/information\/how-to-get-there\/#breadcrumb\"},\"inLanguage\":\"en-US\",\"potentialAction\":[{\"@type\":\"ReadAction\",\"target\":[\"https:\/\/windeurope.org\/annual2023\/information\/how-to-get-there\/\"]}]},{\"@type\":\"ImageObject\",\"inLanguage\":\"en-US\",\"@id\":\"https:\/\/windeurope.org\/annual2023\/information\/how-to-get-there\/#primaryimage\",\"url\":\"https:\/\/windeurope.org\/annual2023\/wp-content\/uploads\/images\/information\/bella-center-venue-overview.gif\",\"contentUrl\":\"https:\/\/windeurope.org\/annual2023\/wp-content\/uploads\/images\/information\/bella-center-venue-overview.gif\"},{\"@type\":\"BreadcrumbList\",\"@id\":\"https:\/\/windeurope.org\/annual2023\/information\/how-to-get-there\/#breadcrumb\",\"itemListElement\":[{\"@type\":\"ListItem\",\"position\":1,\"name\":\"Home\",\"item\":\"https:\/\/windeurope.org\/annual2023\/\"},{\"@type\":\"ListItem\",\"position\":2,\"name\":\"Practical information\",\"item\":\"https:\/\/windeurope.org\/annual2023\/information\/\"},{\"@type\":\"ListItem\",\"position\":3,\"name\":\"How to get there\"}]},{\"@type\":\"WebSite\",\"@id\":\"https:\/\/windeurope.org\/annual2023\/#website\",\"url\":\"https:\/\/windeurope.org\/annual2023\/\",\"name\":\"WindEurope Annual Event 2023\",\"description\":\"Your annual &lt;i&gt;&lt;b&gt;by the industry&lt;br&gt; for the industry&lt;\/b&gt;&lt;\/i&gt; wind energy event\",\"publisher\":{\"@id\":\"https:\/\/windeurope.org\/annual2023\/#organization\"},\"potentialAction\":[{\"@type\":\"SearchAction\",\"target\":{\"@type\":\"EntryPoint\",\"urlTemplate\":\"https:\/\/windeurope.org\/annual2023\/?s={search_term_string}\"},\"query-input\":\"required name=search_term_string\"}],\"inLanguage\":\"en-US\"},{\"@type\":\"Organization\",\"@id\":\"https:\/\/windeurope.org\/annual2023\/#organization\",\"name\":\"WindEurope\",\"url\":\"https:\/\/windeurope.org\/annual2023\/\",\"logo\":{\"@type\":\"ImageObject\",\"inLanguage\":\"en-US\",\"@id\":\"https:\/\/windeurope.org\/annual2023\/#\/schema\/logo\/image\/\",\"url\":\"https:\/\/windeurope.org\/annual2023\/wp-content\/uploads\/WindEurope-SQ.jpg\",\"contentUrl\":\"https:\/\/windeurope.org\/annual2023\/wp-content\/uploads\/WindEurope-SQ.jpg\",\"width\":2246,\"height\":2246,\"caption\":\"WindEurope\"},\"image\":{\"@id\":\"https:\/\/windeurope.org\/annual2023\/#\/schema\/logo\/image\/\"},\"sameAs\":[\"https:\/\/www.facebook.com\/windeurope\",\"https:\/\/x.com\/windeurope\",\"https:\/\/www.instagram.com\/windeurope\",\"https:\/\/www.linkedin.com\/company\/windeurope\",\"https:\/\/www.youtube.com\/c\/windeurope\",\"https:\/\/en.wikipedia.org\/wiki\/WindEurope\"]}]}<\/script>\n<!-- \/ Yoast SEO plugin. -->","yoast_head_json":{"title":"How to get there | WindEurope Annual Event 2023","description":"New to Copenhagen? Click here for directions to the Bella Center.","robots":{"index":"index","follow":"follow","max-snippet":"max-snippet:-1","max-image-preview":"max-image-preview:large","max-video-preview":"max-video-preview:-1"},"canonical":"https:\/\/windeurope.org\/annual2023\/information\/how-to-get-there\/","og_locale":"en_US","og_type":"article","og_title":"How to get there | WindEurope Annual Event 2023","og_description":"New to Copenhagen? Click here for directions to the Bella Center.","og_url":"https:\/\/windeurope.org\/annual2023\/information\/how-to-get-there\/","og_site_name":"WindEurope Annual Event 2023","article_publisher":"https:\/\/www.facebook.com\/windeurope","article_modified_time":"2023-09-25T08:52:55+00:00","og_image":[{"url":"https:\/\/windeurope.org\/annual2023\/wp-content\/uploads\/images\/information\/bella-center-venue-overview.gif"}],"twitter_card":"summary_large_image","twitter_site":"@windeurope","twitter_misc":{"Est. reading time":"1 minute"},"schema":{"@context":"https:\/\/schema.org","@graph":[{"@type":"WebPage","@id":"https:\/\/windeurope.org\/annual2023\/information\/how-to-get-there\/","url":"https:\/\/windeurope.org\/annual2023\/information\/how-to-get-there\/","name":"How to get there | WindEurope Annual Event 2023","isPartOf":{"@id":"https:\/\/windeurope.org\/annual2023\/#website"},"primaryImageOfPage":{"@id":"https:\/\/windeurope.org\/annual2023\/information\/how-to-get-there\/#primaryimage"},"image":{"@id":"https:\/\/windeurope.org\/annual2023\/information\/how-to-get-there\/#primaryimage"},"thumbnailUrl":"https:\/\/windeurope.org\/annual2023\/wp-content\/uploads\/images\/information\/bella-center-venue-overview.gif","datePublished":"2022-05-09T10:01:34+00:00","dateModified":"2023-09-25T08:52:55+00:00","description":"New to Copenhagen? Click here for directions to the Bella Center.","breadcrumb":{"@id":"https:\/\/windeurope.org\/annual2023\/information\/how-to-get-there\/#breadcrumb"},"inLanguage":"en-US","potentialAction":[{"@type":"ReadAction","target":["https:\/\/windeurope.org\/annual2023\/information\/how-to-get-there\/"]}]},{"@type":"ImageObject","inLanguage":"en-US","@id":"https:\/\/windeurope.org\/annual2023\/information\/how-to-get-there\/#primaryimage","url":"https:\/\/windeurope.org\/annual2023\/wp-content\/uploads\/images\/information\/bella-center-venue-overview.gif","contentUrl":"https:\/\/windeurope.org\/annual2023\/wp-content\/uploads\/images\/information\/bella-center-venue-overview.gif"},{"@type":"BreadcrumbList","@id":"https:\/\/windeurope.org\/annual2023\/information\/how-to-get-there\/#breadcrumb","itemListElement":[{"@type":"ListItem","position":1,"name":"Home","item":"https:\/\/windeurope.org\/annual2023\/"},{"@type":"ListItem","position":2,"name":"Practical information","item":"https:\/\/windeurope.org\/annual2023\/information\/"},{"@type":"ListItem","position":3,"name":"How to get there"}]},{"@type":"WebSite","@id":"https:\/\/windeurope.org\/annual2023\/#website","url":"https:\/\/windeurope.org\/annual2023\/","name":"WindEurope Annual Event 2023","description":"Your annual &lt;i&gt;&lt;b&gt;by the industry&lt;br&gt; for the industry&lt;\/b&gt;&lt;\/i&gt; wind energy event","publisher":{"@id":"https:\/\/windeurope.org\/annual2023\/#organization"},"potentialAction":[{"@type":"SearchAction","target":{"@type":"EntryPoint","urlTemplate":"https:\/\/windeurope.org\/annual2023\/?s={search_term_string}"},"query-input":"required name=search_term_string"}],"inLanguage":"en-US"},{"@type":"Organization","@id":"https:\/\/windeurope.org\/annual2023\/#organization","name":"WindEurope","url":"https:\/\/windeurope.org\/annual2023\/","logo":{"@type":"ImageObject","inLanguage":"en-US","@id":"https:\/\/windeurope.org\/annual2023\/#\/schema\/logo\/image\/","url":"https:\/\/windeurope.org\/annual2023\/wp-content\/uploads\/WindEurope-SQ.jpg","contentUrl":"https:\/\/windeurope.org\/annual2023\/wp-content\/uploads\/WindEurope-SQ.jpg","width":2246,"height":2246,"caption":"WindEurope"},"image":{"@id":"https:\/\/windeurope.org\/annual2023\/#\/schema\/logo\/image\/"},"sameAs":["https:\/\/www.facebook.com\/windeurope","https:\/\/x.com\/windeurope","https:\/\/www.instagram.com\/windeurope","https:\/\/www.linkedin.com\/company\/windeurope","https:\/\/www.youtube.com\/c\/windeurope","https:\/\/en.wikipedia.org\/wiki\/WindEurope"]}]}},"_links":{"self":[{"href":"https:\/\/windeurope.org\/annual2023\/wp-json\/wp\/v2\/pages\/79"}],"collection":[{"href":"https:\/\/windeurope.org\/annual2023\/wp-json\/wp\/v2\/pages"}],"about":[{"href":"https:\/\/windeurope.org\/annual2023\/wp-json\/wp\/v2\/types\/page"}],"author":[{"embeddable":true,"href":"https:\/\/windeurope.org\/annual2023\/wp-json\/wp\/v2\/users\/1"}],"replies":[{"embeddable":true,"href":"https:\/\/windeurope.org\/annual2023\/wp-json\/wp\/v2\/comments?post=79"}],"version-history":[{"count":5,"href":"https:\/\/windeurope.org\/annual2023\/wp-json\/wp\/v2\/pages\/79\/revisions"}],"predecessor-version":[{"id":3453,"href":"https:\/\/windeurope.org\/annual2023\/wp-json\/wp\/v2\/pages\/79\/revisions\/3453"}],"up":[{"embeddable":true,"href":"https:\/\/windeurope.org\/annual2023\/wp-json\/wp\/v2\/pages\/74"}],"wp:attachment":[{"href":"https:\/\/windeurope.org\/annual2023\/wp-json\/wp\/v2\/media?parent=79"}],"wp:term":[{"taxonomy":"category","embeddable":true,"href":"https:\/\/windeurope.org\/annual2023\/wp-json\/wp\/v2\/categories?post=79"},{"taxonomy":"post_tag","embeddable":true,"href":"https:\/\/windeurope.org\/annual2023\/wp-json\/wp\/v2\/tags?post=79"}],"curies":[{"name":"wp","href":"https:\/\/api.w.org\/{rel}","templated":true}]}}