{"id":1263,"date":"2023-01-31T11:23:25","date_gmt":"2023-01-31T10:23:25","guid":{"rendered":"https:\/\/windeurope.org\/annual2023\/networking\/gala-dinner\/"},"modified":"2023-02-17T16:23:58","modified_gmt":"2023-02-17T15:23:58","slug":"gala-dinner","status":"publish","type":"page","link":"https:\/\/windeurope.org\/annual2023\/networking\/gala-dinner\/","title":{"rendered":"Gala Dinner"},"content":{"rendered":"<section class=\"inner networking\">\r\n  <div class=\"row\">\r\n    <div class=\"col-24 col-md-8 m-b-2 a-center\"> <img decoding=\"async\" src=\"https:\/\/windeurope.org\/annual2023\/images\/networking\/gala-dinner.jpg\" alt=\"Gala Dinner Copenhagen City Hall\" class=\"circle\"> <\/div>\r\n    <div class=\"col-24 col-md-16\">\r\n      <h4>When: Wednesday 26 April, 19:30-23:00<\/h4>\r\n      <h4> Where: Copenhagen City Hall<\/h4>\r\n      <h4>Dress code: Business attire<\/h4>\r\n      <h4>Open to: Gala Dinner ticket holders<br>(Tickets can be purchased as an add-on during <a href=\"\/annual2023\/registration\/\" rel=\"noopener noreferrer\" target=\"_blank\">registration<\/a>)<\/h4>\r\n<br>\r\n      <p>This event&rsquo;s Gala  Dinner will take place at the Copenhagen City Hall.<\/p>\r\n      <p>The building is  situated on the City Hall Square in central Copenhagen and was built in the  years 1892-1905.<\/p>\r\n      <p>Sponsored by Shell,  guests will experience the culinary delights which Denmark is so renowned for,  in the form of a 3-course dinner, all while being seated alongside some of the  biggest names in the wind industry!<\/p>\r\n      <p>Guests are free to  make their own travel arrangements to and from the dinner, no transport is  foreseen.<\/p>\r\n      <p>How to get to the City Hall by metro or taxi:<\/p>\r\n      <ul style=\"padding-left: 1em;\"><li>To get there by <a href=\"https:\/\/www.google.com\/maps\/dir\/Bella+Center,+Center+Boulevard,+Copenhagen+Municipality,+Denmark\/City+Hall+Square,+Copenhagen,+Denmark\/@55.6605566,12.5450747,13z\/data=!3m1!4b1!4m18!4m17!1m5!1m1!1s0x465254a363269c3d:0x61db300fc92fb898!2m2!1d12.5785788!2d55.63749!1m5!1m1!1s0x4652530dfbdd1e99:0x2717b01caaedfd10!2m2!1d12.5691285!2d55.6759142!2m3!6e0!7e2!8j1574880900!3e3\">metro<\/a>&nbsp;(23  minutes) take M1 Vanl\u00f8se st. After 5 stops, change at Kongens Nytorv and take  M3 via K\u00f8benhavn H for 2 stops, now you have reached your destination (Stop:  R\u00e5dhuspladsen). This stop drops you directly at the City Hall.<\/li>\r\n      <li>A taxi would take around 20 minutes and cost approximately 150 dkk\/\u20ac20.<\/li><\/ul>\r\n<hr>\r\n      <h4>Brought to you by<\/h4>\r\n      <div class=\"logos\">\r\n\t\t <a href=\"https:\/\/www.shell.com\/?ref=annual2023\" target=\"_blank\" rel=\"noopener noreferrer\" style=\"max-width:200px;\"><img decoding=\"async\" src=\"https:\/\/windeurope.org\/wp-content\/uploads\/images\/logos\/events\/shell.svg\" alt=\"Shell\"><\/a>\r\n\t <\/div>\r\n    <\/div>\r\n  <\/div>\r\n<\/section>\r\n","protected":false},"excerpt":{"rendered":"<p>When: Wednesday 26 April, 19:30-23:00 Where: Copenhagen City Hall Dress code: Business attire Open to: Gala Dinner ticket holders(Tickets can be purchased as an add-on during registration) This event&rsquo;s Gala Dinner will take place at the Copenhagen City Hall. The building is situated on the City Hall Square in central Copenhagen and was built in [&hellip;]<\/p>\n","protected":false},"author":4,"featured_media":0,"parent":991,"menu_order":1,"comment_status":"closed","ping_status":"closed","template":"","meta":{"footnotes":""},"categories":[],"tags":[],"class_list":["post-1263","page","type-page","status-publish","hentry"],"yoast_head":"<!-- This site is optimized with the Yoast SEO plugin v23.3 - https:\/\/yoast.com\/wordpress\/plugins\/seo\/ -->\n<title>Gala Dinner | WindEurope Annual Event 2023<\/title>\n<meta name=\"robots\" content=\"index, follow, max-snippet:-1, max-image-preview:large, max-video-preview:-1\" \/>\n<link rel=\"canonical\" href=\"https:\/\/windeurope.org\/annual2023\/networking\/gala-dinner\/\" \/>\n<meta property=\"og:locale\" content=\"en_US\" \/>\n<meta property=\"og:type\" content=\"article\" \/>\n<meta property=\"og:title\" content=\"Gala Dinner | WindEurope Annual Event 2023\" \/>\n<meta property=\"og:description\" content=\"When: Wednesday 26 April, 19:30-23:00 Where: Copenhagen City Hall Dress code: Business attire Open to: Gala Dinner ticket holders(Tickets can be purchased as an add-on during registration) This event&rsquo;s Gala Dinner will take place at the Copenhagen City Hall. The building is situated on the City Hall Square in central Copenhagen and was built in [&hellip;]\" \/>\n<meta property=\"og:url\" content=\"https:\/\/windeurope.org\/annual2023\/networking\/gala-dinner\/\" \/>\n<meta property=\"og:site_name\" content=\"WindEurope Annual Event 2023\" \/>\n<meta property=\"article:publisher\" content=\"https:\/\/www.facebook.com\/windeurope\" \/>\n<meta property=\"article:modified_time\" content=\"2023-02-17T15:23:58+00:00\" \/>\n<meta property=\"og:image\" content=\"https:\/\/windeurope.org\/annual2023\/images\/networking\/gala-dinner.jpg\" \/>\n<meta name=\"twitter:card\" content=\"summary_large_image\" \/>\n<meta name=\"twitter:site\" content=\"@windeurope\" \/>\n<meta name=\"twitter:label1\" content=\"Est. reading time\" \/>\n\t<meta name=\"twitter:data1\" content=\"1 minute\" \/>\n<script type=\"application\/ld+json\" class=\"yoast-schema-graph\">{\"@context\":\"https:\/\/schema.org\",\"@graph\":[{\"@type\":\"WebPage\",\"@id\":\"https:\/\/windeurope.org\/annual2023\/networking\/gala-dinner\/\",\"url\":\"https:\/\/windeurope.org\/annual2023\/networking\/gala-dinner\/\",\"name\":\"Gala Dinner | WindEurope Annual Event 2023\",\"isPartOf\":{\"@id\":\"https:\/\/windeurope.org\/annual2023\/#website\"},\"primaryImageOfPage\":{\"@id\":\"https:\/\/windeurope.org\/annual2023\/networking\/gala-dinner\/#primaryimage\"},\"image\":{\"@id\":\"https:\/\/windeurope.org\/annual2023\/networking\/gala-dinner\/#primaryimage\"},\"thumbnailUrl\":\"https:\/\/windeurope.org\/annual2023\/images\/networking\/gala-dinner.jpg\",\"datePublished\":\"2023-01-31T10:23:25+00:00\",\"dateModified\":\"2023-02-17T15:23:58+00:00\",\"breadcrumb\":{\"@id\":\"https:\/\/windeurope.org\/annual2023\/networking\/gala-dinner\/#breadcrumb\"},\"inLanguage\":\"en-US\",\"potentialAction\":[{\"@type\":\"ReadAction\",\"target\":[\"https:\/\/windeurope.org\/annual2023\/networking\/gala-dinner\/\"]}]},{\"@type\":\"ImageObject\",\"inLanguage\":\"en-US\",\"@id\":\"https:\/\/windeurope.org\/annual2023\/networking\/gala-dinner\/#primaryimage\",\"url\":\"https:\/\/windeurope.org\/annual2023\/images\/networking\/gala-dinner.jpg\",\"contentUrl\":\"https:\/\/windeurope.org\/annual2023\/images\/networking\/gala-dinner.jpg\"},{\"@type\":\"BreadcrumbList\",\"@id\":\"https:\/\/windeurope.org\/annual2023\/networking\/gala-dinner\/#breadcrumb\",\"itemListElement\":[{\"@type\":\"ListItem\",\"position\":1,\"name\":\"Home\",\"item\":\"https:\/\/windeurope.org\/annual2023\/\"},{\"@type\":\"ListItem\",\"position\":2,\"name\":\"Social &#038; Side events\",\"item\":\"https:\/\/windeurope.org\/annual2023\/networking\/\"},{\"@type\":\"ListItem\",\"position\":3,\"name\":\"Gala Dinner\"}]},{\"@type\":\"WebSite\",\"@id\":\"https:\/\/windeurope.org\/annual2023\/#website\",\"url\":\"https:\/\/windeurope.org\/annual2023\/\",\"name\":\"WindEurope Annual Event 2023\",\"description\":\"Your annual &lt;i&gt;&lt;b&gt;by the industry&lt;br&gt; for the industry&lt;\/b&gt;&lt;\/i&gt; wind energy event\",\"publisher\":{\"@id\":\"https:\/\/windeurope.org\/annual2023\/#organization\"},\"potentialAction\":[{\"@type\":\"SearchAction\",\"target\":{\"@type\":\"EntryPoint\",\"urlTemplate\":\"https:\/\/windeurope.org\/annual2023\/?s={search_term_string}\"},\"query-input\":\"required name=search_term_string\"}],\"inLanguage\":\"en-US\"},{\"@type\":\"Organization\",\"@id\":\"https:\/\/windeurope.org\/annual2023\/#organization\",\"name\":\"WindEurope\",\"url\":\"https:\/\/windeurope.org\/annual2023\/\",\"logo\":{\"@type\":\"ImageObject\",\"inLanguage\":\"en-US\",\"@id\":\"https:\/\/windeurope.org\/annual2023\/#\/schema\/logo\/image\/\",\"url\":\"https:\/\/windeurope.org\/annual2023\/wp-content\/uploads\/WindEurope-SQ.jpg\",\"contentUrl\":\"https:\/\/windeurope.org\/annual2023\/wp-content\/uploads\/WindEurope-SQ.jpg\",\"width\":2246,\"height\":2246,\"caption\":\"WindEurope\"},\"image\":{\"@id\":\"https:\/\/windeurope.org\/annual2023\/#\/schema\/logo\/image\/\"},\"sameAs\":[\"https:\/\/www.facebook.com\/windeurope\",\"https:\/\/x.com\/windeurope\",\"https:\/\/www.instagram.com\/windeurope\",\"https:\/\/www.linkedin.com\/company\/windeurope\",\"https:\/\/www.youtube.com\/c\/windeurope\",\"https:\/\/en.wikipedia.org\/wiki\/WindEurope\"]}]}<\/script>\n<!-- \/ Yoast SEO plugin. -->","yoast_head_json":{"title":"Gala Dinner | WindEurope Annual Event 2023","robots":{"index":"index","follow":"follow","max-snippet":"max-snippet:-1","max-image-preview":"max-image-preview:large","max-video-preview":"max-video-preview:-1"},"canonical":"https:\/\/windeurope.org\/annual2023\/networking\/gala-dinner\/","og_locale":"en_US","og_type":"article","og_title":"Gala Dinner | WindEurope Annual Event 2023","og_description":"When: Wednesday 26 April, 19:30-23:00 Where: Copenhagen City Hall Dress code: Business attire Open to: Gala Dinner ticket holders(Tickets can be purchased as an add-on during registration) This event&rsquo;s Gala Dinner will take place at the Copenhagen City Hall. The building is situated on the City Hall Square in central Copenhagen and was built in [&hellip;]","og_url":"https:\/\/windeurope.org\/annual2023\/networking\/gala-dinner\/","og_site_name":"WindEurope Annual Event 2023","article_publisher":"https:\/\/www.facebook.com\/windeurope","article_modified_time":"2023-02-17T15:23:58+00:00","og_image":[{"url":"https:\/\/windeurope.org\/annual2023\/images\/networking\/gala-dinner.jpg"}],"twitter_card":"summary_large_image","twitter_site":"@windeurope","twitter_misc":{"Est. reading time":"1 minute"},"schema":{"@context":"https:\/\/schema.org","@graph":[{"@type":"WebPage","@id":"https:\/\/windeurope.org\/annual2023\/networking\/gala-dinner\/","url":"https:\/\/windeurope.org\/annual2023\/networking\/gala-dinner\/","name":"Gala Dinner | WindEurope Annual Event 2023","isPartOf":{"@id":"https:\/\/windeurope.org\/annual2023\/#website"},"primaryImageOfPage":{"@id":"https:\/\/windeurope.org\/annual2023\/networking\/gala-dinner\/#primaryimage"},"image":{"@id":"https:\/\/windeurope.org\/annual2023\/networking\/gala-dinner\/#primaryimage"},"thumbnailUrl":"https:\/\/windeurope.org\/annual2023\/images\/networking\/gala-dinner.jpg","datePublished":"2023-01-31T10:23:25+00:00","dateModified":"2023-02-17T15:23:58+00:00","breadcrumb":{"@id":"https:\/\/windeurope.org\/annual2023\/networking\/gala-dinner\/#breadcrumb"},"inLanguage":"en-US","potentialAction":[{"@type":"ReadAction","target":["https:\/\/windeurope.org\/annual2023\/networking\/gala-dinner\/"]}]},{"@type":"ImageObject","inLanguage":"en-US","@id":"https:\/\/windeurope.org\/annual2023\/networking\/gala-dinner\/#primaryimage","url":"https:\/\/windeurope.org\/annual2023\/images\/networking\/gala-dinner.jpg","contentUrl":"https:\/\/windeurope.org\/annual2023\/images\/networking\/gala-dinner.jpg"},{"@type":"BreadcrumbList","@id":"https:\/\/windeurope.org\/annual2023\/networking\/gala-dinner\/#breadcrumb","itemListElement":[{"@type":"ListItem","position":1,"name":"Home","item":"https:\/\/windeurope.org\/annual2023\/"},{"@type":"ListItem","position":2,"name":"Social &#038; Side events","item":"https:\/\/windeurope.org\/annual2023\/networking\/"},{"@type":"ListItem","position":3,"name":"Gala Dinner"}]},{"@type":"WebSite","@id":"https:\/\/windeurope.org\/annual2023\/#website","url":"https:\/\/windeurope.org\/annual2023\/","name":"WindEurope Annual Event 2023","description":"Your annual &lt;i&gt;&lt;b&gt;by the industry&lt;br&gt; for the industry&lt;\/b&gt;&lt;\/i&gt; wind energy event","publisher":{"@id":"https:\/\/windeurope.org\/annual2023\/#organization"},"potentialAction":[{"@type":"SearchAction","target":{"@type":"EntryPoint","urlTemplate":"https:\/\/windeurope.org\/annual2023\/?s={search_term_string}"},"query-input":"required name=search_term_string"}],"inLanguage":"en-US"},{"@type":"Organization","@id":"https:\/\/windeurope.org\/annual2023\/#organization","name":"WindEurope","url":"https:\/\/windeurope.org\/annual2023\/","logo":{"@type":"ImageObject","inLanguage":"en-US","@id":"https:\/\/windeurope.org\/annual2023\/#\/schema\/logo\/image\/","url":"https:\/\/windeurope.org\/annual2023\/wp-content\/uploads\/WindEurope-SQ.jpg","contentUrl":"https:\/\/windeurope.org\/annual2023\/wp-content\/uploads\/WindEurope-SQ.jpg","width":2246,"height":2246,"caption":"WindEurope"},"image":{"@id":"https:\/\/windeurope.org\/annual2023\/#\/schema\/logo\/image\/"},"sameAs":["https:\/\/www.facebook.com\/windeurope","https:\/\/x.com\/windeurope","https:\/\/www.instagram.com\/windeurope","https:\/\/www.linkedin.com\/company\/windeurope","https:\/\/www.youtube.com\/c\/windeurope","https:\/\/en.wikipedia.org\/wiki\/WindEurope"]}]}},"_links":{"self":[{"href":"https:\/\/windeurope.org\/annual2023\/wp-json\/wp\/v2\/pages\/1263"}],"collection":[{"href":"https:\/\/windeurope.org\/annual2023\/wp-json\/wp\/v2\/pages"}],"about":[{"href":"https:\/\/windeurope.org\/annual2023\/wp-json\/wp\/v2\/types\/page"}],"author":[{"embeddable":true,"href":"https:\/\/windeurope.org\/annual2023\/wp-json\/wp\/v2\/users\/4"}],"replies":[{"embeddable":true,"href":"https:\/\/windeurope.org\/annual2023\/wp-json\/wp\/v2\/comments?post=1263"}],"version-history":[{"count":14,"href":"https:\/\/windeurope.org\/annual2023\/wp-json\/wp\/v2\/pages\/1263\/revisions"}],"predecessor-version":[{"id":1695,"href":"https:\/\/windeurope.org\/annual2023\/wp-json\/wp\/v2\/pages\/1263\/revisions\/1695"}],"up":[{"embeddable":true,"href":"https:\/\/windeurope.org\/annual2023\/wp-json\/wp\/v2\/pages\/991"}],"wp:attachment":[{"href":"https:\/\/windeurope.org\/annual2023\/wp-json\/wp\/v2\/media?parent=1263"}],"wp:term":[{"taxonomy":"category","embeddable":true,"href":"https:\/\/windeurope.org\/annual2023\/wp-json\/wp\/v2\/categories?post=1263"},{"taxonomy":"post_tag","embeddable":true,"href":"https:\/\/windeurope.org\/annual2023\/wp-json\/wp\/v2\/tags?post=1263"}],"curies":[{"name":"wp","href":"https:\/\/api.w.org\/{rel}","templated":true}]}}