{"id":2651,"date":"2022-03-30T16:59:12","date_gmt":"2022-03-30T14:59:12","guid":{"rendered":"https:\/\/windeurope.org\/annual2022\/networking\/hoja-de-ruta-eolica-marina-y-energias-del-mar-en-espana\/"},"modified":"2022-04-06T09:13:59","modified_gmt":"2022-04-06T07:13:59","slug":"hoja-de-ruta","status":"publish","type":"page","link":"https:\/\/windeurope.org\/annual2022\/networking\/hoja-de-ruta\/","title":{"rendered":"Hoja de Ruta Eolica Marina y Energias del Mar en Espana"},"content":{"rendered":"<section class=\"inner networking\">\r\n<div class=\"row\">\r\n <div class=\"col-24 col-md-8 m-b-2 a-center\">\r\n<img decoding=\"async\" src=\"https:\/\/windeurope.org\/annual2022\/images\/networking\/hoja-de-ruta.jpg\" class=\"circle\">\r\n <\/div>\r\n <div class=\"col-24 col-md-16\">\r\n<h4><strong>When:<\/strong> Thursday 7 April, 12:30-14:00<\/h4>\r\n<h4> <strong>Where:<\/strong> Room 1B, Level 5<\/h4>\r\n<h4> <strong>Open to:<\/strong> <a href=\"\/annual2022\/registration\/\" rel=\"noopener noreferrer\" target=\"_blank\">All registered participants<\/a> with <a href=\"https:\/\/my.atainsights.com\/hoja-de-ruta-eolica-marina-y-energias-del-mar-en-espana\/?ref=Bilbao2022\">additional registration required<\/a><\/h4>\r\n<p>Durante este evento paralelo conoceremos en profundidad, de mano de sus principales impulsores, la &ldquo;Hoja de Ruta para el desarrollo de la E\u00f3lica Marina y de las Energ\u00edas del Mar en Espa\u00f1a&rdquo;. Una Hoja de Ruta que se encuentra en consonancia con la &ldquo;Estrategia de la UE sobre las Energ\u00edas Renovables Marinas&rdquo;, habiendo sido fruto de la participaci\u00f3n de diversos agentes econ\u00f3micos, administraciones y ciudadanos que han aportado sus contribuciones.<\/p>\r\n<p>La Hoja de Ruta se fija el cu\u00e1druple objetivo de que (1) Espa\u00f1a sea un polo de referencia europeo para el desarrollo tecnol\u00f3gico y la innovaci\u00f3n ambiental asociado a las energ\u00edas renovables en el medio marino, (2) Espa\u00f1a sea un referente internacional en capacidades industriales y en el conjunto de la cadena de valor del sector, (3) Impulsar un desarrollo de las renovables marinas compatible y sostenible desde un punto de vista ambiental y social (4) Establecer un marco estatal adecuado para el despliegue ordenado de las renovables marinas. Este despliegue forma parte del conjunto de elementos estrat\u00e9gicos clave en la descarbonizaci\u00f3n de la econom\u00eda espa\u00f1ola, as\u00ed como en otros retos de car\u00e1cter m\u00e1s transversal como la reactivaci\u00f3n econ\u00f3mica tras la crisis sanitaria de la COVID-19, la transici\u00f3n justa, el reto demogr\u00e1fico y la econom\u00eda circular.<\/p>\r\n<p><a href=\"https:\/\/my.atainsights.com\/hoja-de-ruta-eolica-marina-y-energias-del-mar-en-espana\/?ref=Bilbao2022\" target=\"_blank\" class=\"button m-r-1\" rel=\"noopener noreferrer\">Register here<\/a> <a href=\"https:\/\/windeurope.org\/annual2022\/files\/agendas\/Programa-Bilbao-La-Hoja-de-Ruta-de-la-Eolica-Marina.pdf?20220406\" target=\"_blank\" rel=\"noopener noreferrer\" class=\"button\">See the agenda<\/a><\/p>\r\n\r\n<hr>\r\n<h4>Brought to you by<\/h4>\r\n\t <div class=\"logos\">\r\n\t\t<img decoding=\"async\" src=\"https:\/\/windeurope.org\/annual2022\/images\/logos\/organisers\/hoja-de-ruta-logos.svg\" >\r\n\r\n\t <\/div>\r\n\r\n <\/div>\r\n<\/div>\r\n<\/section>","protected":false},"excerpt":{"rendered":"<p>When: Thursday 7 April, 12:30-14:00 Where: Room 1B, Level 5 Open to: All registered participants with additional registration required Durante este evento paralelo conoceremos en profundidad, de mano de sus principales impulsores, la &ldquo;Hoja de Ruta para el desarrollo de la E\u00f3lica Marina y de las Energ\u00edas del Mar en Espa\u00f1a&rdquo;. Una Hoja de Ruta [&hellip;]<\/p>\n","protected":false},"author":4,"featured_media":0,"parent":555,"menu_order":0,"comment_status":"closed","ping_status":"closed","template":"","meta":{"footnotes":""},"categories":[],"tags":[],"class_list":["post-2651","page","type-page","status-publish","hentry"],"yoast_head":"<!-- This site is optimized with the Yoast SEO plugin v23.3 - https:\/\/yoast.com\/wordpress\/plugins\/seo\/ -->\n<title>Hoja de Ruta Eolica Marina y Energias del Mar en Espana - WindEurope Annual Event 2022 in Bilbao<\/title>\n<meta name=\"robots\" content=\"index, follow, max-snippet:-1, max-image-preview:large, max-video-preview:-1\" \/>\n<link rel=\"canonical\" href=\"https:\/\/windeurope.org\/annual2022\/networking\/hoja-de-ruta\/\" \/>\n<meta property=\"og:locale\" content=\"en_US\" \/>\n<meta property=\"og:type\" content=\"article\" \/>\n<meta property=\"og:title\" content=\"Hoja de Ruta Eolica Marina y Energias del Mar en Espana - WindEurope Annual Event 2022 in Bilbao\" \/>\n<meta property=\"og:description\" content=\"When: Thursday 7 April, 12:30-14:00 Where: Room 1B, Level 5 Open to: All registered participants with additional registration required Durante este evento paralelo conoceremos en profundidad, de mano de sus principales impulsores, la &ldquo;Hoja de Ruta para el desarrollo de la E\u00f3lica Marina y de las Energ\u00edas del Mar en Espa\u00f1a&rdquo;. Una Hoja de Ruta [&hellip;]\" \/>\n<meta property=\"og:url\" content=\"https:\/\/windeurope.org\/annual2022\/networking\/hoja-de-ruta\/\" \/>\n<meta property=\"og:site_name\" content=\"WindEurope Annual Event 2022 in Bilbao\" \/>\n<meta property=\"article:publisher\" content=\"https:\/\/www.facebook.com\/windeurope\/\" \/>\n<meta property=\"article:modified_time\" content=\"2022-04-06T07:13:59+00:00\" \/>\n<meta property=\"og:image\" content=\"https:\/\/windeurope.org\/annual2022\/wp-content\/uploads\/Bilbao2022-SM-1200x675-RegisterNow.jpg\" \/>\n\t<meta property=\"og:image:width\" content=\"1200\" \/>\n\t<meta property=\"og:image:height\" content=\"675\" \/>\n\t<meta property=\"og:image:type\" content=\"image\/jpeg\" \/>\n<meta name=\"twitter:card\" content=\"summary_large_image\" \/>\n<meta name=\"twitter:site\" content=\"@windeurope\" \/>\n<meta name=\"twitter:label1\" content=\"Est. reading time\" \/>\n\t<meta name=\"twitter:data1\" content=\"1 minute\" \/>\n<script type=\"application\/ld+json\" class=\"yoast-schema-graph\">{\"@context\":\"https:\/\/schema.org\",\"@graph\":[{\"@type\":\"WebPage\",\"@id\":\"https:\/\/windeurope.org\/annual2022\/networking\/hoja-de-ruta\/\",\"url\":\"https:\/\/windeurope.org\/annual2022\/networking\/hoja-de-ruta\/\",\"name\":\"Hoja de Ruta Eolica Marina y Energias del Mar en Espana - WindEurope Annual Event 2022 in Bilbao\",\"isPartOf\":{\"@id\":\"https:\/\/windeurope.org\/annual2022\/#website\"},\"datePublished\":\"2022-03-30T14:59:12+00:00\",\"dateModified\":\"2022-04-06T07:13:59+00:00\",\"breadcrumb\":{\"@id\":\"https:\/\/windeurope.org\/annual2022\/networking\/hoja-de-ruta\/#breadcrumb\"},\"inLanguage\":\"en-US\",\"potentialAction\":[{\"@type\":\"ReadAction\",\"target\":[\"https:\/\/windeurope.org\/annual2022\/networking\/hoja-de-ruta\/\"]}]},{\"@type\":\"BreadcrumbList\",\"@id\":\"https:\/\/windeurope.org\/annual2022\/networking\/hoja-de-ruta\/#breadcrumb\",\"itemListElement\":[{\"@type\":\"ListItem\",\"position\":1,\"name\":\"Home\",\"item\":\"https:\/\/windeurope.org\/annual2022\/\"},{\"@type\":\"ListItem\",\"position\":2,\"name\":\"Social &#038; Side events\",\"item\":\"https:\/\/windeurope.org\/annual2022\/networking\/\"},{\"@type\":\"ListItem\",\"position\":3,\"name\":\"Hoja de Ruta Eolica Marina y Energias del Mar en Espana\"}]},{\"@type\":\"WebSite\",\"@id\":\"https:\/\/windeurope.org\/annual2022\/#website\",\"url\":\"https:\/\/windeurope.org\/annual2022\/\",\"name\":\"WindEurope Annual Event 2022 in Bilbao\",\"description\":\"Europe needs energy security&lt;br&gt;more than ever\",\"potentialAction\":[{\"@type\":\"SearchAction\",\"target\":{\"@type\":\"EntryPoint\",\"urlTemplate\":\"https:\/\/windeurope.org\/annual2022\/?s={search_term_string}\"},\"query-input\":\"required name=search_term_string\"}],\"inLanguage\":\"en-US\"}]}<\/script>\n<!-- \/ Yoast SEO plugin. -->","yoast_head_json":{"title":"Hoja de Ruta Eolica Marina y Energias del Mar en Espana - WindEurope Annual Event 2022 in Bilbao","robots":{"index":"index","follow":"follow","max-snippet":"max-snippet:-1","max-image-preview":"max-image-preview:large","max-video-preview":"max-video-preview:-1"},"canonical":"https:\/\/windeurope.org\/annual2022\/networking\/hoja-de-ruta\/","og_locale":"en_US","og_type":"article","og_title":"Hoja de Ruta Eolica Marina y Energias del Mar en Espana - WindEurope Annual Event 2022 in Bilbao","og_description":"When: Thursday 7 April, 12:30-14:00 Where: Room 1B, Level 5 Open to: All registered participants with additional registration required Durante este evento paralelo conoceremos en profundidad, de mano de sus principales impulsores, la &ldquo;Hoja de Ruta para el desarrollo de la E\u00f3lica Marina y de las Energ\u00edas del Mar en Espa\u00f1a&rdquo;. Una Hoja de Ruta [&hellip;]","og_url":"https:\/\/windeurope.org\/annual2022\/networking\/hoja-de-ruta\/","og_site_name":"WindEurope Annual Event 2022 in Bilbao","article_publisher":"https:\/\/www.facebook.com\/windeurope\/","article_modified_time":"2022-04-06T07:13:59+00:00","og_image":[{"width":1200,"height":675,"url":"https:\/\/windeurope.org\/annual2022\/wp-content\/uploads\/Bilbao2022-SM-1200x675-RegisterNow.jpg","type":"image\/jpeg"}],"twitter_card":"summary_large_image","twitter_site":"@windeurope","twitter_misc":{"Est. reading time":"1 minute"},"schema":{"@context":"https:\/\/schema.org","@graph":[{"@type":"WebPage","@id":"https:\/\/windeurope.org\/annual2022\/networking\/hoja-de-ruta\/","url":"https:\/\/windeurope.org\/annual2022\/networking\/hoja-de-ruta\/","name":"Hoja de Ruta Eolica Marina y Energias del Mar en Espana - WindEurope Annual Event 2022 in Bilbao","isPartOf":{"@id":"https:\/\/windeurope.org\/annual2022\/#website"},"datePublished":"2022-03-30T14:59:12+00:00","dateModified":"2022-04-06T07:13:59+00:00","breadcrumb":{"@id":"https:\/\/windeurope.org\/annual2022\/networking\/hoja-de-ruta\/#breadcrumb"},"inLanguage":"en-US","potentialAction":[{"@type":"ReadAction","target":["https:\/\/windeurope.org\/annual2022\/networking\/hoja-de-ruta\/"]}]},{"@type":"BreadcrumbList","@id":"https:\/\/windeurope.org\/annual2022\/networking\/hoja-de-ruta\/#breadcrumb","itemListElement":[{"@type":"ListItem","position":1,"name":"Home","item":"https:\/\/windeurope.org\/annual2022\/"},{"@type":"ListItem","position":2,"name":"Social &#038; Side events","item":"https:\/\/windeurope.org\/annual2022\/networking\/"},{"@type":"ListItem","position":3,"name":"Hoja de Ruta Eolica Marina y Energias del Mar en Espana"}]},{"@type":"WebSite","@id":"https:\/\/windeurope.org\/annual2022\/#website","url":"https:\/\/windeurope.org\/annual2022\/","name":"WindEurope Annual Event 2022 in Bilbao","description":"Europe needs energy security&lt;br&gt;more than ever","potentialAction":[{"@type":"SearchAction","target":{"@type":"EntryPoint","urlTemplate":"https:\/\/windeurope.org\/annual2022\/?s={search_term_string}"},"query-input":"required name=search_term_string"}],"inLanguage":"en-US"}]}},"_links":{"self":[{"href":"https:\/\/windeurope.org\/annual2022\/wp-json\/wp\/v2\/pages\/2651"}],"collection":[{"href":"https:\/\/windeurope.org\/annual2022\/wp-json\/wp\/v2\/pages"}],"about":[{"href":"https:\/\/windeurope.org\/annual2022\/wp-json\/wp\/v2\/types\/page"}],"author":[{"embeddable":true,"href":"https:\/\/windeurope.org\/annual2022\/wp-json\/wp\/v2\/users\/4"}],"replies":[{"embeddable":true,"href":"https:\/\/windeurope.org\/annual2022\/wp-json\/wp\/v2\/comments?post=2651"}],"version-history":[{"count":13,"href":"https:\/\/windeurope.org\/annual2022\/wp-json\/wp\/v2\/pages\/2651\/revisions"}],"predecessor-version":[{"id":2909,"href":"https:\/\/windeurope.org\/annual2022\/wp-json\/wp\/v2\/pages\/2651\/revisions\/2909"}],"up":[{"embeddable":true,"href":"https:\/\/windeurope.org\/annual2022\/wp-json\/wp\/v2\/pages\/555"}],"wp:attachment":[{"href":"https:\/\/windeurope.org\/annual2022\/wp-json\/wp\/v2\/media?parent=2651"}],"wp:term":[{"taxonomy":"category","embeddable":true,"href":"https:\/\/windeurope.org\/annual2022\/wp-json\/wp\/v2\/categories?post=2651"},{"taxonomy":"post_tag","embeddable":true,"href":"https:\/\/windeurope.org\/annual2022\/wp-json\/wp\/v2\/tags?post=2651"}],"curies":[{"name":"wp","href":"https:\/\/api.w.org\/{rel}","templated":true}]}}