{"id":2122,"date":"2021-09-24T10:33:53","date_gmt":"2021-09-24T08:33:53","guid":{"rendered":"https:\/\/windeurope.org\/ElectricCity2021\/?page_id=2122"},"modified":"2021-12-13T13:11:03","modified_gmt":"2021-12-13T12:11:03","slug":"gala-dinner","status":"publish","type":"page","link":"https:\/\/windeurope.org\/ElectricCity2021\/networking\/gala-dinner\/","title":{"rendered":"Gala Dinner and Poul la Cour Award"},"content":{"rendered":"<section class=\"inner networking\">\r\n<div class=\"row\">\r\n <div class=\"col-24 col-md-8 m-b-2 a-center\">\r\n<img decoding=\"async\" src=\"https:\/\/windeurope.org\/ElectricCity2021\/images\/networking\/gala-dinner.jpg\" class=\"circle\">\r\n <\/div>\r\n <div class=\"col-24 col-md-16\">\r\n<h4><strong>When:<\/strong> Wednesday 24 November, 19:30\u201322:30<\/h4>\r\n<h4> <strong>Where:<\/strong> Copenhagen City Hall<\/h4>\r\n<h4><strong>Dress code:<\/strong> Business attire <\/h4>\r\n<h4> <strong>Open to:<\/strong> Tickets can be purchased as an add-on during <a href=\"\/ElectricCity2021\/registration\/\">registration<\/a><\/h4>\r\n<p>This event&rsquo;s Gala Dinner will take place at the Copenhagen City Hall. <\/p>\r\n<p> The building is situated on the City Hall Square in central Copenhagen and was built in the years 1892-1905. <\/p>\r\n<p> Guests will experience the culinary delights which Denmark is so renowned for, in the form of a 3-course dinner, all while being seated alongside some of the biggest names in the wind industry!<\/p>\r\n<p><strong>During this dinner, the Poul la Cour Award Ceremony will take place. The winner will be given the Poul la Cour Award for unique and lasting contributions to the development of wind energy in Europe.<\/strong><\/p>\r\n<h4>Getting to the City Hall by metro or with a taxi, we suggest the below:<\/h4>\r\n<p> To get there by <a href=\"https:\/\/www.google.com\/maps\/dir\/Bella+Center,+Center+Boulevard,+Copenhagen+Municipality,+Denmark\/City+Hall+Square,+Copenhagen,+Denmark\/@55.6605566,12.5450747,13z\/data=!3m1!4b1!4m18!4m17!1m5!1m1!1s0x465254a363269c3d:0x61db300fc92fb898!2m2!1d12.5785788!2d55.63749!1m5!1m1!1s0x4652530dfbdd1e99:0x2717b01caaedfd10!2m2!1d12.5691285!2d55.6759142!2m3!6e0!7e2!8j1574880900!3e3\">metro<\/a> (23 minutes) take M1 Vanl\u00f8se st. After 5 stops, change at Kongens Nytorv and take M3 via K\u00f8benhavn H for 2 stops, now you have reached your destination (Stop: R\u00e5dhuspladsen). This stop drops you directly at the City Hall.<\/p>\r\n<p> A taxi would be around 10\u201115 minutes and cost 100 dkk\/\u20ac13.<\/p>\r\n<p> Similarly, guests will be free to make their own transport arrangements after the dinner.\u00a0 <\/p>\r\n<hr>\r\n<h3>Sponsored by:<\/h3>\r\n<a href=\"https:\/\/realport.co\/?ref=ElectricCity2021\" target=\"_blank\" rel=\"noopener noreferrer\"><img decoding=\"async\" class=\"networking logo\" style=\"max-width:250px;\" src=\"https:\/\/windeurope.org\/ElectricCity2021\/images\/logos\/sponsors\/realport.svg\"><\/a>\r\n<p><a href=\"https:\/\/www.awordaboutwind.com\/reports\/equity-recycling?utm_campaign=AWAW%20-%20Virtual%20Products%202021&#038;utm_content=186253187&#038;utm_medium=social&#038;utm_source=linkedin&#038;hss_channel=lcp-1956826#access\" target=\"_blank\" rel=\"noopener noreferrer\">White paper<\/a> on equity recycling from RealPort.<\/p>\r\n<h3>Hosted by:<\/h3>\r\n\t <div class=\"logos\"><a href=\"https:\/\/international.kk.dk\/?ref=ElectricCity2021\" target=\"_blank\" rel=\"noopener noreferrer\"><img decoding=\"async\" src=\"https:\/\/windeurope.org\/ElectricCity2021\/images\/logos\/organisers\/city-of-copenhagen.svg\" alt=\"\"><\/a><a href=\"https:\/\/www.wonderfulcopenhagen.dk\/?ref=ElectricCity2021\" target=\"_blank\" rel=\"noopener noreferrer\"><img decoding=\"async\" src=\"https:\/\/windeurope.org\/ElectricCity2021\/images\/logos\/organisers\/wonderful-copenhagen.svg\" alt=\"\"><\/a><\/div>\r\n <\/div>\r\n<\/div>\r\n<\/section>","protected":false},"excerpt":{"rendered":"<p>When: Wednesday 24 November, 19:30\u201322:30 Where: Copenhagen City Hall Dress code: Business attire Open to: Tickets can be purchased as an add-on during registration This event&rsquo;s Gala Dinner will take place at the Copenhagen City Hall. The building is situated on the City Hall Square in central Copenhagen and was built in the years 1892-1905. [&hellip;]<\/p>\n","protected":false},"author":4,"featured_media":0,"parent":105,"menu_order":0,"comment_status":"closed","ping_status":"closed","template":"","meta":{"footnotes":""},"categories":[],"tags":[],"class_list":["post-2122","page","type-page","status-publish","hentry"],"yoast_head":"<!-- This site is optimized with the Yoast SEO plugin v23.3 - https:\/\/yoast.com\/wordpress\/plugins\/seo\/ -->\n<title>Gala Dinner and Poul la Cour Award | WindEurope Electric City 2021<\/title>\n<meta name=\"robots\" content=\"index, follow, max-snippet:-1, max-image-preview:large, max-video-preview:-1\" \/>\n<link rel=\"canonical\" href=\"https:\/\/windeurope.org\/ElectricCity2021\/networking\/gala-dinner\/\" \/>\n<meta property=\"og:locale\" content=\"en_US\" \/>\n<meta property=\"og:type\" content=\"article\" \/>\n<meta property=\"og:title\" content=\"Gala Dinner and Poul la Cour Award | WindEurope Electric City 2021\" \/>\n<meta property=\"og:description\" content=\"When: Wednesday 24 November, 19:30\u201322:30 Where: Copenhagen City Hall Dress code: Business attire Open to: Tickets can be purchased as an add-on during registration This event&rsquo;s Gala Dinner will take place at the Copenhagen City Hall. The building is situated on the City Hall Square in central Copenhagen and was built in the years 1892-1905. [&hellip;]\" \/>\n<meta property=\"og:url\" content=\"https:\/\/windeurope.org\/ElectricCity2021\/networking\/gala-dinner\/\" \/>\n<meta property=\"og:site_name\" content=\"WindEurope Electric City 2021\" \/>\n<meta property=\"article:modified_time\" content=\"2021-12-13T12:11:03+00:00\" \/>\n<meta property=\"og:image\" content=\"https:\/\/windeurope.org\/ElectricCity2021\/wp-content\/uploads\/EC2021-Register-Now-20210916.png\" \/>\n\t<meta property=\"og:image:width\" content=\"1200\" \/>\n\t<meta property=\"og:image:height\" content=\"600\" \/>\n\t<meta property=\"og:image:type\" content=\"image\/png\" \/>\n<meta name=\"twitter:card\" content=\"summary_large_image\" \/>\n<meta name=\"twitter:label1\" content=\"Est. reading time\" \/>\n\t<meta name=\"twitter:data1\" content=\"1 minute\" \/>\n<script type=\"application\/ld+json\" class=\"yoast-schema-graph\">{\"@context\":\"https:\/\/schema.org\",\"@graph\":[{\"@type\":\"WebPage\",\"@id\":\"https:\/\/windeurope.org\/ElectricCity2021\/networking\/gala-dinner\/\",\"url\":\"https:\/\/windeurope.org\/ElectricCity2021\/networking\/gala-dinner\/\",\"name\":\"Gala Dinner and Poul la Cour Award | WindEurope Electric City 2021\",\"isPartOf\":{\"@id\":\"https:\/\/windeurope.org\/ElectricCity2021\/#website\"},\"datePublished\":\"2021-09-24T08:33:53+00:00\",\"dateModified\":\"2021-12-13T12:11:03+00:00\",\"breadcrumb\":{\"@id\":\"https:\/\/windeurope.org\/ElectricCity2021\/networking\/gala-dinner\/#breadcrumb\"},\"inLanguage\":\"en-US\",\"potentialAction\":[{\"@type\":\"ReadAction\",\"target\":[\"https:\/\/windeurope.org\/ElectricCity2021\/networking\/gala-dinner\/\"]}]},{\"@type\":\"BreadcrumbList\",\"@id\":\"https:\/\/windeurope.org\/ElectricCity2021\/networking\/gala-dinner\/#breadcrumb\",\"itemListElement\":[{\"@type\":\"ListItem\",\"position\":1,\"name\":\"Home\",\"item\":\"https:\/\/windeurope.org\/ElectricCity2021\/\"},{\"@type\":\"ListItem\",\"position\":2,\"name\":\"Social &#038; Side events\",\"item\":\"https:\/\/windeurope.org\/ElectricCity2021\/networking\/\"},{\"@type\":\"ListItem\",\"position\":3,\"name\":\"Gala Dinner and Poul la Cour Award\"}]},{\"@type\":\"WebSite\",\"@id\":\"https:\/\/windeurope.org\/ElectricCity2021\/#website\",\"url\":\"https:\/\/windeurope.org\/ElectricCity2021\/\",\"name\":\"WindEurope Electric City 2021\",\"description\":\"WindEurope&#039;s annual on- and offshore wind energy event\",\"publisher\":{\"@id\":\"https:\/\/windeurope.org\/ElectricCity2021\/#organization\"},\"potentialAction\":[{\"@type\":\"SearchAction\",\"target\":{\"@type\":\"EntryPoint\",\"urlTemplate\":\"https:\/\/windeurope.org\/ElectricCity2021\/?s={search_term_string}\"},\"query-input\":\"required name=search_term_string\"}],\"inLanguage\":\"en-US\"},{\"@type\":\"Organization\",\"@id\":\"https:\/\/windeurope.org\/ElectricCity2021\/#organization\",\"name\":\"WindEurope\",\"url\":\"https:\/\/windeurope.org\/ElectricCity2021\/\",\"logo\":{\"@type\":\"ImageObject\",\"inLanguage\":\"en-US\",\"@id\":\"https:\/\/windeurope.org\/ElectricCity2021\/#\/schema\/logo\/image\/\",\"url\":\"https:\/\/windeurope.org\/ElectricCity2021\/wp-content\/uploads\/WindEurope-SQ.gif\",\"contentUrl\":\"https:\/\/windeurope.org\/ElectricCity2021\/wp-content\/uploads\/WindEurope-SQ.gif\",\"width\":1000,\"height\":1000,\"caption\":\"WindEurope\"},\"image\":{\"@id\":\"https:\/\/windeurope.org\/ElectricCity2021\/#\/schema\/logo\/image\/\"}}]}<\/script>\n<!-- \/ Yoast SEO plugin. -->","yoast_head_json":{"title":"Gala Dinner and Poul la Cour Award | WindEurope Electric City 2021","robots":{"index":"index","follow":"follow","max-snippet":"max-snippet:-1","max-image-preview":"max-image-preview:large","max-video-preview":"max-video-preview:-1"},"canonical":"https:\/\/windeurope.org\/ElectricCity2021\/networking\/gala-dinner\/","og_locale":"en_US","og_type":"article","og_title":"Gala Dinner and Poul la Cour Award | WindEurope Electric City 2021","og_description":"When: Wednesday 24 November, 19:30\u201322:30 Where: Copenhagen City Hall Dress code: Business attire Open to: Tickets can be purchased as an add-on during registration This event&rsquo;s Gala Dinner will take place at the Copenhagen City Hall. The building is situated on the City Hall Square in central Copenhagen and was built in the years 1892-1905. [&hellip;]","og_url":"https:\/\/windeurope.org\/ElectricCity2021\/networking\/gala-dinner\/","og_site_name":"WindEurope Electric City 2021","article_modified_time":"2021-12-13T12:11:03+00:00","og_image":[{"width":1200,"height":600,"url":"https:\/\/windeurope.org\/ElectricCity2021\/wp-content\/uploads\/EC2021-Register-Now-20210916.png","type":"image\/png"}],"twitter_card":"summary_large_image","twitter_misc":{"Est. reading time":"1 minute"},"schema":{"@context":"https:\/\/schema.org","@graph":[{"@type":"WebPage","@id":"https:\/\/windeurope.org\/ElectricCity2021\/networking\/gala-dinner\/","url":"https:\/\/windeurope.org\/ElectricCity2021\/networking\/gala-dinner\/","name":"Gala Dinner and Poul la Cour Award | WindEurope Electric City 2021","isPartOf":{"@id":"https:\/\/windeurope.org\/ElectricCity2021\/#website"},"datePublished":"2021-09-24T08:33:53+00:00","dateModified":"2021-12-13T12:11:03+00:00","breadcrumb":{"@id":"https:\/\/windeurope.org\/ElectricCity2021\/networking\/gala-dinner\/#breadcrumb"},"inLanguage":"en-US","potentialAction":[{"@type":"ReadAction","target":["https:\/\/windeurope.org\/ElectricCity2021\/networking\/gala-dinner\/"]}]},{"@type":"BreadcrumbList","@id":"https:\/\/windeurope.org\/ElectricCity2021\/networking\/gala-dinner\/#breadcrumb","itemListElement":[{"@type":"ListItem","position":1,"name":"Home","item":"https:\/\/windeurope.org\/ElectricCity2021\/"},{"@type":"ListItem","position":2,"name":"Social &#038; Side events","item":"https:\/\/windeurope.org\/ElectricCity2021\/networking\/"},{"@type":"ListItem","position":3,"name":"Gala Dinner and Poul la Cour Award"}]},{"@type":"WebSite","@id":"https:\/\/windeurope.org\/ElectricCity2021\/#website","url":"https:\/\/windeurope.org\/ElectricCity2021\/","name":"WindEurope Electric City 2021","description":"WindEurope&#039;s annual on- and offshore wind energy event","publisher":{"@id":"https:\/\/windeurope.org\/ElectricCity2021\/#organization"},"potentialAction":[{"@type":"SearchAction","target":{"@type":"EntryPoint","urlTemplate":"https:\/\/windeurope.org\/ElectricCity2021\/?s={search_term_string}"},"query-input":"required name=search_term_string"}],"inLanguage":"en-US"},{"@type":"Organization","@id":"https:\/\/windeurope.org\/ElectricCity2021\/#organization","name":"WindEurope","url":"https:\/\/windeurope.org\/ElectricCity2021\/","logo":{"@type":"ImageObject","inLanguage":"en-US","@id":"https:\/\/windeurope.org\/ElectricCity2021\/#\/schema\/logo\/image\/","url":"https:\/\/windeurope.org\/ElectricCity2021\/wp-content\/uploads\/WindEurope-SQ.gif","contentUrl":"https:\/\/windeurope.org\/ElectricCity2021\/wp-content\/uploads\/WindEurope-SQ.gif","width":1000,"height":1000,"caption":"WindEurope"},"image":{"@id":"https:\/\/windeurope.org\/ElectricCity2021\/#\/schema\/logo\/image\/"}}]}},"_links":{"self":[{"href":"https:\/\/windeurope.org\/ElectricCity2021\/wp-json\/wp\/v2\/pages\/2122"}],"collection":[{"href":"https:\/\/windeurope.org\/ElectricCity2021\/wp-json\/wp\/v2\/pages"}],"about":[{"href":"https:\/\/windeurope.org\/ElectricCity2021\/wp-json\/wp\/v2\/types\/page"}],"author":[{"embeddable":true,"href":"https:\/\/windeurope.org\/ElectricCity2021\/wp-json\/wp\/v2\/users\/4"}],"replies":[{"embeddable":true,"href":"https:\/\/windeurope.org\/ElectricCity2021\/wp-json\/wp\/v2\/comments?post=2122"}],"version-history":[{"count":21,"href":"https:\/\/windeurope.org\/ElectricCity2021\/wp-json\/wp\/v2\/pages\/2122\/revisions"}],"predecessor-version":[{"id":4047,"href":"https:\/\/windeurope.org\/ElectricCity2021\/wp-json\/wp\/v2\/pages\/2122\/revisions\/4047"}],"up":[{"embeddable":true,"href":"https:\/\/windeurope.org\/ElectricCity2021\/wp-json\/wp\/v2\/pages\/105"}],"wp:attachment":[{"href":"https:\/\/windeurope.org\/ElectricCity2021\/wp-json\/wp\/v2\/media?parent=2122"}],"wp:term":[{"taxonomy":"category","embeddable":true,"href":"https:\/\/windeurope.org\/ElectricCity2021\/wp-json\/wp\/v2\/categories?post=2122"},{"taxonomy":"post_tag","embeddable":true,"href":"https:\/\/windeurope.org\/ElectricCity2021\/wp-json\/wp\/v2\/tags?post=2122"}],"curies":[{"name":"wp","href":"https:\/\/api.w.org\/{rel}","templated":true}]}}