{"id":111,"date":"2020-01-16T17:27:36","date_gmt":"2020-01-16T16:27:36","guid":{"rendered":"https:\/\/windeurope.org\/ElectricCity2021\/information\/how-to-get-there\/"},"modified":"2021-11-21T22:15:28","modified_gmt":"2021-11-21T21:15:28","slug":"how-to-get-there","status":"publish","type":"page","link":"https:\/\/windeurope.org\/ElectricCity2021\/information\/how-to-get-there\/","title":{"rendered":"How to get there"},"content":{"rendered":"<section class=\"inner\">\r\n<iframe loading=\"lazy\" class=\"m-b-2\" src=\"https:\/\/www.google.com\/maps\/embed?pb=!1m18!1m12!1m3!1d6188.2140974782815!2d12.572254260362591!3d55.63727576057504!2m3!1f0!2f0!3f0!3m2!1i1024!2i768!4f13.1!3m3!1m2!1s0x465254a363269c3d%3A0x61db300fc92fb898!2sBella%20Center!5e0!3m2!1sen!2sbe!4v1583675589195!5m2!1sen!2sbe\" width=\"100%\" height=\"450\" frameborder=\"0\" style=\"border:0;\" allowfullscreen=\"\"><\/iframe>\r\n<a href=\"https:\/\/windeurope.org\/ElectricCity2021\/images\/exhibition\/electric-city-venue-overview-2.gif\" title=\"See full size\"><img decoding=\"async\" class=\"overview \" src=\"https:\/\/windeurope.org\/ElectricCity2021\/images\/exhibition\/electric-city-venue-overview-2.gif\" title=\"See full size\" alt=\"Electric City 2021 venue overview\"><\/a>\r\n<h3>By air<\/h3>\r\n<p> Bella Center Copenhagen is just a 10  minute taxi ride from Copenhagen Airport (estimated price: DKK 150-200\/ \u20ac  20-27).<\/p>\r\n<p> A regional train also runs from the airport to Orestad Station. From there, you  can travel to the Bella Center station (1 stop on line M1), which is located  next to the Bella Center&rsquo;s east entrance. <\/p>\r\n<h3>By Bus\/Metro<\/h3>\r\n<p>Bus line 30 runs between Vesterport  Station (via the central station) and the Bella Center.&nbsp; Bus line 4A runs  from Svanem\u00f8llen Station to Sundbyvester Plads via Valby Station and Sj\u00e6l\u00f8r  Station.<\/p>\r\n<p> The metro line M1 runs between Vanl\u00f8se  and Vestamager (West Amager).&nbsp; The metro station is located next to the  Bella Center&rsquo;s east entrance.<\/p>\r\n<div class=\"alert alert-info hide\">\r\n<h4><b>Get your public transport travel pass and save over 70%<\/b><\/h4>\r\n  <p>Electric City 2021 participants can purchase a Travel Pass which offers unlimited transportation by bus, train and metro in the Greater Copenhagen area for 72,00 kr. (\u20ac 10) for 48 hours, including upon arrival at Copenhagen Airport. <\/p>\r\n  <p>This is 72% cheaper than regular day tickets for public transport in Copenhagen.    <\/p>\r\n  <p>The pass can be purchased online via this <a href=\"https:\/\/dinoffentligetransport.dk\/find-og-koeb-billet\/periodebilletter\/travel-pass-english\/conferences\/windeurope-offshore-2019\/?ref=offshore2019\" target=\"_blank\" rel=\"noopener noreferrer\"><strong>link<\/strong><\/a><\/p>\r\n<\/div>\r\n<h3>  By Train<\/h3>\r\n<p> If you plan on travelling by train,  the Bella Center is within reach from Copenhagen Central Station. To  get to and from Copenhagen Central Station, you can take the bus line 30, which  takes 20-25 minutes. All regional trains also stop at \u00d8restad Station, where  you can transfer to the metro to get to Bella Center Copenhagen.<\/p>\r\n<h3>By Car<\/h3>\r\n<p> The Bella Center is ideally suited for  visitors who come by car.&nbsp; It is situated alongside the so-called &ldquo;Airport  Motorway&rdquo; (E20).&nbsp; The exit to the Bella Center is called &ldquo;Orestad&rdquo; (number  19). Up-to-date traffic information can be found at <a href=\"http:\/\/www.trafikken.dk\">www.trafikken.dk<\/a><\/p><p>Parking information can be found here: <a href=\"https:\/\/apcoaparking.apcoa.dk\/pladser\/bellakvarter\/english\/\">https:\/\/apcoaparking.apcoa.dk\/pladser\/bellakvarter\/english<\/a><\/p>\r\n<\/section>","protected":false},"excerpt":{"rendered":"<p>By air Bella Center Copenhagen is just a 10 minute taxi ride from Copenhagen Airport (estimated price: DKK 150-200\/ \u20ac 20-27). A regional train also runs from the airport to Orestad Station. From there, you can travel to the Bella Center station (1 stop on line M1), which is located next to the Bella Center&rsquo;s [&hellip;]<\/p>\n","protected":false},"author":4,"featured_media":0,"parent":94,"menu_order":8,"comment_status":"closed","ping_status":"closed","template":"","meta":{"footnotes":""},"categories":[],"tags":[],"class_list":["post-111","page","type-page","status-publish","hentry"],"yoast_head":"<!-- This site is optimized with the Yoast SEO plugin v23.3 - https:\/\/yoast.com\/wordpress\/plugins\/seo\/ -->\n<title>How to get there | WindEurope Electric City 2021<\/title>\n<meta name=\"robots\" content=\"index, follow, max-snippet:-1, max-image-preview:large, max-video-preview:-1\" \/>\n<link rel=\"canonical\" href=\"https:\/\/windeurope.org\/ElectricCity2021\/information\/how-to-get-there\/\" \/>\n<meta property=\"og:locale\" content=\"en_US\" \/>\n<meta property=\"og:type\" content=\"article\" \/>\n<meta property=\"og:title\" content=\"How to get there | WindEurope Electric City 2021\" \/>\n<meta property=\"og:description\" content=\"By air Bella Center Copenhagen is just a 10 minute taxi ride from Copenhagen Airport (estimated price: DKK 150-200\/ \u20ac 20-27). A regional train also runs from the airport to Orestad Station. From there, you can travel to the Bella Center station (1 stop on line M1), which is located next to the Bella Center&rsquo;s [&hellip;]\" \/>\n<meta property=\"og:url\" content=\"https:\/\/windeurope.org\/ElectricCity2021\/information\/how-to-get-there\/\" \/>\n<meta property=\"og:site_name\" content=\"WindEurope Electric City 2021\" \/>\n<meta property=\"article:modified_time\" content=\"2021-11-21T21:15:28+00:00\" \/>\n<meta property=\"og:image\" content=\"https:\/\/windeurope.org\/ElectricCity2021\/wp-content\/uploads\/EC2021-Register-Now-20210916.png\" \/>\n\t<meta property=\"og:image:width\" content=\"1200\" \/>\n\t<meta property=\"og:image:height\" content=\"600\" \/>\n\t<meta property=\"og:image:type\" content=\"image\/png\" \/>\n<meta name=\"twitter:card\" content=\"summary_large_image\" \/>\n<meta name=\"twitter:label1\" content=\"Est. reading time\" \/>\n\t<meta name=\"twitter:data1\" content=\"2 minutes\" \/>\n<script type=\"application\/ld+json\" class=\"yoast-schema-graph\">{\"@context\":\"https:\/\/schema.org\",\"@graph\":[{\"@type\":\"WebPage\",\"@id\":\"https:\/\/windeurope.org\/ElectricCity2021\/information\/how-to-get-there\/\",\"url\":\"https:\/\/windeurope.org\/ElectricCity2021\/information\/how-to-get-there\/\",\"name\":\"How to get there | WindEurope Electric City 2021\",\"isPartOf\":{\"@id\":\"https:\/\/windeurope.org\/ElectricCity2021\/#website\"},\"datePublished\":\"2020-01-16T16:27:36+00:00\",\"dateModified\":\"2021-11-21T21:15:28+00:00\",\"breadcrumb\":{\"@id\":\"https:\/\/windeurope.org\/ElectricCity2021\/information\/how-to-get-there\/#breadcrumb\"},\"inLanguage\":\"en-US\",\"potentialAction\":[{\"@type\":\"ReadAction\",\"target\":[\"https:\/\/windeurope.org\/ElectricCity2021\/information\/how-to-get-there\/\"]}]},{\"@type\":\"BreadcrumbList\",\"@id\":\"https:\/\/windeurope.org\/ElectricCity2021\/information\/how-to-get-there\/#breadcrumb\",\"itemListElement\":[{\"@type\":\"ListItem\",\"position\":1,\"name\":\"Home\",\"item\":\"https:\/\/windeurope.org\/ElectricCity2021\/\"},{\"@type\":\"ListItem\",\"position\":2,\"name\":\"Practical Information\",\"item\":\"https:\/\/windeurope.org\/ElectricCity2021\/information\/\"},{\"@type\":\"ListItem\",\"position\":3,\"name\":\"How to get there\"}]},{\"@type\":\"WebSite\",\"@id\":\"https:\/\/windeurope.org\/ElectricCity2021\/#website\",\"url\":\"https:\/\/windeurope.org\/ElectricCity2021\/\",\"name\":\"WindEurope Electric City 2021\",\"description\":\"WindEurope&#039;s annual on- and offshore wind energy event\",\"publisher\":{\"@id\":\"https:\/\/windeurope.org\/ElectricCity2021\/#organization\"},\"potentialAction\":[{\"@type\":\"SearchAction\",\"target\":{\"@type\":\"EntryPoint\",\"urlTemplate\":\"https:\/\/windeurope.org\/ElectricCity2021\/?s={search_term_string}\"},\"query-input\":\"required name=search_term_string\"}],\"inLanguage\":\"en-US\"},{\"@type\":\"Organization\",\"@id\":\"https:\/\/windeurope.org\/ElectricCity2021\/#organization\",\"name\":\"WindEurope\",\"url\":\"https:\/\/windeurope.org\/ElectricCity2021\/\",\"logo\":{\"@type\":\"ImageObject\",\"inLanguage\":\"en-US\",\"@id\":\"https:\/\/windeurope.org\/ElectricCity2021\/#\/schema\/logo\/image\/\",\"url\":\"https:\/\/windeurope.org\/ElectricCity2021\/wp-content\/uploads\/WindEurope-SQ.gif\",\"contentUrl\":\"https:\/\/windeurope.org\/ElectricCity2021\/wp-content\/uploads\/WindEurope-SQ.gif\",\"width\":1000,\"height\":1000,\"caption\":\"WindEurope\"},\"image\":{\"@id\":\"https:\/\/windeurope.org\/ElectricCity2021\/#\/schema\/logo\/image\/\"}}]}<\/script>\n<!-- \/ Yoast SEO plugin. -->","yoast_head_json":{"title":"How to get there | WindEurope Electric City 2021","robots":{"index":"index","follow":"follow","max-snippet":"max-snippet:-1","max-image-preview":"max-image-preview:large","max-video-preview":"max-video-preview:-1"},"canonical":"https:\/\/windeurope.org\/ElectricCity2021\/information\/how-to-get-there\/","og_locale":"en_US","og_type":"article","og_title":"How to get there | WindEurope Electric City 2021","og_description":"By air Bella Center Copenhagen is just a 10 minute taxi ride from Copenhagen Airport (estimated price: DKK 150-200\/ \u20ac 20-27). A regional train also runs from the airport to Orestad Station. From there, you can travel to the Bella Center station (1 stop on line M1), which is located next to the Bella Center&rsquo;s [&hellip;]","og_url":"https:\/\/windeurope.org\/ElectricCity2021\/information\/how-to-get-there\/","og_site_name":"WindEurope Electric City 2021","article_modified_time":"2021-11-21T21:15:28+00:00","og_image":[{"width":1200,"height":600,"url":"https:\/\/windeurope.org\/ElectricCity2021\/wp-content\/uploads\/EC2021-Register-Now-20210916.png","type":"image\/png"}],"twitter_card":"summary_large_image","twitter_misc":{"Est. reading time":"2 minutes"},"schema":{"@context":"https:\/\/schema.org","@graph":[{"@type":"WebPage","@id":"https:\/\/windeurope.org\/ElectricCity2021\/information\/how-to-get-there\/","url":"https:\/\/windeurope.org\/ElectricCity2021\/information\/how-to-get-there\/","name":"How to get there | WindEurope Electric City 2021","isPartOf":{"@id":"https:\/\/windeurope.org\/ElectricCity2021\/#website"},"datePublished":"2020-01-16T16:27:36+00:00","dateModified":"2021-11-21T21:15:28+00:00","breadcrumb":{"@id":"https:\/\/windeurope.org\/ElectricCity2021\/information\/how-to-get-there\/#breadcrumb"},"inLanguage":"en-US","potentialAction":[{"@type":"ReadAction","target":["https:\/\/windeurope.org\/ElectricCity2021\/information\/how-to-get-there\/"]}]},{"@type":"BreadcrumbList","@id":"https:\/\/windeurope.org\/ElectricCity2021\/information\/how-to-get-there\/#breadcrumb","itemListElement":[{"@type":"ListItem","position":1,"name":"Home","item":"https:\/\/windeurope.org\/ElectricCity2021\/"},{"@type":"ListItem","position":2,"name":"Practical Information","item":"https:\/\/windeurope.org\/ElectricCity2021\/information\/"},{"@type":"ListItem","position":3,"name":"How to get there"}]},{"@type":"WebSite","@id":"https:\/\/windeurope.org\/ElectricCity2021\/#website","url":"https:\/\/windeurope.org\/ElectricCity2021\/","name":"WindEurope Electric City 2021","description":"WindEurope&#039;s annual on- and offshore wind energy event","publisher":{"@id":"https:\/\/windeurope.org\/ElectricCity2021\/#organization"},"potentialAction":[{"@type":"SearchAction","target":{"@type":"EntryPoint","urlTemplate":"https:\/\/windeurope.org\/ElectricCity2021\/?s={search_term_string}"},"query-input":"required name=search_term_string"}],"inLanguage":"en-US"},{"@type":"Organization","@id":"https:\/\/windeurope.org\/ElectricCity2021\/#organization","name":"WindEurope","url":"https:\/\/windeurope.org\/ElectricCity2021\/","logo":{"@type":"ImageObject","inLanguage":"en-US","@id":"https:\/\/windeurope.org\/ElectricCity2021\/#\/schema\/logo\/image\/","url":"https:\/\/windeurope.org\/ElectricCity2021\/wp-content\/uploads\/WindEurope-SQ.gif","contentUrl":"https:\/\/windeurope.org\/ElectricCity2021\/wp-content\/uploads\/WindEurope-SQ.gif","width":1000,"height":1000,"caption":"WindEurope"},"image":{"@id":"https:\/\/windeurope.org\/ElectricCity2021\/#\/schema\/logo\/image\/"}}]}},"_links":{"self":[{"href":"https:\/\/windeurope.org\/ElectricCity2021\/wp-json\/wp\/v2\/pages\/111"}],"collection":[{"href":"https:\/\/windeurope.org\/ElectricCity2021\/wp-json\/wp\/v2\/pages"}],"about":[{"href":"https:\/\/windeurope.org\/ElectricCity2021\/wp-json\/wp\/v2\/types\/page"}],"author":[{"embeddable":true,"href":"https:\/\/windeurope.org\/ElectricCity2021\/wp-json\/wp\/v2\/users\/4"}],"replies":[{"embeddable":true,"href":"https:\/\/windeurope.org\/ElectricCity2021\/wp-json\/wp\/v2\/comments?post=111"}],"version-history":[{"count":15,"href":"https:\/\/windeurope.org\/ElectricCity2021\/wp-json\/wp\/v2\/pages\/111\/revisions"}],"predecessor-version":[{"id":3872,"href":"https:\/\/windeurope.org\/ElectricCity2021\/wp-json\/wp\/v2\/pages\/111\/revisions\/3872"}],"up":[{"embeddable":true,"href":"https:\/\/windeurope.org\/ElectricCity2021\/wp-json\/wp\/v2\/pages\/94"}],"wp:attachment":[{"href":"https:\/\/windeurope.org\/ElectricCity2021\/wp-json\/wp\/v2\/media?parent=111"}],"wp:term":[{"taxonomy":"category","embeddable":true,"href":"https:\/\/windeurope.org\/ElectricCity2021\/wp-json\/wp\/v2\/categories?post=111"},{"taxonomy":"post_tag","embeddable":true,"href":"https:\/\/windeurope.org\/ElectricCity2021\/wp-json\/wp\/v2\/tags?post=111"}],"curies":[{"name":"wp","href":"https:\/\/api.w.org\/{rel}","templated":true}]}}